{"id":3921,"date":"2024-11-19T11:02:14","date_gmt":"2024-11-19T11:02:14","guid":{"rendered":"https:\/\/www.kutahyaosb.org.tr\/last\/home\/?page_id=3921"},"modified":"2024-11-28T13:41:25","modified_gmt":"2024-11-28T13:41:25","slug":"guvenlik","status":"publish","type":"page","link":"https:\/\/www.kutahyaosb.org.tr\/last\/home\/guvenlik\/","title":{"rendered":"G\u00fcvenlik"},"content":{"rendered":"\t\t<div data-elementor-type=\"wp-page\" data-elementor-id=\"3921\" class=\"elementor elementor-3921\">\n\t\t\t\t<div class=\"elementor-element elementor-element-ba80572 e-flex e-con-boxed e-con e-parent\" data-id=\"ba80572\" data-element_type=\"container\">\n\t\t\t\t\t<div class=\"e-con-inner\">\n\t\t\t\t<div class=\"elementor-element elementor-element-2f86620 elementor-widget elementor-widget-spacer\" data-id=\"2f86620\" data-element_type=\"widget\" data-widget_type=\"spacer.default\">\n\t\t\t\t<div class=\"elementor-widget-container\">\n\t\t\t\t\t\t\t<div class=\"elementor-spacer\">\n\t\t\t<div class=\"elementor-spacer-inner\"><\/div>\n\t\t<\/div>\n\t\t\t\t\t\t<\/div>\n\t\t\t\t<\/div>\n\t\t\t\t\t<\/div>\n\t\t\t\t<\/div>\n\t\t<div class=\"elementor-element elementor-element-59d0ed5 e-flex e-con-boxed e-con e-parent\" data-id=\"59d0ed5\" data-element_type=\"container\">\n\t\t\t\t\t<div class=\"e-con-inner\">\n\t\t\t\t<div class=\"elementor-element elementor-element-68f9495 elementor-widget elementor-widget-ct_heading\" data-id=\"68f9495\" data-element_type=\"widget\" data-widget_type=\"ct_heading.default\">\n\t\t\t\t<div class=\"elementor-widget-container\">\n\t\t\t\t\t<div class=\"ct-heading h-align-  sub-style4 ct-heading-left item-st-default\">\n\t\t\t<div class=\"item--sub-title style4 show-line\">\n                        K\u00dcTAHYA OSB                                <\/div>\n\t    <h3 class=\"item--title st-default \" data-wow-delay=\"ms\">\n                <span class=\"sp-main\">\n            \n            G\u00dcVENL\u0130K\n            \n                    <\/span>\n            <\/h3>\n<\/div>\t\t\t\t<\/div>\n\t\t\t\t<\/div>\n\t\t\t\t\t<\/div>\n\t\t\t\t<\/div>\n\t\t<div class=\"elementor-element elementor-element-c09861e e-con-full e-flex e-con e-parent\" data-id=\"c09861e\" data-element_type=\"container\">\n\t\t<div class=\"elementor-element elementor-element-63de04e e-con-full e-flex e-con e-child\" data-id=\"63de04e\" data-element_type=\"container\">\n\t\t<div class=\"elementor-element elementor-element-31713ba e-con-full e-flex e-con e-child\" data-id=\"31713ba\" data-element_type=\"container\">\n\t\t\t\t<div class=\"elementor-element elementor-element-3b74844 elementor-widget elementor-widget-spacer\" data-id=\"3b74844\" data-element_type=\"widget\" data-widget_type=\"spacer.default\">\n\t\t\t\t<div class=\"elementor-widget-container\">\n\t\t\t\t\t\t\t<div class=\"elementor-spacer\">\n\t\t\t<div class=\"elementor-spacer-inner\"><\/div>\n\t\t<\/div>\n\t\t\t\t\t\t<\/div>\n\t\t\t\t<\/div>\n\t\t\t\t<div class=\"elementor-element elementor-element-600b796 ct-counter-layout2 elementor-widget elementor-widget-ct_counter\" data-id=\"600b796\" data-element_type=\"widget\" data-widget_type=\"ct_counter.default\">\n\t\t\t\t<div class=\"elementor-widget-container\">\n\t\t\t\t\t<div class=\"ct-counter ct-counter-layout2 style3 \" data-wow-delay=\"ms\">\n    <div class=\"ct-counter-inner\">\n                    <div class=\"ct-counter-icon\">\n                <img decoding=\"async\" width=\"150\" height=\"150\" src=\"https:\/\/www.kutahyaosb.org.tr\/last\/wp-content\/uploads\/2024\/11\/KARE-CAM-150x150.png\" class=\"attachment-thumbnail size-thumbnail\" alt=\"\" srcset=\"https:\/\/www.kutahyaosb.org.tr\/last\/wp-content\/uploads\/2024\/11\/KARE-CAM-150x150.png 150w, https:\/\/www.kutahyaosb.org.tr\/last\/wp-content\/uploads\/2024\/11\/KARE-CAM-300x300.png 300w, https:\/\/www.kutahyaosb.org.tr\/last\/wp-content\/uploads\/2024\/11\/KARE-CAM-1024x1024.png 1024w, https:\/\/www.kutahyaosb.org.tr\/last\/wp-content\/uploads\/2024\/11\/KARE-CAM-768x768.png 768w, https:\/\/www.kutahyaosb.org.tr\/last\/wp-content\/uploads\/2024\/11\/KARE-CAM-1536x1536.png 1536w, https:\/\/www.kutahyaosb.org.tr\/last\/wp-content\/uploads\/2024\/11\/KARE-CAM-600x600.png 600w, https:\/\/www.kutahyaosb.org.tr\/last\/wp-content\/uploads\/2024\/11\/KARE-CAM.png 1920w\" sizes=\"(max-width: 150px) 100vw, 150px\" \/>            <\/div>\n                <div class=\"ct-counter-holder\">\n            <div class=\"ct-counter-number \">\n                <span class=\"ct-counter-number-prefix\"><\/span>\n                <span class=\"ct-counter-number-value\" data-duration=\"2000\" data-to-value=\"280\" data-delimiter=\",\">0<\/span>\n                <span class=\"ct-counter-number-suffix\"><\/span>\n            <\/div>\n                            <div class=\"ct-counter-title\">G\u00dcVENL\u0130K KAMERASI<\/div>\n                    <\/div>\n    <\/div>\n<\/div>\t\t\t\t<\/div>\n\t\t\t\t<\/div>\n\t\t\t\t<div class=\"elementor-element elementor-element-8250620 ct-counter-layout2 elementor-widget elementor-widget-ct_counter\" data-id=\"8250620\" data-element_type=\"widget\" data-widget_type=\"ct_counter.default\">\n\t\t\t\t<div class=\"elementor-widget-container\">\n\t\t\t\t\t<div class=\"ct-counter ct-counter-layout2 style3 \" data-wow-delay=\"ms\">\n    <div class=\"ct-counter-inner\">\n                    <div class=\"ct-counter-icon\">\n                <img decoding=\"async\" width=\"150\" height=\"150\" src=\"https:\/\/www.kutahyaosb.org.tr\/last\/wp-content\/uploads\/2024\/11\/KARE-KAPI-150x150.png\" class=\"attachment-thumbnail size-thumbnail\" alt=\"\" srcset=\"https:\/\/www.kutahyaosb.org.tr\/last\/wp-content\/uploads\/2024\/11\/KARE-KAPI-150x150.png 150w, https:\/\/www.kutahyaosb.org.tr\/last\/wp-content\/uploads\/2024\/11\/KARE-KAPI-300x300.png 300w, https:\/\/www.kutahyaosb.org.tr\/last\/wp-content\/uploads\/2024\/11\/KARE-KAPI-1024x1024.png 1024w, https:\/\/www.kutahyaosb.org.tr\/last\/wp-content\/uploads\/2024\/11\/KARE-KAPI-768x768.png 768w, https:\/\/www.kutahyaosb.org.tr\/last\/wp-content\/uploads\/2024\/11\/KARE-KAPI-1536x1536.png 1536w, https:\/\/www.kutahyaosb.org.tr\/last\/wp-content\/uploads\/2024\/11\/KARE-KAPI-600x600.png 600w, https:\/\/www.kutahyaosb.org.tr\/last\/wp-content\/uploads\/2024\/11\/KARE-KAPI.png 1920w\" sizes=\"(max-width: 150px) 100vw, 150px\" \/>            <\/div>\n                <div class=\"ct-counter-holder\">\n            <div class=\"ct-counter-number \">\n                <span class=\"ct-counter-number-prefix\"><\/span>\n                <span class=\"ct-counter-number-value\" data-duration=\"2000\" data-to-value=\"3\" data-delimiter=\",\">0<\/span>\n                <span class=\"ct-counter-number-suffix\"><\/span>\n            <\/div>\n                            <div class=\"ct-counter-title\">G\u0130R\u0130\u015e KAPISI<\/div>\n                    <\/div>\n    <\/div>\n<\/div>\t\t\t\t<\/div>\n\t\t\t\t<\/div>\n\t\t\t\t<div class=\"elementor-element elementor-element-03b6cdc ct-counter-layout2 elementor-widget elementor-widget-ct_counter\" data-id=\"03b6cdc\" data-element_type=\"widget\" data-widget_type=\"ct_counter.default\">\n\t\t\t\t<div class=\"elementor-widget-container\">\n\t\t\t\t\t<div class=\"ct-counter ct-counter-layout2 style3 \" data-wow-delay=\"ms\">\n    <div class=\"ct-counter-inner\">\n                    <div class=\"ct-counter-icon\">\n                <img decoding=\"async\" width=\"150\" height=\"150\" src=\"https:\/\/www.kutahyaosb.org.tr\/last\/wp-content\/uploads\/2024\/11\/KARE-ARABA-150x150.png\" class=\"attachment-thumbnail size-thumbnail\" alt=\"\" srcset=\"https:\/\/www.kutahyaosb.org.tr\/last\/wp-content\/uploads\/2024\/11\/KARE-ARABA-150x150.png 150w, https:\/\/www.kutahyaosb.org.tr\/last\/wp-content\/uploads\/2024\/11\/KARE-ARABA-300x300.png 300w, https:\/\/www.kutahyaosb.org.tr\/last\/wp-content\/uploads\/2024\/11\/KARE-ARABA-1024x1024.png 1024w, https:\/\/www.kutahyaosb.org.tr\/last\/wp-content\/uploads\/2024\/11\/KARE-ARABA-768x768.png 768w, https:\/\/www.kutahyaosb.org.tr\/last\/wp-content\/uploads\/2024\/11\/KARE-ARABA-1536x1536.png 1536w, https:\/\/www.kutahyaosb.org.tr\/last\/wp-content\/uploads\/2024\/11\/KARE-ARABA-600x600.png 600w, https:\/\/www.kutahyaosb.org.tr\/last\/wp-content\/uploads\/2024\/11\/KARE-ARABA.png 1920w\" sizes=\"(max-width: 150px) 100vw, 150px\" \/>            <\/div>\n                <div class=\"ct-counter-holder\">\n            <div class=\"ct-counter-number \">\n                <span class=\"ct-counter-number-prefix\"><\/span>\n                <span class=\"ct-counter-number-value\" data-duration=\"2000\" data-to-value=\"24\" data-delimiter=\",\">0<\/span>\n                <span class=\"ct-counter-number-suffix\"><\/span>\n            <\/div>\n                            <div class=\"ct-counter-title\">SAAT G\u00dcVENL\u0130K<\/div>\n                    <\/div>\n    <\/div>\n<\/div>\t\t\t\t<\/div>\n\t\t\t\t<\/div>\n\t\t\t\t<\/div>\n\t\t\t\t<\/div>\n\t\t<div class=\"elementor-element elementor-element-d2785ce e-con-full e-flex e-con e-child\" data-id=\"d2785ce\" data-element_type=\"container\">\n\t\t\t\t<div class=\"elementor-element elementor-element-a44e857 elementor-widget elementor-widget-image\" data-id=\"a44e857\" data-element_type=\"widget\" data-widget_type=\"image.default\">\n\t\t\t\t<div class=\"elementor-widget-container\">\n\t\t\t\t\t\t\t\t\t\t\t\t\t\t\t<img decoding=\"async\" src=\"https:\/\/www.kutahyaosb.org.tr\/last\/Y\u00fcklemeler\/G\u00fcvenlik\/UZUN.jpg?_t=1732011809\" title=\"\" alt=\"\" loading=\"lazy\" \/>\t\t\t\t\t\t\t\t\t\t\t\t\t\t\t<\/div>\n\t\t\t\t<\/div>\n\t\t\t\t<\/div>\n\t\t\t\t<\/div>\n\t\t<div class=\"elementor-element elementor-element-32ee084 e-con-full e-flex e-con e-parent\" data-id=\"32ee084\" data-element_type=\"container\">\n\t\t<div class=\"elementor-element elementor-element-fc50e0b e-con-full e-flex e-con e-child\" data-id=\"fc50e0b\" data-element_type=\"container\">\n\t\t\t\t<div class=\"elementor-element elementor-element-279d469 elementor-widget elementor-widget-text-editor\" data-id=\"279d469\" data-element_type=\"widget\" data-widget_type=\"text-editor.default\">\n\t\t\t\t<div class=\"elementor-widget-container\">\n\t\t\t\t\t\t\t\t\t<h4><span style=\"color: #ffffff;\">DAHA G\u00dcVENL\u0130 B\u0130R OSB<\/span><\/h4><p>\u00a0 \u00a0 \u00a0K\u00fctahya Organize Sanayi B\u00f6lgesi olarak, hem yat\u0131r\u0131mc\u0131lar\u0131m\u0131z\u0131n hem de \u00e7al\u0131\u015fanlar\u0131m\u0131z\u0131n huzur ve g\u00fcven i\u00e7inde \u00e7al\u0131\u015fmalar\u0131n\u0131 sa\u011flamak en b\u00fcy\u00fck \u00f6nceli\u011fimizdir. Bu do\u011frultuda, g\u00fcvenlik birimimiz donan\u0131ml\u0131 ekipmanlar\u0131 ve profesyonel ekibiyle 7\/24 hizmet vermektedir. B\u00f6lge genelinde olu\u015fturulan g\u00fcvenlik altyap\u0131m\u0131z, y\u00fcksek teknoloji ve etkin koordinasyonla maksimum koruma sa\u011flamaktad\u0131r.<\/p><h5><span style=\"color: #ffffff;\">G\u00fcvenlik Ekibi ve Donan\u0131m\u0131<\/span><\/h5><ul><li><strong>7 Deneyimli G\u00fcvenlik Personeli<\/strong>: Profesyonel e\u011fitim alm\u0131\u015f ekibimiz, b\u00f6lge g\u00fcvenli\u011fi i\u00e7in \u00f6zveriyle g\u00f6rev yapmaktad\u0131r.<\/li><li><strong>1 Donan\u0131ml\u0131 G\u00fcvenlik Arac\u0131<\/strong>: H\u0131zl\u0131 m\u00fcdahale ve devriye g\u00f6revlerini en \u00fcst d\u00fczeyde ger\u00e7ekle\u015ftirmek i\u00e7in kullan\u0131ma haz\u0131rd\u0131r.<\/li><li><strong>24 Saat Kesintisiz G\u00f6rev<\/strong>: Her 2 saatte bir d\u00fczenli devriye turlar\u0131 ile b\u00f6lge g\u00fcvenli\u011fi sa\u011flanmaktad\u0131r.<\/li><\/ul><h5><span style=\"color: #ffffff;\">Teknolojik G\u00fcvenlik Sistemleri<\/span><\/h5><ul><li><strong>Kamera \u0130zleme ve Kontrol Merkezi<\/strong>: 280 adet g\u00fcvenlik kameras\u0131, 24 saat boyunca izlenerek b\u00f6lgedeki hareketlilik yak\u0131ndan takip edilmektedir.<\/li><li><strong>Plaka Tan\u0131ma Sistemi<\/strong>: 10 adet plaka tan\u0131ma \u00f6zellikli kamera ile giri\u015f-\u00e7\u0131k\u0131\u015f yapan ara\u00e7lar otomatik olarak kaydedilmektedir.<\/li><li><strong>3 G\u00fcvenlik Kap\u0131s\u0131<\/strong>: B\u00f6lge giri\u015f ve \u00e7\u0131k\u0131\u015flar\u0131n\u0131 kontrol alt\u0131na alan modern g\u00fcvenlik kap\u0131lar\u0131yla donat\u0131lm\u0131\u015ft\u0131r.<\/li><\/ul>\t\t\t\t\t\t\t\t<\/div>\n\t\t\t\t<\/div>\n\t\t\t\t<\/div>\n\t\t<div class=\"elementor-element elementor-element-7fce176 e-con-full e-flex e-con e-child\" data-id=\"7fce176\" data-element_type=\"container\">\n\t\t\t\t<div class=\"elementor-element elementor-element-6ca454b elementor-widget elementor-widget-text-editor\" data-id=\"6ca454b\" data-element_type=\"widget\" data-widget_type=\"text-editor.default\">\n\t\t\t\t<div class=\"elementor-widget-container\">\n\t\t\t\t\t\t\t\t\t<h5><span style=\"color: #ffffff;\">Acil Durum ve Yang\u0131n G\u00fcvenli\u011fi<\/span><\/h5><ul><li><strong>Merkezi Yang\u0131n Alarm\u0131 Kontrol Sistemi<\/strong>: Olas\u0131 yang\u0131n durumlar\u0131na h\u0131zl\u0131 m\u00fcdahale i\u00e7in s\u00fcrekli aktif halde tutulmaktad\u0131r.<\/li><li><strong>Acil Durum Ara\u00e7lar\u0131na Y\u00f6nlendirme<\/strong>: B\u00f6lgeye giri\u015f yapan ambulans ve itfaiye gibi acil durum ara\u00e7lar\u0131na h\u0131zl\u0131 ve etkin y\u00f6nlendirme hizmeti sunulmaktad\u0131r.<\/li><\/ul><h5><span style=\"color: #ffffff;\">Koordinasyon ve \u0130\u015f Birli\u011fi<\/span><\/h5><ul><li><strong>Jandarma ile Koordinasyon<\/strong>: B\u00f6lge s\u0131n\u0131rlar\u0131m\u0131zda bulunan jandarma karakolu ile s\u00fcrekli ileti\u015fim halinde \u00e7al\u0131\u015farak g\u00fcvenlik hizmetlerimizi g\u00fc\u00e7lendiriyoruz.<\/li><li><strong>Ara\u00e7 Kay\u0131t Sistemi<\/strong>: Giri\u015f-\u00e7\u0131k\u0131\u015f yapan her ara\u00e7 sistemsel olarak kaydedilerek g\u00fcvenlik kontrol\u00fc sa\u011flanmaktad\u0131r.<\/li><\/ul><h5><span style=\"color: #ffffff;\">Hedefimiz: G\u00fcvenli Bir \u0130\u015f Ortam\u0131<\/span><\/h5><p>K\u00fctahya OSB olarak, g\u00fcvenlik standartlar\u0131m\u0131z\u0131 her ge\u00e7en g\u00fcn daha da ileriye ta\u015f\u0131yarak yat\u0131r\u0131mc\u0131lar\u0131m\u0131za ve \u00e7al\u0131\u015fanlar\u0131m\u0131za g\u00fcvenli bir ortam sunmay\u0131 taahh\u00fct ediyoruz. Teknolojik altyap\u0131m\u0131z ve deneyimli ekibimizle, hem bug\u00fcn\u00fcn hem de gelece\u011fin g\u00fcvenli i\u015f d\u00fcnyas\u0131na katk\u0131da bulunuyoruz.<\/p><p><strong>K\u00fctahya OSB, g\u00fcvenli\u011finiz i\u00e7in her an yan\u0131n\u0131zda!<\/strong><\/p>\t\t\t\t\t\t\t\t<\/div>\n\t\t\t\t<\/div>\n\t\t\t\t<\/div>\n\t\t\t\t<\/div>\n\t\t\t\t<\/div>\n\t\t","protected":false},"excerpt":{"rendered":"<p>K\u00dcTAHYA OSB G\u00dcVENL\u0130K 0 G\u00dcVENL\u0130K KAMERASI 0 G\u0130R\u0130\u015e KAPISI 0 SAAT G\u00dcVENL\u0130K DAHA G\u00dcVENL\u0130 B\u0130R OSB \u00a0 \u00a0 \u00a0K\u00fctahya Organize Sanayi B\u00f6lgesi olarak, hem yat\u0131r\u0131mc\u0131lar\u0131m\u0131z\u0131n hem de \u00e7al\u0131\u015fanlar\u0131m\u0131z\u0131n huzur ve g\u00fcven i\u00e7inde \u00e7al\u0131\u015fmalar\u0131n\u0131 sa\u011flamak en b\u00fcy\u00fck \u00f6nceli\u011fimizdir. Bu do\u011frultuda, g\u00fcvenlik birimimiz donan\u0131ml\u0131 ekipmanlar\u0131 ve profesyonel ekibiyle 7\/24 hizmet vermektedir. B\u00f6lge genelinde olu\u015fturulan g\u00fcvenlik altyap\u0131m\u0131z, y\u00fcksek [&hellip;]<\/p>\n","protected":false},"author":1,"featured_media":0,"parent":0,"menu_order":0,"comment_status":"closed","ping_status":"closed","template":"elementor_header_footer","meta":{"_uag_custom_page_level_css":"","footnotes":""},"class_list":["post-3921","page","type-page","status-publish","hentry"],"uagb_featured_image_src":{"full":false,"thumbnail":false,"medium":false,"medium_large":false,"large":false,"1536x1536":false,"2048x2048":false,"consultio-large":false,"consultio-medium":false,"woocommerce_thumbnail":false,"woocommerce_single":false,"woocommerce_gallery_thumbnail":false,"quick_view_image_size":false},"uagb_author_info":{"display_name":"admin","author_link":"https:\/\/www.kutahyaosb.org.tr\/last\/home\/author\/admin\/"},"uagb_comment_info":0,"uagb_excerpt":"K\u00dcTAHYA OSB G\u00dcVENL\u0130K 0 G\u00dcVENL\u0130K KAMERASI 0 G\u0130R\u0130\u015e KAPISI 0 SAAT G\u00dcVENL\u0130K DAHA G\u00dcVENL\u0130 B\u0130R OSB \u00a0 \u00a0 \u00a0K\u00fctahya Organize Sanayi B\u00f6lgesi olarak, hem yat\u0131r\u0131mc\u0131lar\u0131m\u0131z\u0131n hem de \u00e7al\u0131\u015fanlar\u0131m\u0131z\u0131n huzur ve g\u00fcven i\u00e7inde \u00e7al\u0131\u015fmalar\u0131n\u0131 sa\u011flamak en b\u00fcy\u00fck \u00f6nceli\u011fimizdir. Bu do\u011frultuda, g\u00fcvenlik birimimiz donan\u0131ml\u0131 ekipmanlar\u0131 ve profesyonel ekibiyle 7\/24 hizmet vermektedir. B\u00f6lge genelinde olu\u015fturulan g\u00fcvenlik altyap\u0131m\u0131z, y\u00fcksek&hellip;","_links":{"self":[{"href":"https:\/\/www.kutahyaosb.org.tr\/last\/home\/wp-json\/wp\/v2\/pages\/3921","targetHints":{"allow":["GET"]}}],"collection":[{"href":"https:\/\/www.kutahyaosb.org.tr\/last\/home\/wp-json\/wp\/v2\/pages"}],"about":[{"href":"https:\/\/www.kutahyaosb.org.tr\/last\/home\/wp-json\/wp\/v2\/types\/page"}],"author":[{"embeddable":true,"href":"https:\/\/www.kutahyaosb.org.tr\/last\/home\/wp-json\/wp\/v2\/users\/1"}],"replies":[{"embeddable":true,"href":"https:\/\/www.kutahyaosb.org.tr\/last\/home\/wp-json\/wp\/v2\/comments?post=3921"}],"version-history":[{"count":76,"href":"https:\/\/www.kutahyaosb.org.tr\/last\/home\/wp-json\/wp\/v2\/pages\/3921\/revisions"}],"predecessor-version":[{"id":4171,"href":"https:\/\/www.kutahyaosb.org.tr\/last\/home\/wp-json\/wp\/v2\/pages\/3921\/revisions\/4171"}],"wp:attachment":[{"href":"https:\/\/www.kutahyaosb.org.tr\/last\/home\/wp-json\/wp\/v2\/media?parent=3921"}],"curies":[{"name":"wp","href":"https:\/\/api.w.org\/{rel}","templated":true}]}}