{"id":4018,"date":"2024-11-20T13:48:02","date_gmt":"2024-11-20T13:48:02","guid":{"rendered":"https:\/\/www.kutahyaosb.org.tr\/last\/home\/?page_id=4018"},"modified":"2025-04-10T06:55:18","modified_gmt":"2025-04-10T06:55:18","slug":"cafe-restaurant","status":"publish","type":"page","link":"https:\/\/www.kutahyaosb.org.tr\/last\/home\/cafe-restaurant\/","title":{"rendered":"Cafe &amp; Restaurant"},"content":{"rendered":"\t\t<div data-elementor-type=\"wp-page\" data-elementor-id=\"4018\" class=\"elementor elementor-4018\">\n\t\t\t\t<div class=\"elementor-element elementor-element-87a20b9 elementor-hidden-tablet elementor-hidden-mobile e-flex e-con-boxed e-con e-parent\" data-id=\"87a20b9\" data-element_type=\"container\">\n\t\t\t\t\t<div class=\"e-con-inner\">\n\t\t\t\t<div class=\"elementor-element elementor-element-7d121d9 elementor-widget elementor-widget-spacer\" data-id=\"7d121d9\" data-element_type=\"widget\" data-widget_type=\"spacer.default\">\n\t\t\t\t<div class=\"elementor-widget-container\">\n\t\t\t\t\t\t\t<div class=\"elementor-spacer\">\n\t\t\t<div class=\"elementor-spacer-inner\"><\/div>\n\t\t<\/div>\n\t\t\t\t\t\t<\/div>\n\t\t\t\t<\/div>\n\t\t\t\t\t<\/div>\n\t\t\t\t<\/div>\n\t\t<div class=\"elementor-element elementor-element-ff6c187 e-flex e-con-boxed e-con e-parent\" data-id=\"ff6c187\" data-element_type=\"container\">\n\t\t\t\t\t<div class=\"e-con-inner\">\n\t\t\t\t<div class=\"elementor-element elementor-element-b4f1002 elementor-widget elementor-widget-ct_heading\" data-id=\"b4f1002\" data-element_type=\"widget\" data-widget_type=\"ct_heading.default\">\n\t\t\t\t<div class=\"elementor-widget-container\">\n\t\t\t\t\t<div class=\"ct-heading h-align-center  sub-style9 ct-heading-left item-st-line-center\">\n\t\t\t<div class=\"item--sub-title style9 show-line\">\n                        K\u00fctahya OSB Lezzetleri                                        <span class=\"line-left\"><\/span>\n                <span class=\"line-right\"><\/span>\n                    <\/div>\n\t    <h3 class=\"item--title st-line-center \" data-wow-delay=\"ms\">\n                <span class=\"sp-main\">\n            \n            Cafe &amp; Restaurant Hizmetlerimiz\n            \n                    <\/span>\n            <\/h3>\n<\/div>\t\t\t\t<\/div>\n\t\t\t\t<\/div>\n\t\t\t\t\t<\/div>\n\t\t\t\t<\/div>\n\t\t<div class=\"elementor-element elementor-element-d17576e e-flex e-con-boxed e-con e-parent\" data-id=\"d17576e\" data-element_type=\"container\">\n\t\t\t\t\t<div class=\"e-con-inner\">\n\t\t<div class=\"elementor-element elementor-element-00a1af4 e-con-full e-flex e-con e-child\" data-id=\"00a1af4\" data-element_type=\"container\">\n\t\t\t\t<div class=\"elementor-element elementor-element-da3e30a elementor-widget elementor-widget-text-editor\" data-id=\"da3e30a\" data-element_type=\"widget\" data-widget_type=\"text-editor.default\">\n\t\t\t\t<div class=\"elementor-widget-container\">\n\t\t\t\t\t\t\t\t\t<p><em>Mastro Chef Cafe &amp; Restaurant<\/em><\/p>\t\t\t\t\t\t\t\t<\/div>\n\t\t\t\t<\/div>\n\t\t\t\t<div class=\"elementor-element elementor-element-8d0bb5f elementor-widget elementor-widget-text-editor\" data-id=\"8d0bb5f\" data-element_type=\"widget\" data-widget_type=\"text-editor.default\">\n\t\t\t\t<div class=\"elementor-widget-container\">\n\t\t\t\t\t\t\t\t\t<p><em><strong>Lezzetin ve \u015e\u0131kl\u0131\u011f\u0131n Bulu\u015fma Noktas\u0131<\/strong><\/em><br \/>K\u00fctahya OSB\u2019nin kalbinde yer alan Mastro Chef Cafe &amp; Restaurant, enfes k\u0131rm\u0131z\u0131 ve beyaz et se\u00e7enekleriyle haz\u0131rlanan \u0131zgara \u00e7e\u015fitleriyle damaklar\u0131n\u0131za hitap ediyor. Geni\u015f ve huzur dolu bah\u00e7emizde keyifli anlar ya\u015fayabilir, \u00f6zel davetleriniz i\u00e7in \u00f6zenle tasarlanm\u0131\u015f VIP salonumuzda se\u00e7kin bir deneyim ya\u015fayabilirsiniz. Hem i\u015f yemekleri hem de ailenizle ge\u00e7irece\u011finiz \u00f6zel anlar i\u00e7in s\u0131cak bir atmosfer sunuyoruz.<\/p><p>Sizi de e\u015fsiz lezzetlerimizi ke\u015ffetmeye davet ediyoruz!<\/p>\t\t\t\t\t\t\t\t<\/div>\n\t\t\t\t<\/div>\n\t\t\t\t<div class=\"elementor-element elementor-element-35ea7c5 elementor-widget elementor-widget-ct_cta\" data-id=\"35ea7c5\" data-element_type=\"widget\" data-widget_type=\"ct_cta.default\">\n\t\t\t\t<div class=\"elementor-widget-container\">\n\t\t\t\t\t<div class=\"ct-cta1 \">\n            <div class=\"item--holder\">\n            <span class=\"item--title\">\u0130leti\u015fim<\/span>\n            <span class=\"item--desc\">OSB Cafe &amp; Restaurant<\/span>\n        <\/div>\n                <div class=\"item--button\">\n            <a class=\"btn btn-round2\" href=\"tel:\/\/05515053343\">\n                                    <i aria-hidden=\"true\" class=\"flaticon flaticon-telephone\"><\/i>                                Hemen Ara            <\/a>\n        <\/div>\n    <\/div>\n\t\t\t\t<\/div>\n\t\t\t\t<\/div>\n\t\t\t\t<\/div>\n\t\t<div class=\"elementor-element elementor-element-597063f e-con-full e-flex e-con e-child\" data-id=\"597063f\" data-element_type=\"container\">\n\t\t\t\t<div class=\"elementor-element elementor-element-313d098 elementor-widget elementor-widget-video\" data-id=\"313d098\" data-element_type=\"widget\" data-settings=\"{&quot;video_type&quot;:&quot;hosted&quot;,&quot;autoplay&quot;:&quot;yes&quot;,&quot;play_on_mobile&quot;:&quot;yes&quot;,&quot;mute&quot;:&quot;yes&quot;,&quot;loop&quot;:&quot;yes&quot;,&quot;controls&quot;:&quot;yes&quot;}\" data-widget_type=\"video.default\">\n\t\t\t\t<div class=\"elementor-widget-container\">\n\t\t\t\t\t\t\t<div class=\"e-hosted-video elementor-wrapper elementor-open-inline\">\n\t\t\t\t\t<video class=\"elementor-video\" src=\"https:\/\/www.kutahyaosb.org.tr\/last\/Y\u00fcklemeler\/Cafe\/SOSYAL%20TES\u0130S.mp4?_t=1732108486\" autoplay=\"\" loop=\"\" controls=\"\" muted=\"muted\" playsinline=\"\" controlsList=\"nodownload\"><\/video>\n\t\t\t\t<\/div>\n\t\t\t\t\t\t<\/div>\n\t\t\t\t<\/div>\n\t\t\t\t<div class=\"elementor-element elementor-element-b182853 elementor-widget elementor-widget-google_maps\" data-id=\"b182853\" data-element_type=\"widget\" data-widget_type=\"google_maps.default\">\n\t\t\t\t<div class=\"elementor-widget-container\">\n\t\t\t\t\t\t\t<div class=\"elementor-custom-embed\">\n\t\t\t<iframe loading=\"lazy\"\n\t\t\t\t\tsrc=\"https:\/\/maps.google.com\/maps?q=39.391079%2C%2030.120679&#038;t=m&#038;z=15&#038;output=embed&#038;iwloc=near\"\n\t\t\t\t\ttitle=\"39.391079, 30.120679\"\n\t\t\t\t\taria-label=\"39.391079, 30.120679\"\n\t\t\t><\/iframe>\n\t\t<\/div>\n\t\t\t\t\t\t<\/div>\n\t\t\t\t<\/div>\n\t\t\t\t<\/div>\n\t\t\t\t\t<\/div>\n\t\t\t\t<\/div>\n\t\t<div class=\"elementor-element elementor-element-72c7759 e-flex e-con-boxed e-con e-parent\" data-id=\"72c7759\" data-element_type=\"container\">\n\t\t\t\t\t<div class=\"e-con-inner\">\n\t\t\t\t<div class=\"elementor-element elementor-element-629f828 e-transform elementor-widget elementor-widget-text-editor\" data-id=\"629f828\" data-element_type=\"widget\" data-settings=\"{&quot;_transform_translateX_effect&quot;:{&quot;unit&quot;:&quot;px&quot;,&quot;size&quot;:0,&quot;sizes&quot;:[]},&quot;_transform_translateY_effect&quot;:{&quot;unit&quot;:&quot;px&quot;,&quot;size&quot;:8,&quot;sizes&quot;:[]},&quot;_transform_translateX_effect_tablet&quot;:{&quot;unit&quot;:&quot;px&quot;,&quot;size&quot;:&quot;&quot;,&quot;sizes&quot;:[]},&quot;_transform_translateX_effect_mobile&quot;:{&quot;unit&quot;:&quot;px&quot;,&quot;size&quot;:&quot;&quot;,&quot;sizes&quot;:[]},&quot;_transform_translateY_effect_tablet&quot;:{&quot;unit&quot;:&quot;px&quot;,&quot;size&quot;:&quot;&quot;,&quot;sizes&quot;:[]},&quot;_transform_translateY_effect_mobile&quot;:{&quot;unit&quot;:&quot;px&quot;,&quot;size&quot;:&quot;&quot;,&quot;sizes&quot;:[]}}\" data-widget_type=\"text-editor.default\">\n\t\t\t\t<div class=\"elementor-widget-container\">\n\t\t\t\t\t\t\t\t\t<p><em>LEZZET<\/em><\/p>\t\t\t\t\t\t\t\t<\/div>\n\t\t\t\t<\/div>\n\t\t\t\t\t<\/div>\n\t\t\t\t<\/div>\n\t\t<div class=\"elementor-element elementor-element-6e9344f e-flex e-con-boxed e-con e-parent\" data-id=\"6e9344f\" data-element_type=\"container\">\n\t\t\t\t\t<div class=\"e-con-inner\">\n\t\t<div class=\"elementor-element elementor-element-e40305b e-con-full e-flex e-con e-child\" data-id=\"e40305b\" data-element_type=\"container\">\n\t\t\t\t<div class=\"elementor-element elementor-element-5c0d04d elementor-widget elementor-widget-image\" data-id=\"5c0d04d\" data-element_type=\"widget\" data-widget_type=\"image.default\">\n\t\t\t\t<div class=\"elementor-widget-container\">\n\t\t\t\t\t\t\t\t\t\t\t\t\t\t\t<img decoding=\"async\" src=\"https:\/\/www.kutahyaosb.org.tr\/last\/Y\u00fcklemeler\/Cafe\/tantuni.jpg?_t=1732111519\" title=\"\" alt=\"\" loading=\"lazy\" \/>\t\t\t\t\t\t\t\t\t\t\t\t\t\t\t<\/div>\n\t\t\t\t<\/div>\n\t\t\t\t<div class=\"elementor-element elementor-element-55f6739 elementor-widget elementor-widget-google_maps\" data-id=\"55f6739\" data-element_type=\"widget\" data-widget_type=\"google_maps.default\">\n\t\t\t\t<div class=\"elementor-widget-container\">\n\t\t\t\t\t\t\t<div class=\"elementor-custom-embed\">\n\t\t\t<iframe loading=\"lazy\"\n\t\t\t\t\tsrc=\"https:\/\/maps.google.com\/maps?q=39.390590%2C%2030.119567&#038;t=m&#038;z=15&#038;output=embed&#038;iwloc=near\"\n\t\t\t\t\ttitle=\"39.390590, 30.119567\"\n\t\t\t\t\taria-label=\"39.390590, 30.119567\"\n\t\t\t><\/iframe>\n\t\t<\/div>\n\t\t\t\t\t\t<\/div>\n\t\t\t\t<\/div>\n\t\t\t\t<\/div>\n\t\t<div class=\"elementor-element elementor-element-bcaa200 e-con-full e-flex e-con e-child\" data-id=\"bcaa200\" data-element_type=\"container\">\n\t\t\t\t<div class=\"elementor-element elementor-element-d42b480 elementor-widget elementor-widget-text-editor\" data-id=\"d42b480\" data-element_type=\"widget\" data-widget_type=\"text-editor.default\">\n\t\t\t\t<div class=\"elementor-widget-container\">\n\t\t\t\t\t\t\t\t\t<p><em>OSB Tanuni<\/em><\/p>\t\t\t\t\t\t\t\t<\/div>\n\t\t\t\t<\/div>\n\t\t\t\t<div class=\"elementor-element elementor-element-ee081f0 elementor-widget elementor-widget-text-editor\" data-id=\"ee081f0\" data-element_type=\"widget\" data-widget_type=\"text-editor.default\">\n\t\t\t\t<div class=\"elementor-widget-container\">\n\t\t\t\t\t\t\t\t\t<p><em><strong>OSB\u2019de H\u0131zl\u0131 ve Efsane Lezzet<\/strong><\/em><br \/>OSB Tantuni, birbirinden lezzetli tantuni \u00e7e\u015fitleri, k\u00f6fteleri ve \u00e7\u0131t\u0131r tostlar\u0131yla i\u015f d\u00fcnyas\u0131n\u0131n h\u0131zl\u0131 ve kaliteli yemek dura\u011f\u0131! Taptaze malzemelerle haz\u0131rlanan men\u00fcm\u00fcz, her dama\u011fa hitap eden enfes tatlarla dolu. Yan\u0131nda serinletici i\u00e7eceklerimizle \u00f6\u011f\u00fcnlerinize lezzet kat\u0131yoruz.<br \/>H\u0131zl\u0131, doyurucu ve ekonomik bir lezzet deneyimi i\u00e7in sizi bekliyoruz!<\/p>\t\t\t\t\t\t\t\t<\/div>\n\t\t\t\t<\/div>\n\t\t\t\t<div class=\"elementor-element elementor-element-b097825 elementor-widget elementor-widget-ct_cta\" data-id=\"b097825\" data-element_type=\"widget\" data-widget_type=\"ct_cta.default\">\n\t\t\t\t<div class=\"elementor-widget-container\">\n\t\t\t\t\t<div class=\"ct-cta1 \">\n            <div class=\"item--holder\">\n            <span class=\"item--title\">\u0130leti\u015fim<\/span>\n            <span class=\"item--desc\">OSB Tantuni<\/span>\n        <\/div>\n                <div class=\"item--button\">\n            <a class=\"btn btn-round2\" href=\"tel:\/\/+905056884315\">\n                                    <i aria-hidden=\"true\" class=\"flaticon flaticon-telephone\"><\/i>                                +90 (505) 688 43 15            <\/a>\n        <\/div>\n    <\/div>\n\t\t\t\t<\/div>\n\t\t\t\t<\/div>\n\t\t\t\t<\/div>\n\t\t\t\t\t<\/div>\n\t\t\t\t<\/div>\n\t\t<div class=\"elementor-element elementor-element-7c7c029 e-flex e-con-boxed e-con e-parent\" data-id=\"7c7c029\" data-element_type=\"container\">\n\t\t\t\t\t<div class=\"e-con-inner\">\n\t\t\t\t<div class=\"elementor-element elementor-element-d4f83b4 e-transform elementor-widget elementor-widget-text-editor\" data-id=\"d4f83b4\" data-element_type=\"widget\" data-settings=\"{&quot;_transform_translateX_effect&quot;:{&quot;unit&quot;:&quot;px&quot;,&quot;size&quot;:0,&quot;sizes&quot;:[]},&quot;_transform_translateY_effect&quot;:{&quot;unit&quot;:&quot;px&quot;,&quot;size&quot;:8,&quot;sizes&quot;:[]},&quot;_transform_translateX_effect_tablet&quot;:{&quot;unit&quot;:&quot;px&quot;,&quot;size&quot;:&quot;&quot;,&quot;sizes&quot;:[]},&quot;_transform_translateX_effect_mobile&quot;:{&quot;unit&quot;:&quot;px&quot;,&quot;size&quot;:&quot;&quot;,&quot;sizes&quot;:[]},&quot;_transform_translateY_effect_tablet&quot;:{&quot;unit&quot;:&quot;px&quot;,&quot;size&quot;:&quot;&quot;,&quot;sizes&quot;:[]},&quot;_transform_translateY_effect_mobile&quot;:{&quot;unit&quot;:&quot;px&quot;,&quot;size&quot;:&quot;&quot;,&quot;sizes&quot;:[]}}\" data-widget_type=\"text-editor.default\">\n\t\t\t\t<div class=\"elementor-widget-container\">\n\t\t\t\t\t\t\t\t\t<p><em>NEF\u0130S<\/em><\/p>\t\t\t\t\t\t\t\t<\/div>\n\t\t\t\t<\/div>\n\t\t\t\t\t<\/div>\n\t\t\t\t<\/div>\n\t\t<div class=\"elementor-element elementor-element-6460a5d e-flex e-con-boxed e-con e-parent\" data-id=\"6460a5d\" data-element_type=\"container\">\n\t\t\t\t\t<div class=\"e-con-inner\">\n\t\t<div class=\"elementor-element elementor-element-1d5fd5c e-con-full e-flex e-con e-child\" data-id=\"1d5fd5c\" data-element_type=\"container\">\n\t\t\t\t<div class=\"elementor-element elementor-element-3d542ca elementor-widget elementor-widget-text-editor\" data-id=\"3d542ca\" data-element_type=\"widget\" data-widget_type=\"text-editor.default\">\n\t\t\t\t<div class=\"elementor-widget-container\">\n\t\t\t\t\t\t\t\t\t<p>Beyoglu B\u00f6rek &amp; Kahvalt\u0131 Salonu<\/p>\t\t\t\t\t\t\t\t<\/div>\n\t\t\t\t<\/div>\n\t\t\t\t<div class=\"elementor-element elementor-element-3c06103 elementor-widget elementor-widget-text-editor\" data-id=\"3c06103\" data-element_type=\"widget\" data-widget_type=\"text-editor.default\">\n\t\t\t\t<div class=\"elementor-widget-container\">\n\t\t\t\t\t\t\t\t\t<p><em><strong>G\u00fcne Lezzetle Ba\u015flay\u0131n<\/strong><\/em><br \/>Beyo\u011flu B\u00f6rek &amp; Kahvalt\u0131 Salonu, \u00e7\u0131t\u0131r \u00e7\u0131t\u0131r b\u00f6rekler, taptaze simitler, ev yap\u0131m\u0131 g\u00f6zlemeler ve enfes tostlarla g\u00fcn\u00fcn\u00fcz\u00fc g\u00fczelle\u015ftiriyor. Po\u011fa\u00e7a ve k\u00f6fte gibi doyurucu lezzetlerimizle hem kahvalt\u0131lar\u0131n\u0131z hem de \u00f6\u011f\u00fcnleriniz i\u00e7in s\u0131cac\u0131k bir mola noktas\u0131y\u0131z. Yan\u0131nda bir yudum \u00e7ay ya da kahveyle keyfinizi tamamlay\u0131n!<br \/>Lezzet ve samimiyetin adresine bekliyoruz.<\/p>\t\t\t\t\t\t\t\t<\/div>\n\t\t\t\t<\/div>\n\t\t\t\t<div class=\"elementor-element elementor-element-59e5cdc elementor-widget elementor-widget-ct_cta\" data-id=\"59e5cdc\" data-element_type=\"widget\" data-widget_type=\"ct_cta.default\">\n\t\t\t\t<div class=\"elementor-widget-container\">\n\t\t\t\t\t<div class=\"ct-cta1 \">\n            <div class=\"item--holder\">\n            <span class=\"item--title\">\u0130leti\u015fim<\/span>\n            <span class=\"item--desc\">Beyo\u011flu B\u00f6rek &amp; Kahvalt\u0131 Salonu<\/span>\n        <\/div>\n                <div class=\"item--button\">\n            <a class=\"btn btn-round2\" href=\"tel:\/\/+905309444084\">\n                                    <i aria-hidden=\"true\" class=\"flaticon flaticon-telephone\"><\/i>                                +90 (530) 944 40 84            <\/a>\n        <\/div>\n    <\/div>\n\t\t\t\t<\/div>\n\t\t\t\t<\/div>\n\t\t\t\t<\/div>\n\t\t<div class=\"elementor-element elementor-element-8b1542d e-con-full e-flex e-con e-child\" data-id=\"8b1542d\" data-element_type=\"container\">\n\t\t\t\t<div class=\"elementor-element elementor-element-77d7233 elementor-widget elementor-widget-image\" data-id=\"77d7233\" data-element_type=\"widget\" data-widget_type=\"image.default\">\n\t\t\t\t<div class=\"elementor-widget-container\">\n\t\t\t\t\t\t\t\t\t\t\t\t\t\t\t<img decoding=\"async\" src=\"https:\/\/www.kutahyaosb.org.tr\/last\/Y\u00fcklemeler\/Cafe\/po\u011faca1.jpg?_t=1732112650\" title=\"\" alt=\"\" loading=\"lazy\" \/>\t\t\t\t\t\t\t\t\t\t\t\t\t\t\t<\/div>\n\t\t\t\t<\/div>\n\t\t\t\t<div class=\"elementor-element elementor-element-2ac19c5 elementor-widget elementor-widget-google_maps\" data-id=\"2ac19c5\" data-element_type=\"widget\" data-widget_type=\"google_maps.default\">\n\t\t\t\t<div class=\"elementor-widget-container\">\n\t\t\t\t\t\t\t<div class=\"elementor-custom-embed\">\n\t\t\t<iframe loading=\"lazy\"\n\t\t\t\t\tsrc=\"https:\/\/maps.google.com\/maps?q=39.389354%2C%2030.115424&#038;t=m&#038;z=15&#038;output=embed&#038;iwloc=near\"\n\t\t\t\t\ttitle=\"39.389354, 30.115424\"\n\t\t\t\t\taria-label=\"39.389354, 30.115424\"\n\t\t\t><\/iframe>\n\t\t<\/div>\n\t\t\t\t\t\t<\/div>\n\t\t\t\t<\/div>\n\t\t\t\t<\/div>\n\t\t\t\t\t<\/div>\n\t\t\t\t<\/div>\n\t\t\t\t<\/div>\n\t\t","protected":false},"excerpt":{"rendered":"<p>K\u00fctahya OSB Lezzetleri Cafe &amp; Restaurant Hizmetlerimiz Mastro Chef Cafe &amp; Restaurant Lezzetin ve \u015e\u0131kl\u0131\u011f\u0131n Bulu\u015fma Noktas\u0131K\u00fctahya OSB\u2019nin kalbinde yer alan Mastro Chef Cafe &amp; Restaurant, enfes k\u0131rm\u0131z\u0131 ve beyaz et se\u00e7enekleriyle haz\u0131rlanan \u0131zgara \u00e7e\u015fitleriyle damaklar\u0131n\u0131za hitap ediyor. Geni\u015f ve huzur dolu bah\u00e7emizde keyifli anlar ya\u015fayabilir, \u00f6zel davetleriniz i\u00e7in \u00f6zenle tasarlanm\u0131\u015f VIP salonumuzda se\u00e7kin bir [&hellip;]<\/p>\n","protected":false},"author":1,"featured_media":0,"parent":0,"menu_order":0,"comment_status":"closed","ping_status":"closed","template":"elementor_header_footer","meta":{"_uag_custom_page_level_css":"","footnotes":""},"class_list":["post-4018","page","type-page","status-publish","hentry"],"uagb_featured_image_src":{"full":false,"thumbnail":false,"medium":false,"medium_large":false,"large":false,"1536x1536":false,"2048x2048":false,"consultio-large":false,"consultio-medium":false,"woocommerce_thumbnail":false,"woocommerce_single":false,"woocommerce_gallery_thumbnail":false,"quick_view_image_size":false},"uagb_author_info":{"display_name":"admin","author_link":"https:\/\/www.kutahyaosb.org.tr\/last\/home\/author\/admin\/"},"uagb_comment_info":0,"uagb_excerpt":"K\u00fctahya OSB Lezzetleri Cafe &amp; Restaurant Hizmetlerimiz Mastro Chef Cafe &amp; Restaurant Lezzetin ve \u015e\u0131kl\u0131\u011f\u0131n Bulu\u015fma Noktas\u0131K\u00fctahya OSB\u2019nin kalbinde yer alan Mastro Chef Cafe &amp; Restaurant, enfes k\u0131rm\u0131z\u0131 ve beyaz et se\u00e7enekleriyle haz\u0131rlanan \u0131zgara \u00e7e\u015fitleriyle damaklar\u0131n\u0131za hitap ediyor. Geni\u015f ve huzur dolu bah\u00e7emizde keyifli anlar ya\u015fayabilir, \u00f6zel davetleriniz i\u00e7in \u00f6zenle tasarlanm\u0131\u015f VIP salonumuzda se\u00e7kin bir&hellip;","_links":{"self":[{"href":"https:\/\/www.kutahyaosb.org.tr\/last\/home\/wp-json\/wp\/v2\/pages\/4018","targetHints":{"allow":["GET"]}}],"collection":[{"href":"https:\/\/www.kutahyaosb.org.tr\/last\/home\/wp-json\/wp\/v2\/pages"}],"about":[{"href":"https:\/\/www.kutahyaosb.org.tr\/last\/home\/wp-json\/wp\/v2\/types\/page"}],"author":[{"embeddable":true,"href":"https:\/\/www.kutahyaosb.org.tr\/last\/home\/wp-json\/wp\/v2\/users\/1"}],"replies":[{"embeddable":true,"href":"https:\/\/www.kutahyaosb.org.tr\/last\/home\/wp-json\/wp\/v2\/comments?post=4018"}],"version-history":[{"count":78,"href":"https:\/\/www.kutahyaosb.org.tr\/last\/home\/wp-json\/wp\/v2\/pages\/4018\/revisions"}],"predecessor-version":[{"id":5133,"href":"https:\/\/www.kutahyaosb.org.tr\/last\/home\/wp-json\/wp\/v2\/pages\/4018\/revisions\/5133"}],"wp:attachment":[{"href":"https:\/\/www.kutahyaosb.org.tr\/last\/home\/wp-json\/wp\/v2\/media?parent=4018"}],"curies":[{"name":"wp","href":"https:\/\/api.w.org\/{rel}","templated":true}]}}