{"id":4094,"date":"2024-11-25T14:25:49","date_gmt":"2024-11-25T14:25:49","guid":{"rendered":"https:\/\/www.kutahyaosb.org.tr\/last\/home\/?page_id=4094"},"modified":"2024-12-30T11:17:30","modified_gmt":"2024-12-30T11:17:30","slug":"lab","status":"publish","type":"page","link":"https:\/\/www.kutahyaosb.org.tr\/last\/home\/lab\/","title":{"rendered":"LABORATUVAR"},"content":{"rendered":"\t\t<div data-elementor-type=\"wp-page\" data-elementor-id=\"4094\" class=\"elementor elementor-4094\">\n\t\t\t\t<div class=\"elementor-element elementor-element-750d7b1 e-flex e-con-boxed e-con e-parent\" data-id=\"750d7b1\" data-element_type=\"container\">\n\t\t\t\t\t<div class=\"e-con-inner\">\n\t\t\t\t<div class=\"elementor-element elementor-element-d8aadaf elementor-widget elementor-widget-spacer\" data-id=\"d8aadaf\" data-element_type=\"widget\" data-widget_type=\"spacer.default\">\n\t\t\t\t<div class=\"elementor-widget-container\">\n\t\t\t\t\t\t\t<div class=\"elementor-spacer\">\n\t\t\t<div class=\"elementor-spacer-inner\"><\/div>\n\t\t<\/div>\n\t\t\t\t\t\t<\/div>\n\t\t\t\t<\/div>\n\t\t\t\t<div class=\"elementor-element elementor-element-9c945b9 elementor-widget elementor-widget-ct_heading\" data-id=\"9c945b9\" data-element_type=\"widget\" data-widget_type=\"ct_heading.default\">\n\t\t\t\t<div class=\"elementor-widget-container\">\n\t\t\t\t\t<div class=\"ct-heading h-align-  sub-style1 ct-heading-left item-st-line-left3\">\n\t    <h3 class=\"item--title st-line-left3 \" data-wow-delay=\"ms\">\n                <span class=\"sp-main\">\n            \n            K\u00dcTAHYA ORGAN\u0130ZE SANAY\u0130 B\u00d6LGES\u0130 LABORATUVARI\n            \n                            <i class=\"dot-shape\">\n                    <i><\/i>\n                    <i><\/i>\n                    <i><\/i>\n                    <i><\/i>\n                    <i><\/i>\n                    <i><\/i>\n                <\/i>\n                    <\/span>\n            <\/h3>\n<\/div>\t\t\t\t<\/div>\n\t\t\t\t<\/div>\n\t\t\t\t\t<\/div>\n\t\t\t\t<\/div>\n\t\t<div class=\"elementor-element elementor-element-92ff9bb e-grid e-con-boxed e-con e-parent\" data-id=\"92ff9bb\" data-element_type=\"container\">\n\t\t\t\t\t<div class=\"e-con-inner\">\n\t\t<div class=\"elementor-element elementor-element-2ee0f9c e-con-full e-flex e-con e-child\" data-id=\"2ee0f9c\" data-element_type=\"container\">\n\t\t\t\t<div class=\"elementor-element elementor-element-99e5377 e-transform elementor-widget elementor-widget-text-editor\" data-id=\"99e5377\" data-element_type=\"widget\" data-settings=\"{&quot;_transform_translateX_effect&quot;:{&quot;unit&quot;:&quot;px&quot;,&quot;size&quot;:20,&quot;sizes&quot;:[]},&quot;_transform_translateY_effect&quot;:{&quot;unit&quot;:&quot;px&quot;,&quot;size&quot;:35,&quot;sizes&quot;:[]},&quot;_transform_translateX_effect_tablet&quot;:{&quot;unit&quot;:&quot;px&quot;,&quot;size&quot;:&quot;&quot;,&quot;sizes&quot;:[]},&quot;_transform_translateX_effect_mobile&quot;:{&quot;unit&quot;:&quot;px&quot;,&quot;size&quot;:&quot;&quot;,&quot;sizes&quot;:[]},&quot;_transform_translateY_effect_tablet&quot;:{&quot;unit&quot;:&quot;px&quot;,&quot;size&quot;:&quot;&quot;,&quot;sizes&quot;:[]},&quot;_transform_translateY_effect_mobile&quot;:{&quot;unit&quot;:&quot;px&quot;,&quot;size&quot;:&quot;&quot;,&quot;sizes&quot;:[]}}\" data-widget_type=\"text-editor.default\">\n\t\t\t\t<div class=\"elementor-widget-container\">\n\t\t\t\t\t\t\t\t\t<p>\u00a0 \u00a0 \u00a0K\u00fctahya Organize Sanayi B\u00f6lgesi s\u0131n\u0131rlar\u0131 i\u00e7erisinde faaliyet g\u00f6steren firmalarda olu\u015fan evsel ve end\u00fcstriyel nitelikli at\u0131ksular, kanalizasyon sistemi arac\u0131l\u0131\u011f\u0131yla merkezi at\u0131ksu ar\u0131tma tesisine ula\u015ft\u0131r\u0131lmaktad\u0131r. Tesiste, gelen at\u0131ksular\u0131n ve tesisten de\u015farj edilen ar\u0131t\u0131lm\u0131\u015f sular\u0131n analizleri, modern laboratuvar olanaklar\u0131yla titizlikle ger\u00e7ekle\u015ftirilmektedir.<\/p>\t\t\t\t\t\t\t\t<\/div>\n\t\t\t\t<\/div>\n\t\t\t\t<\/div>\n\t\t<div class=\"elementor-element elementor-element-21e50da e-con-full e-flex e-con e-child\" data-id=\"21e50da\" data-element_type=\"container\">\n\t\t\t\t<div class=\"elementor-element elementor-element-b6bffc3 e-transform elementor-widget elementor-widget-ct_fancy_box\" data-id=\"b6bffc3\" data-element_type=\"widget\" data-settings=\"{&quot;_transform_translateX_effect&quot;:{&quot;unit&quot;:&quot;px&quot;,&quot;size&quot;:&quot;&quot;,&quot;sizes&quot;:[]},&quot;_transform_translateX_effect_tablet&quot;:{&quot;unit&quot;:&quot;px&quot;,&quot;size&quot;:&quot;&quot;,&quot;sizes&quot;:[]},&quot;_transform_translateX_effect_mobile&quot;:{&quot;unit&quot;:&quot;px&quot;,&quot;size&quot;:&quot;&quot;,&quot;sizes&quot;:[]},&quot;_transform_translateY_effect&quot;:{&quot;unit&quot;:&quot;px&quot;,&quot;size&quot;:&quot;&quot;,&quot;sizes&quot;:[]},&quot;_transform_translateY_effect_tablet&quot;:{&quot;unit&quot;:&quot;px&quot;,&quot;size&quot;:&quot;&quot;,&quot;sizes&quot;:[]},&quot;_transform_translateY_effect_mobile&quot;:{&quot;unit&quot;:&quot;px&quot;,&quot;size&quot;:&quot;&quot;,&quot;sizes&quot;:[]}}\" data-widget_type=\"ct_fancy_box.default\">\n\t\t\t\t<div class=\"elementor-widget-container\">\n\t\t\t\t\t<div class=\"ct-fancy-box-layout3-wrap style1\">\n    <div class=\"ct-fancy-box ct-fancy-box-layout9 style1   \" data-wow-delay=\"ms\">\n                            <div class=\"item--icon\">\n                <img fetchpriority=\"high\" decoding=\"async\" width=\"2560\" height=\"1707\" src=\"https:\/\/www.kutahyaosb.org.tr\/last\/wp-content\/uploads\/2024\/11\/IMG_4590-scaled.jpg\" class=\"attachment-full\" alt=\"\" \/>            <\/div>\n                <div class=\"item--holder\">\n            <h3 class=\"item--title\">\n                DAHA TEM\u0130Z B\u0130R \u00c7EVRE!            <\/h3>\n            <div class=\"item--description\"><\/div>\n                    <\/div>\n    <\/div>\n<\/div>\t\t\t\t<\/div>\n\t\t\t\t<\/div>\n\t\t\t\t<\/div>\n\t\t\t\t\t<\/div>\n\t\t\t\t<\/div>\n\t\t<div class=\"elementor-element elementor-element-eee8ec7 e-grid e-con-boxed e-con e-parent\" data-id=\"eee8ec7\" data-element_type=\"container\">\n\t\t\t\t\t<div class=\"e-con-inner\">\n\t\t<div class=\"elementor-element elementor-element-6eb7ace e-con-full e-flex e-con e-child\" data-id=\"6eb7ace\" data-element_type=\"container\">\n\t\t\t\t<div class=\"elementor-element elementor-element-83ff9b5 e-transform elementor-widget elementor-widget-text-editor\" data-id=\"83ff9b5\" data-element_type=\"widget\" data-settings=\"{&quot;_transform_translateX_effect&quot;:{&quot;unit&quot;:&quot;px&quot;,&quot;size&quot;:20,&quot;sizes&quot;:[]},&quot;_transform_translateY_effect&quot;:{&quot;unit&quot;:&quot;px&quot;,&quot;size&quot;:35,&quot;sizes&quot;:[]},&quot;_transform_translateX_effect_tablet&quot;:{&quot;unit&quot;:&quot;px&quot;,&quot;size&quot;:&quot;&quot;,&quot;sizes&quot;:[]},&quot;_transform_translateX_effect_mobile&quot;:{&quot;unit&quot;:&quot;px&quot;,&quot;size&quot;:&quot;&quot;,&quot;sizes&quot;:[]},&quot;_transform_translateY_effect_tablet&quot;:{&quot;unit&quot;:&quot;px&quot;,&quot;size&quot;:&quot;&quot;,&quot;sizes&quot;:[]},&quot;_transform_translateY_effect_mobile&quot;:{&quot;unit&quot;:&quot;px&quot;,&quot;size&quot;:&quot;&quot;,&quot;sizes&quot;:[]}}\" data-widget_type=\"text-editor.default\">\n\t\t\t\t<div class=\"elementor-widget-container\">\n\t\t\t\t\t\t\t\t\t<p>At\u0131ksu analiz \u00e7al\u0131\u015fmalar\u0131, suyun bulundu\u011fu, kullan\u0131ld\u0131\u011f\u0131 veya uzakla\u015ft\u0131r\u0131ld\u0131\u011f\u0131 alanlarda \u00e7evreye ve canl\u0131lara zarar vermemesi amac\u0131yla, \u00c7evre, \u015eehircilik ve \u0130klim De\u011fi\u015fikli\u011fi Bakanl\u0131\u011f\u0131 taraf\u0131ndan yay\u0131mlanan ilgili mevzuatlar \u00e7er\u00e7evesinde y\u00fcr\u00fct\u00fclmektedir. Bu analizler, \u00e7evre koruma, halk sa\u011fl\u0131\u011f\u0131 ve su kaynaklar\u0131n\u0131n s\u00fcrd\u00fcr\u00fclebilir kullan\u0131m\u0131 a\u00e7\u0131s\u0131ndan kritik bir \u00f6neme sahiptir.<\/p>\t\t\t\t\t\t\t\t<\/div>\n\t\t\t\t<\/div>\n\t\t\t\t<\/div>\n\t\t<div class=\"elementor-element elementor-element-eb2acb7 e-con-full e-flex e-con e-child\" data-id=\"eb2acb7\" data-element_type=\"container\">\n\t\t\t\t<div class=\"elementor-element elementor-element-64c51ef e-transform elementor-widget elementor-widget-ct_fancy_box\" data-id=\"64c51ef\" data-element_type=\"widget\" data-settings=\"{&quot;_transform_translateX_effect&quot;:{&quot;unit&quot;:&quot;px&quot;,&quot;size&quot;:&quot;&quot;,&quot;sizes&quot;:[]},&quot;_transform_translateX_effect_tablet&quot;:{&quot;unit&quot;:&quot;px&quot;,&quot;size&quot;:&quot;&quot;,&quot;sizes&quot;:[]},&quot;_transform_translateX_effect_mobile&quot;:{&quot;unit&quot;:&quot;px&quot;,&quot;size&quot;:&quot;&quot;,&quot;sizes&quot;:[]},&quot;_transform_translateY_effect&quot;:{&quot;unit&quot;:&quot;px&quot;,&quot;size&quot;:&quot;&quot;,&quot;sizes&quot;:[]},&quot;_transform_translateY_effect_tablet&quot;:{&quot;unit&quot;:&quot;px&quot;,&quot;size&quot;:&quot;&quot;,&quot;sizes&quot;:[]},&quot;_transform_translateY_effect_mobile&quot;:{&quot;unit&quot;:&quot;px&quot;,&quot;size&quot;:&quot;&quot;,&quot;sizes&quot;:[]}}\" data-widget_type=\"ct_fancy_box.default\">\n\t\t\t\t<div class=\"elementor-widget-container\">\n\t\t\t\t\t<div class=\"ct-fancy-box-layout3-wrap style1\">\n    <div class=\"ct-fancy-box ct-fancy-box-layout9 style1   \" data-wow-delay=\"ms\">\n                            <div class=\"item--icon\">\n                <img decoding=\"async\" width=\"2560\" height=\"1707\" src=\"https:\/\/www.kutahyaosb.org.tr\/last\/wp-content\/uploads\/2024\/11\/IMG_4583-scaled.jpg\" class=\"attachment-full\" alt=\"\" \/>            <\/div>\n                <div class=\"item--holder\">\n            <h3 class=\"item--title\">\n                B\u0130L\u0130M \u0130LE \u0130\u00c7 \u0130\u00c7E!            <\/h3>\n            <div class=\"item--description\"><\/div>\n                    <\/div>\n    <\/div>\n<\/div>\t\t\t\t<\/div>\n\t\t\t\t<\/div>\n\t\t\t\t<\/div>\n\t\t\t\t\t<\/div>\n\t\t\t\t<\/div>\n\t\t<div class=\"elementor-element elementor-element-c9b8bc3 e-flex e-con-boxed e-con e-parent\" data-id=\"c9b8bc3\" data-element_type=\"container\">\n\t\t\t\t\t<div class=\"e-con-inner\">\n\t\t\t\t<div class=\"elementor-element elementor-element-1bb6756 e-transform elementor-widget elementor-widget-text-editor\" data-id=\"1bb6756\" data-element_type=\"widget\" data-settings=\"{&quot;_transform_translateX_effect&quot;:{&quot;unit&quot;:&quot;px&quot;,&quot;size&quot;:220,&quot;sizes&quot;:[]},&quot;_transform_translateX_effect_mobile&quot;:{&quot;unit&quot;:&quot;px&quot;,&quot;size&quot;:0,&quot;sizes&quot;:[]},&quot;_transform_translateX_effect_tablet&quot;:{&quot;unit&quot;:&quot;px&quot;,&quot;size&quot;:&quot;&quot;,&quot;sizes&quot;:[]},&quot;_transform_translateY_effect&quot;:{&quot;unit&quot;:&quot;px&quot;,&quot;size&quot;:&quot;&quot;,&quot;sizes&quot;:[]},&quot;_transform_translateY_effect_tablet&quot;:{&quot;unit&quot;:&quot;px&quot;,&quot;size&quot;:&quot;&quot;,&quot;sizes&quot;:[]},&quot;_transform_translateY_effect_mobile&quot;:{&quot;unit&quot;:&quot;px&quot;,&quot;size&quot;:&quot;&quot;,&quot;sizes&quot;:[]}}\" data-widget_type=\"text-editor.default\">\n\t\t\t\t<div class=\"elementor-widget-container\">\n\t\t\t\t\t\t\t\t\t<p>\u00a0<\/p><p>Laboratuvar \u00e7al\u0131\u015fmalar\u0131nda spektrofotometre, termoreakt\u00f6r, analitik terazi, et\u00fcv, \u0131s\u0131l\u0131 manyetik kar\u0131\u015ft\u0131r\u0131c\u0131 ve mobil \u00f6l\u00e7\u00fcm cihazlar\u0131 gibi ileri teknolojilere sahip ekipmanlar kullan\u0131lmaktad\u0131r. Analiz s\u00fcre\u00e7leri, alan\u0131nda uzman personel taraf\u0131ndan b\u00fcy\u00fck bir hassasiyetle y\u00fcr\u00fct\u00fclmekte ve t\u00fcm \u00e7al\u0131\u015fmalar y\u00fcksek standartlara uygun olarak ger\u00e7ekle\u015ftirilmektedir.<\/p>\t\t\t\t\t\t\t\t<\/div>\n\t\t\t\t<\/div>\n\t\t\t\t\t<\/div>\n\t\t\t\t<\/div>\n\t\t<div class=\"elementor-element elementor-element-8470e34 e-flex e-con-boxed e-con e-parent\" data-id=\"8470e34\" data-element_type=\"container\">\n\t\t\t\t\t<div class=\"e-con-inner\">\n\t\t\t\t\t<\/div>\n\t\t\t\t<\/div>\n\t\t\t\t<\/div>\n\t\t","protected":false},"excerpt":{"rendered":"<p>K\u00dcTAHYA ORGAN\u0130ZE SANAY\u0130 B\u00d6LGES\u0130 LABORATUVARI \u00a0 \u00a0 \u00a0K\u00fctahya Organize Sanayi B\u00f6lgesi s\u0131n\u0131rlar\u0131 i\u00e7erisinde faaliyet g\u00f6steren firmalarda olu\u015fan evsel ve end\u00fcstriyel nitelikli at\u0131ksular, kanalizasyon sistemi arac\u0131l\u0131\u011f\u0131yla merkezi at\u0131ksu ar\u0131tma tesisine ula\u015ft\u0131r\u0131lmaktad\u0131r. Tesiste, gelen at\u0131ksular\u0131n ve tesisten de\u015farj edilen ar\u0131t\u0131lm\u0131\u015f sular\u0131n analizleri, modern laboratuvar olanaklar\u0131yla titizlikle ger\u00e7ekle\u015ftirilmektedir. DAHA TEM\u0130Z B\u0130R \u00c7EVRE! At\u0131ksu analiz \u00e7al\u0131\u015fmalar\u0131, suyun bulundu\u011fu, kullan\u0131ld\u0131\u011f\u0131 [&hellip;]<\/p>\n","protected":false},"author":1,"featured_media":0,"parent":0,"menu_order":0,"comment_status":"closed","ping_status":"closed","template":"elementor_header_footer","meta":{"_uag_custom_page_level_css":"","footnotes":""},"class_list":["post-4094","page","type-page","status-publish","hentry"],"uagb_featured_image_src":{"full":false,"thumbnail":false,"medium":false,"medium_large":false,"large":false,"1536x1536":false,"2048x2048":false,"consultio-large":false,"consultio-medium":false,"woocommerce_thumbnail":false,"woocommerce_single":false,"woocommerce_gallery_thumbnail":false,"quick_view_image_size":false},"uagb_author_info":{"display_name":"admin","author_link":"https:\/\/www.kutahyaosb.org.tr\/last\/home\/author\/admin\/"},"uagb_comment_info":0,"uagb_excerpt":"K\u00dcTAHYA ORGAN\u0130ZE SANAY\u0130 B\u00d6LGES\u0130 LABORATUVARI \u00a0 \u00a0 \u00a0K\u00fctahya Organize Sanayi B\u00f6lgesi s\u0131n\u0131rlar\u0131 i\u00e7erisinde faaliyet g\u00f6steren firmalarda olu\u015fan evsel ve end\u00fcstriyel nitelikli at\u0131ksular, kanalizasyon sistemi arac\u0131l\u0131\u011f\u0131yla merkezi at\u0131ksu ar\u0131tma tesisine ula\u015ft\u0131r\u0131lmaktad\u0131r. Tesiste, gelen at\u0131ksular\u0131n ve tesisten de\u015farj edilen ar\u0131t\u0131lm\u0131\u015f sular\u0131n analizleri, modern laboratuvar olanaklar\u0131yla titizlikle ger\u00e7ekle\u015ftirilmektedir. DAHA TEM\u0130Z B\u0130R \u00c7EVRE! At\u0131ksu analiz \u00e7al\u0131\u015fmalar\u0131, suyun bulundu\u011fu, kullan\u0131ld\u0131\u011f\u0131&hellip;","_links":{"self":[{"href":"https:\/\/www.kutahyaosb.org.tr\/last\/home\/wp-json\/wp\/v2\/pages\/4094","targetHints":{"allow":["GET"]}}],"collection":[{"href":"https:\/\/www.kutahyaosb.org.tr\/last\/home\/wp-json\/wp\/v2\/pages"}],"about":[{"href":"https:\/\/www.kutahyaosb.org.tr\/last\/home\/wp-json\/wp\/v2\/types\/page"}],"author":[{"embeddable":true,"href":"https:\/\/www.kutahyaosb.org.tr\/last\/home\/wp-json\/wp\/v2\/users\/1"}],"replies":[{"embeddable":true,"href":"https:\/\/www.kutahyaosb.org.tr\/last\/home\/wp-json\/wp\/v2\/comments?post=4094"}],"version-history":[{"count":56,"href":"https:\/\/www.kutahyaosb.org.tr\/last\/home\/wp-json\/wp\/v2\/pages\/4094\/revisions"}],"predecessor-version":[{"id":4685,"href":"https:\/\/www.kutahyaosb.org.tr\/last\/home\/wp-json\/wp\/v2\/pages\/4094\/revisions\/4685"}],"wp:attachment":[{"href":"https:\/\/www.kutahyaosb.org.tr\/last\/home\/wp-json\/wp\/v2\/media?parent=4094"}],"curies":[{"name":"wp","href":"https:\/\/api.w.org\/{rel}","templated":true}]}}