{"id":4235,"date":"2024-12-02T07:27:43","date_gmt":"2024-12-02T07:27:43","guid":{"rendered":"https:\/\/www.kutahyaosb.org.tr\/last\/home\/?page_id=4235"},"modified":"2024-12-02T07:29:53","modified_gmt":"2024-12-02T07:29:53","slug":"fotograf-galerisi","status":"publish","type":"page","link":"https:\/\/www.kutahyaosb.org.tr\/last\/home\/fotograf-galerisi\/","title":{"rendered":"Foto\u011fraf Galerisi"},"content":{"rendered":"\t\t<div data-elementor-type=\"wp-page\" data-elementor-id=\"4235\" class=\"elementor elementor-4235\">\n\t\t\t\t<div class=\"elementor-element elementor-element-ad085b0 e-flex e-con-boxed e-con e-parent\" data-id=\"ad085b0\" data-element_type=\"container\">\n\t\t\t\t\t<div class=\"e-con-inner\">\n\t\t\t\t<div class=\"elementor-element elementor-element-8dcc6d6 elementor-widget elementor-widget-spacer\" data-id=\"8dcc6d6\" data-element_type=\"widget\" data-widget_type=\"spacer.default\">\n\t\t\t\t<div class=\"elementor-widget-container\">\n\t\t\t\t\t\t\t<div class=\"elementor-spacer\">\n\t\t\t<div class=\"elementor-spacer-inner\"><\/div>\n\t\t<\/div>\n\t\t\t\t\t\t<\/div>\n\t\t\t\t<\/div>\n\t\t\t\t\t<\/div>\n\t\t\t\t<\/div>\n\t\t<div class=\"elementor-element elementor-element-8e53b12 e-flex e-con-boxed e-con e-parent\" data-id=\"8e53b12\" data-element_type=\"container\">\n\t\t\t\t\t<div class=\"e-con-inner\">\n\t\t\t\t<div class=\"elementor-element elementor-element-108352d elementor-widget elementor-widget-ct_heading\" data-id=\"108352d\" data-element_type=\"widget\" data-widget_type=\"ct_heading.default\">\n\t\t\t\t<div class=\"elementor-widget-container\">\n\t\t\t\t\t<div class=\"ct-heading h-align-  sub-style1 ct-heading-left item-st-default\">\n\t\t\t<div class=\"item--sub-title style1 show-line\">\n                        Foto\u011fraf Galerisi                                <\/div>\n\t    <h3 class=\"item--title st-default \" data-wow-delay=\"ms\">\n                <span class=\"sp-main\">\n            \n            K\u00fctahya OSB\n            \n                    <\/span>\n            <\/h3>\n<\/div>\t\t\t\t<\/div>\n\t\t\t\t<\/div>\n\t\t\t\t<div class=\"elementor-element elementor-element-3ed4908 elementor-widget elementor-widget-ct_gallery_carousel\" data-id=\"3ed4908\" data-element_type=\"widget\" data-widget_type=\"ct_gallery_carousel.default\">\n\t\t\t\t<div class=\"elementor-widget-container\">\n\t\t\t\t\t    <div class=\"ct-gallery-carousel1 ct-slick-slider\">\n        <div class=\"ct-carousel-inner\">\n            <div class=\"ct-slick-carousel\" data-arrows=\"true\" data-dots=\"true\" data-pauseOnHover=\"true\" data-autoplay=\"true\" data-autoplaySpeed=\"5000\" data-infinite=\"true\" data-speed=\"500\" data-colxs=\"1\" data-colsm=\"2\" data-colmd=\"3\" data-collg=\"3\" data-colxl=\"3\" data-dir=\"false\" data-slidesToScroll=\"1\">\n                                    <div class=\"slick-slide\">\n                        <img fetchpriority=\"high\" decoding=\"async\" class=\"\" src=\"https:\/\/www.kutahyaosb.org.tr\/last\/wp-content\/uploads\/2024\/11\/DJI_0143-scaled-475x600.jpg\" width=\"475\" height=\"600\" alt=\"K\u00fctahya OSB\" title=\"default\" \/>                    <\/div>\n                                    <div class=\"slick-slide\">\n                        <img decoding=\"async\" class=\"\" src=\"https:\/\/www.kutahyaosb.org.tr\/last\/wp-content\/uploads\/2024\/11\/DJI_0184-scaled-475x600.jpg\" width=\"475\" height=\"600\" alt=\"K\u00fctahya OSB\" title=\"default\" \/>                    <\/div>\n                                    <div class=\"slick-slide\">\n                        <img decoding=\"async\" class=\"\" src=\"https:\/\/www.kutahyaosb.org.tr\/last\/wp-content\/uploads\/2024\/11\/DJI_0191-scaled-475x600.jpg\" width=\"475\" height=\"600\" alt=\"K\u00fctahya OSB\" title=\"default\" \/>                    <\/div>\n                                    <div class=\"slick-slide\">\n                        <img loading=\"lazy\" decoding=\"async\" class=\"\" src=\"https:\/\/www.kutahyaosb.org.tr\/last\/wp-content\/uploads\/2024\/11\/DJI_0196-scaled-475x600.jpg\" width=\"475\" height=\"600\" alt=\"K\u00fctahya OSB\" title=\"default\" \/>                    <\/div>\n                                    <div class=\"slick-slide\">\n                        <img loading=\"lazy\" decoding=\"async\" class=\"\" src=\"https:\/\/www.kutahyaosb.org.tr\/last\/wp-content\/uploads\/2024\/11\/DJI_0889-scaled-475x600.jpg\" width=\"475\" height=\"600\" alt=\"K\u00fctahya OSB\" title=\"default\" \/>                    <\/div>\n                                    <div class=\"slick-slide\">\n                        <img loading=\"lazy\" decoding=\"async\" class=\"\" src=\"https:\/\/www.kutahyaosb.org.tr\/last\/wp-content\/uploads\/2024\/11\/DJI_0906-scaled-475x600.jpg\" width=\"475\" height=\"600\" alt=\"K\u00fctahya OSB\" title=\"default\" \/>                    <\/div>\n                                    <div class=\"slick-slide\">\n                        <img loading=\"lazy\" decoding=\"async\" class=\"\" src=\"https:\/\/www.kutahyaosb.org.tr\/last\/wp-content\/uploads\/2024\/11\/DJI_0994-scaled-475x600.jpg\" width=\"475\" height=\"600\" alt=\"K\u00fctahya OSB 2024 Ara\u00e7 Filosu\" title=\"default\" \/>                    <\/div>\n                                    <div class=\"slick-slide\">\n                        <img loading=\"lazy\" decoding=\"async\" class=\"\" src=\"https:\/\/www.kutahyaosb.org.tr\/last\/wp-content\/uploads\/2024\/11\/IMG_0016-kopya-scaled-475x600.jpg\" width=\"475\" height=\"600\" alt=\"Y\u00f6netim Kurulu Ba\u015fkan\u0131m\u0131z Say\u0131n Tolga ESK\u0130O\u011eLU Saha Ziyareti\" title=\"IMG_0016 kopya\" \/>                    <\/div>\n                                    <div class=\"slick-slide\">\n                        <img loading=\"lazy\" decoding=\"async\" class=\"\" src=\"https:\/\/www.kutahyaosb.org.tr\/last\/wp-content\/uploads\/2024\/11\/IMG_0021-kopya-scaled-475x600.jpg\" width=\"475\" height=\"600\" alt=\"Dumlup\u0131nar \u00dcniversitesi Kariyer G\u00fcnleri K\u00fctahya OSB Stand\u0131\" title=\"IMG_0021 kopya\" \/>                    <\/div>\n                                    <div class=\"slick-slide\">\n                        <img loading=\"lazy\" decoding=\"async\" class=\"\" src=\"https:\/\/www.kutahyaosb.org.tr\/last\/wp-content\/uploads\/2024\/11\/IMG_0060-kopya-scaled-475x600.jpg\" width=\"475\" height=\"600\" alt=\"Y\u00f6netim Kurulu Ba\u015fkan\u0131m\u0131z Say\u0131n Tolga ESK\u0130O\u011eLU Saha Ziyareti\" title=\"IMG_0060 kopya\" \/>                    <\/div>\n                                    <div class=\"slick-slide\">\n                        <img loading=\"lazy\" decoding=\"async\" class=\"\" src=\"https:\/\/www.kutahyaosb.org.tr\/last\/wp-content\/uploads\/2024\/11\/IMG_0162-scaled-475x600.jpg\" width=\"475\" height=\"600\" alt=\"K\u00fctahya OSB Voleybol Tak\u0131m\u0131 - K\u00fctahya Kurumlar Aras\u0131 Voleybol Turnuvas\u0131\" title=\"IMG_0162\" \/>                    <\/div>\n                                    <div class=\"slick-slide\">\n                        <img loading=\"lazy\" decoding=\"async\" class=\"\" src=\"https:\/\/www.kutahyaosb.org.tr\/last\/wp-content\/uploads\/2024\/11\/IMG_0365-kopya-scaled-475x600.jpg\" width=\"475\" height=\"600\" alt=\"\u00c7evre Haftas\u0131 Etkinli\u011fi\" title=\"IMG_0365 kopya\" \/>                    <\/div>\n                                    <div class=\"slick-slide\">\n                        <img loading=\"lazy\" decoding=\"async\" class=\"\" src=\"https:\/\/www.kutahyaosb.org.tr\/last\/wp-content\/uploads\/2024\/11\/IMG_0537-kopya-scaled-475x600.jpg\" width=\"475\" height=\"600\" alt=\"\u00c7evre G\u00fcn\u00fc Etkinli\u011fi\" title=\"IMG_0537 kopya\" \/>                    <\/div>\n                                    <div class=\"slick-slide\">\n                        <img loading=\"lazy\" decoding=\"async\" class=\"\" src=\"https:\/\/www.kutahyaosb.org.tr\/last\/wp-content\/uploads\/2024\/11\/IMG_0638-kopya-scaled-475x600.jpg\" width=\"475\" height=\"600\" alt=\"Say\u0131n Valimiz Musa I\u015eIN K\u00fctahya OSB Ziyareti\" title=\"IMG_0638 kopya\" \/>                    <\/div>\n                                    <div class=\"slick-slide\">\n                        <img loading=\"lazy\" decoding=\"async\" class=\"\" src=\"https:\/\/www.kutahyaosb.org.tr\/last\/wp-content\/uploads\/2024\/11\/IMG_0697-kopya-scaled-475x600.jpg\" width=\"475\" height=\"600\" alt=\"Say\u0131n Valimiz Musa I\u015eIN ve Say\u0131n Y\u00f6netim Kurulu Ba\u015fkan\u0131m\u0131z Tolga ESK\u0130O\u011eLU\" title=\"IMG_0697 kopya\" \/>                    <\/div>\n                                    <div class=\"slick-slide\">\n                        <img loading=\"lazy\" decoding=\"async\" class=\"\" src=\"https:\/\/www.kutahyaosb.org.tr\/last\/wp-content\/uploads\/2024\/11\/IMG_745q7-kopya-scaled-475x600.jpg\" width=\"475\" height=\"600\" alt=\"TOBB K\u00fctahya OSB MTAL Tavla Turnuvas\u0131\" title=\"IMG_745q7 kopya\" \/>                    <\/div>\n                                    <div class=\"slick-slide\">\n                        <img loading=\"lazy\" decoding=\"async\" class=\"\" src=\"https:\/\/www.kutahyaosb.org.tr\/last\/wp-content\/uploads\/2024\/11\/IMG_0905-kopya-scaled-475x600.jpg\" width=\"475\" height=\"600\" alt=\"Dart Turnuvas\u0131\" title=\"IMG_0905 kopya\" \/>                    <\/div>\n                                    <div class=\"slick-slide\">\n                        <img loading=\"lazy\" decoding=\"async\" class=\"\" src=\"https:\/\/www.kutahyaosb.org.tr\/last\/wp-content\/uploads\/2024\/11\/IMG_0999-kopya-scaled-475x600.jpg\" width=\"475\" height=\"600\" alt=\"IMG_0999 kopya\" title=\"IMG_0999 kopya\" \/>                    <\/div>\n                                    <div class=\"slick-slide\">\n                        <img loading=\"lazy\" decoding=\"async\" class=\"\" src=\"https:\/\/www.kutahyaosb.org.tr\/last\/wp-content\/uploads\/2024\/11\/IMG_1042-kopya-scaled-475x600.jpg\" width=\"475\" height=\"600\" alt=\"IMG_1042 kopya\" title=\"IMG_1042 kopya\" \/>                    <\/div>\n                                    <div class=\"slick-slide\">\n                        <img loading=\"lazy\" decoding=\"async\" class=\"\" src=\"https:\/\/www.kutahyaosb.org.tr\/last\/wp-content\/uploads\/2024\/11\/IMG_1073-kopya-scaled-475x600.jpg\" width=\"475\" height=\"600\" alt=\"IMG_1073 kopya\" title=\"IMG_1073 kopya\" \/>                    <\/div>\n                                    <div class=\"slick-slide\">\n                        <img loading=\"lazy\" decoding=\"async\" class=\"\" src=\"https:\/\/www.kutahyaosb.org.tr\/last\/wp-content\/uploads\/2024\/11\/IMG_1116-kopya-scaled-475x600.jpg\" width=\"475\" height=\"600\" alt=\"IMG_1116 kopya\" title=\"IMG_1116 kopya\" \/>                    <\/div>\n                                    <div class=\"slick-slide\">\n                        <img loading=\"lazy\" decoding=\"async\" class=\"\" src=\"https:\/\/www.kutahyaosb.org.tr\/last\/wp-content\/uploads\/2024\/11\/IMG_1119-kopya-scaled-475x600.jpg\" width=\"475\" height=\"600\" alt=\"IMG_1119 kopya\" title=\"IMG_1119 kopya\" \/>                    <\/div>\n                                    <div class=\"slick-slide\">\n                        <img loading=\"lazy\" decoding=\"async\" class=\"\" src=\"https:\/\/www.kutahyaosb.org.tr\/last\/wp-content\/uploads\/2024\/11\/IMG_1286-kopya-scaled-475x600.jpg\" width=\"475\" height=\"600\" alt=\"Say\u0131n Ba\u015fkan\u0131m\u0131z Tolga ESK\u0130O\u011eLU ve Say\u0131n Valimiz Musa I\u015eIN\" title=\"IMG_1286 kopya\" \/>                    <\/div>\n                                    <div class=\"slick-slide\">\n                        <img loading=\"lazy\" decoding=\"async\" class=\"\" src=\"https:\/\/www.kutahyaosb.org.tr\/last\/wp-content\/uploads\/2024\/11\/IMG_1356-kopya-scaled-475x600.jpg\" width=\"475\" height=\"600\" alt=\"IMG_1356 kopya\" title=\"IMG_1356 kopya\" \/>                    <\/div>\n                                    <div class=\"slick-slide\">\n                        <img loading=\"lazy\" decoding=\"async\" class=\"\" src=\"https:\/\/www.kutahyaosb.org.tr\/last\/wp-content\/uploads\/2024\/11\/IMG_1404-kopya-scaled-475x600.jpg\" width=\"475\" height=\"600\" alt=\"K\u00fctahya OSB 50. Kurulu\u015f Y\u0131ld\u00f6n\u00fcm\u00fc Etkinli\u011fi\" title=\"IMG_1404 kopya\" \/>                    <\/div>\n                                    <div class=\"slick-slide\">\n                        <img loading=\"lazy\" decoding=\"async\" class=\"\" src=\"https:\/\/www.kutahyaosb.org.tr\/last\/wp-content\/uploads\/2024\/11\/IMG_1440-scaled-475x600.jpg\" width=\"475\" height=\"600\" alt=\"K\u00fctahya OSB M\u00fcd\u00fcrl\u00fc\u011f\u00fc Personelleri 50. Y\u0131l Kutlamas\u0131 Etkinli\u011fi\" title=\"IMG_1440\" \/>                    <\/div>\n                                    <div class=\"slick-slide\">\n                        <img loading=\"lazy\" decoding=\"async\" class=\"\" src=\"https:\/\/www.kutahyaosb.org.tr\/last\/wp-content\/uploads\/2024\/11\/IMG_1625-kopya-scaled-475x600.jpg\" width=\"475\" height=\"600\" alt=\"K\u0131z\u0131lay Kan Ba\u011f\u0131\u015f\u0131\" title=\"IMG_1625 kopya\" \/>                    <\/div>\n                                    <div class=\"slick-slide\">\n                        <img loading=\"lazy\" decoding=\"async\" class=\"\" src=\"https:\/\/www.kutahyaosb.org.tr\/last\/wp-content\/uploads\/2024\/11\/IMG_3357-scaled-475x600.jpg\" width=\"475\" height=\"600\" alt=\"Deprem B\u00f6lgesi Yard\u0131m Kermesi\" title=\"IMG_3357\" \/>                    <\/div>\n                                    <div class=\"slick-slide\">\n                        <img loading=\"lazy\" decoding=\"async\" class=\"\" src=\"https:\/\/www.kutahyaosb.org.tr\/last\/wp-content\/uploads\/2024\/11\/IMG_3973-kopya-scaled-475x600.jpg\" width=\"475\" height=\"600\" alt=\"\u00c7evre G\u00fcn\u00fc Etkinli\u011fi\" title=\"IMG_3973 kopya\" \/>                    <\/div>\n                                    <div class=\"slick-slide\">\n                        <img loading=\"lazy\" decoding=\"async\" class=\"\" src=\"https:\/\/www.kutahyaosb.org.tr\/last\/wp-content\/uploads\/2024\/11\/IMG_4153-kopya-scaled-475x600.jpg\" width=\"475\" height=\"600\" alt=\"K\u00fctahya OSB Arama Kurtarma Ekibi AFAD Tatbikat\u0131\" title=\"IMG_4153 kopya\" \/>                    <\/div>\n                                    <div class=\"slick-slide\">\n                        <img loading=\"lazy\" decoding=\"async\" class=\"\" src=\"https:\/\/www.kutahyaosb.org.tr\/last\/wp-content\/uploads\/2024\/11\/IMG_4222-kopya-scaled-475x600.jpg\" width=\"475\" height=\"600\" alt=\"K\u00fctahya OSB Arama Kurtarma Ekibi AFAD Tatbikat\u0131\" title=\"IMG_4222 kopya\" \/>                    <\/div>\n                                    <div class=\"slick-slide\">\n                        <img loading=\"lazy\" decoding=\"async\" class=\"\" src=\"https:\/\/www.kutahyaosb.org.tr\/last\/wp-content\/uploads\/2024\/11\/IMG_4301-kopya-scaled-475x600.jpg\" width=\"475\" height=\"600\" alt=\"A\u011fa\u00e7 Dikim Etkinli\u011fi\" title=\"IMG_4301 kopya\" \/>                    <\/div>\n                                    <div class=\"slick-slide\">\n                        <img loading=\"lazy\" decoding=\"async\" class=\"\" src=\"https:\/\/www.kutahyaosb.org.tr\/last\/wp-content\/uploads\/2024\/11\/IMG_4350-kopya-scaled-475x600.jpg\" width=\"475\" height=\"600\" alt=\"Tavla Turnuvas\u0131 Etkinli\u011fi\" title=\"IMG_4350 kopya\" \/>                    <\/div>\n                                    <div class=\"slick-slide\">\n                        <img loading=\"lazy\" decoding=\"async\" class=\"\" src=\"https:\/\/www.kutahyaosb.org.tr\/last\/wp-content\/uploads\/2024\/11\/IMG_4371-kopya-scaled-475x600.jpg\" width=\"475\" height=\"600\" alt=\"A\u015fure Da\u011f\u0131t\u0131m\u0131 Etkinkli\u011fi\" title=\"IMG_4371 kopya\" \/>                    <\/div>\n                                    <div class=\"slick-slide\">\n                        <img loading=\"lazy\" decoding=\"async\" class=\"\" src=\"https:\/\/www.kutahyaosb.org.tr\/last\/wp-content\/uploads\/2024\/11\/IMG_4409-kopya-scaled-475x600.jpg\" width=\"475\" height=\"600\" alt=\"IMG_4409 kopya\" title=\"IMG_4409 kopya\" \/>                    <\/div>\n                                    <div class=\"slick-slide\">\n                        <img loading=\"lazy\" decoding=\"async\" class=\"\" src=\"https:\/\/www.kutahyaosb.org.tr\/last\/wp-content\/uploads\/2024\/11\/IMG_4665-kopya-scaled-475x600.jpg\" width=\"475\" height=\"600\" alt=\"TOBB K\u00fctahya OSB MTAL \u00d6\u011fretmenler G\u00fcn\u00fc Etkinli\u011fi\" title=\"IMG_4665 kopya\" \/>                    <\/div>\n                                    <div class=\"slick-slide\">\n                        <img loading=\"lazy\" decoding=\"async\" class=\"\" src=\"https:\/\/www.kutahyaosb.org.tr\/last\/wp-content\/uploads\/2024\/11\/IMG_5042-kopya-Kopya-scaled-475x600.jpg\" width=\"475\" height=\"600\" alt=\"Yat\u0131r\u0131mc\u0131lar\u0131m\u0131z \u0130le Kahvalt\u0131 Organizasyonu\" title=\"IMG_5042 kopya - Kopya\" \/>                    <\/div>\n                                    <div class=\"slick-slide\">\n                        <img loading=\"lazy\" decoding=\"async\" class=\"\" src=\"https:\/\/www.kutahyaosb.org.tr\/last\/wp-content\/uploads\/2024\/11\/IMG_5054-kopya-Kopya-scaled-475x600.jpg\" width=\"475\" height=\"600\" alt=\"Yat\u0131r\u0131mc\u0131lar\u0131m\u0131z \u0130le Kahvalt\u0131 Organizasyonu\" title=\"IMG_5054 kopya - Kopya\" \/>                    <\/div>\n                                    <div class=\"slick-slide\">\n                        <img loading=\"lazy\" decoding=\"async\" class=\"\" src=\"https:\/\/www.kutahyaosb.org.tr\/last\/wp-content\/uploads\/2024\/11\/IMG_5131-kopya-Kopya-scaled-475x600.jpg\" width=\"475\" height=\"600\" alt=\"Y\u00f6netim Kurulu Ba\u015fkan Vekilimiz Toplant\u0131 Konu\u015fmas\u0131\" title=\"IMG_5131 kopya - Kopya\" \/>                    <\/div>\n                                    <div class=\"slick-slide\">\n                        <img loading=\"lazy\" decoding=\"async\" class=\"\" src=\"https:\/\/www.kutahyaosb.org.tr\/last\/wp-content\/uploads\/2024\/11\/IMG_5530-scaled-475x600.jpg\" width=\"475\" height=\"600\" alt=\"OSB Akademi E\u011fitimi\" title=\"IMG_5530\" \/>                    <\/div>\n                                    <div class=\"slick-slide\">\n                        <img loading=\"lazy\" decoding=\"async\" class=\"\" src=\"https:\/\/www.kutahyaosb.org.tr\/last\/wp-content\/uploads\/2024\/11\/IMG_5559-kopya-scaled-475x600.jpg\" width=\"475\" height=\"600\" alt=\"IMG_5559 kopya\" title=\"IMG_5559 kopya\" \/>                    <\/div>\n                                    <div class=\"slick-slide\">\n                        <img loading=\"lazy\" decoding=\"async\" class=\"\" src=\"https:\/\/www.kutahyaosb.org.tr\/last\/wp-content\/uploads\/2024\/11\/IMG_5775-kopya-scaled-475x600.jpg\" width=\"475\" height=\"600\" alt=\"Y\u00f6netim Kurulu Ba\u015fkan\u0131m\u0131z Say\u0131n Tolga ESK\u0130O\u011eLU Saha Ziyareti\" title=\"IMG_5775 kopya\" \/>                    <\/div>\n                                    <div class=\"slick-slide\">\n                        <img loading=\"lazy\" decoding=\"async\" class=\"\" src=\"https:\/\/www.kutahyaosb.org.tr\/last\/wp-content\/uploads\/2024\/11\/IMG_5923-scaled-475x600.jpg\" width=\"475\" height=\"600\" alt=\"K\u00fctahya OSB Personeli Do\u011fum G\u00fcn\u00fc Kutlama Etkinli\u011fi\" title=\"IMG_5923\" \/>                    <\/div>\n                                    <div class=\"slick-slide\">\n                        <img loading=\"lazy\" decoding=\"async\" class=\"\" src=\"https:\/\/www.kutahyaosb.org.tr\/last\/wp-content\/uploads\/2024\/11\/IMG_5960-scaled-475x600.jpg\" width=\"475\" height=\"600\" alt=\"K\u00fctahya OSB 100. Y\u0131l Hat\u0131ra Orman\u0131 A\u011fa\u00e7 Dikim Etkinli\u011fi\" title=\"IMG_5960\" \/>                    <\/div>\n                                    <div class=\"slick-slide\">\n                        <img loading=\"lazy\" decoding=\"async\" class=\"\" src=\"https:\/\/www.kutahyaosb.org.tr\/last\/wp-content\/uploads\/2024\/11\/IMG_7187-kopya-scaled-475x600.jpg\" width=\"475\" height=\"600\" alt=\"Y\u00f6netim Kurulu Ba\u015fkan\u0131m\u0131z Say\u0131n Tolga ESK\u0130O\u011eLU Saha Ziyareti\" title=\"IMG_7187 kopya\" \/>                    <\/div>\n                                    <div class=\"slick-slide\">\n                        <img loading=\"lazy\" decoding=\"async\" class=\"\" src=\"https:\/\/www.kutahyaosb.org.tr\/last\/wp-content\/uploads\/2024\/11\/IMG_7722-kopya-scaled-475x600.jpg\" width=\"475\" height=\"600\" alt=\"K\u00fctahya OSB Dart Turnuvas\u0131\" title=\"IMG_7722 kopya\" \/>                    <\/div>\n                                    <div class=\"slick-slide\">\n                        <img loading=\"lazy\" decoding=\"async\" class=\"\" src=\"https:\/\/www.kutahyaosb.org.tr\/last\/wp-content\/uploads\/2024\/11\/IMG_7836-kopya-scaled-475x600.jpg\" width=\"475\" height=\"600\" alt=\"K\u00fctahya OSB Dart Turnuvas\u0131\" title=\"IMG_7836 kopya\" \/>                    <\/div>\n                                    <div class=\"slick-slide\">\n                        <img loading=\"lazy\" decoding=\"async\" class=\"\" src=\"https:\/\/www.kutahyaosb.org.tr\/last\/wp-content\/uploads\/2024\/11\/IMG_8273-kopya-scaled-475x600.jpg\" width=\"475\" height=\"600\" alt=\"AFAD \u00d6d\u00fcl T\u00f6reni Etkinli\u011fi\" title=\"IMG_8273 kopya\" \/>                    <\/div>\n                                    <div class=\"slick-slide\">\n                        <img loading=\"lazy\" decoding=\"async\" class=\"\" src=\"https:\/\/www.kutahyaosb.org.tr\/last\/wp-content\/uploads\/2024\/11\/IMG_8437-kopya-scaled-475x600.jpg\" width=\"475\" height=\"600\" alt=\"AFAD E\u011fitimi\" title=\"IMG_8437 kopya\" \/>                    <\/div>\n                                    <div class=\"slick-slide\">\n                        <img loading=\"lazy\" decoding=\"async\" class=\"\" src=\"https:\/\/www.kutahyaosb.org.tr\/last\/wp-content\/uploads\/2024\/11\/IMG_8834-kopya-scaled-475x600.jpg\" width=\"475\" height=\"600\" alt=\"Genel Kurul - Y\u00f6netim Kurulumuz\" title=\"IMG_8834 kopya\" \/>                    <\/div>\n                                    <div class=\"slick-slide\">\n                        <img loading=\"lazy\" decoding=\"async\" class=\"\" src=\"https:\/\/www.kutahyaosb.org.tr\/last\/wp-content\/uploads\/2024\/11\/IMG_8858-kopya-scaled-475x600.jpg\" width=\"475\" height=\"600\" alt=\"Genel Kurul\" title=\"IMG_8858 kopya\" \/>                    <\/div>\n                                    <div class=\"slick-slide\">\n                        <img loading=\"lazy\" decoding=\"async\" class=\"\" src=\"https:\/\/www.kutahyaosb.org.tr\/last\/wp-content\/uploads\/2024\/11\/IMG_8869-kopya-scaled-475x600.jpg\" width=\"475\" height=\"600\" alt=\"Genel Kurul\" title=\"IMG_8869 kopya\" \/>                    <\/div>\n                                    <div class=\"slick-slide\">\n                        <img loading=\"lazy\" decoding=\"async\" class=\"\" src=\"https:\/\/www.kutahyaosb.org.tr\/last\/wp-content\/uploads\/2024\/11\/IMG_8883-kopya-scaled-475x600.jpg\" width=\"475\" height=\"600\" alt=\"Genel Kurul\" title=\"IMG_8883 kopya\" \/>                    <\/div>\n                                    <div class=\"slick-slide\">\n                        <img loading=\"lazy\" decoding=\"async\" class=\"\" src=\"https:\/\/www.kutahyaosb.org.tr\/last\/wp-content\/uploads\/2024\/11\/IMG_8894-kopya-scaled-475x600.jpg\" width=\"475\" height=\"600\" alt=\"Genel Kurul\" title=\"IMG_8894 kopya\" \/>                    <\/div>\n                                    <div class=\"slick-slide\">\n                        <img loading=\"lazy\" decoding=\"async\" class=\"\" src=\"https:\/\/www.kutahyaosb.org.tr\/last\/wp-content\/uploads\/2024\/11\/IMG_9028-kopya-scaled-475x600.jpg\" width=\"475\" height=\"600\" alt=\"Y\u00f6netim Kurulu\" title=\"IMG_9028 kopya\" \/>                    <\/div>\n                                    <div class=\"slick-slide\">\n                        <img loading=\"lazy\" decoding=\"async\" class=\"\" src=\"https:\/\/www.kutahyaosb.org.tr\/last\/wp-content\/uploads\/2024\/11\/IMG_9138-scaled-475x600.jpg\" width=\"475\" height=\"600\" alt=\"K\u00fctahya OSB Personelleri\" title=\"IMG_9138\" \/>                    <\/div>\n                                    <div class=\"slick-slide\">\n                        <img loading=\"lazy\" decoding=\"async\" class=\"\" src=\"https:\/\/www.kutahyaosb.org.tr\/last\/wp-content\/uploads\/2024\/11\/IMG_9574-scaled-475x600.jpg\" width=\"475\" height=\"600\" alt=\"K\u00fctahya OSB M\u00fcd\u00fcrl\u00fc\u011f\u00fc\" title=\"IMG_9574\" \/>                    <\/div>\n                                    <div class=\"slick-slide\">\n                        <img loading=\"lazy\" decoding=\"async\" class=\"\" src=\"https:\/\/www.kutahyaosb.org.tr\/last\/wp-content\/uploads\/2024\/11\/IMG_9576-scaled-475x600.jpg\" width=\"475\" height=\"600\" alt=\"K\u00fctahya OSB M\u00fcd\u00fcrl\u00fc\u011f\u00fc\" title=\"IMG_9576\" \/>                    <\/div>\n                                    <div class=\"slick-slide\">\n                        <img loading=\"lazy\" decoding=\"async\" class=\"\" src=\"https:\/\/www.kutahyaosb.org.tr\/last\/wp-content\/uploads\/2024\/11\/IMG_9970-kopya-scaled-475x600.jpg\" width=\"475\" height=\"600\" alt=\"Y\u00f6netim Kurulu Saha Ziyareti\" title=\"IMG_9970 kopya\" \/>                    <\/div>\n                            <\/div>\n        <\/div>\n    <\/div>\n\t\t\t\t<\/div>\n\t\t\t\t<\/div>\n\t\t\t\t\t<\/div>\n\t\t\t\t<\/div>\n\t\t\t\t<\/div>\n\t\t","protected":false},"excerpt":{"rendered":"<p>Foto\u011fraf Galerisi K\u00fctahya OSB<\/p>\n","protected":false},"author":1,"featured_media":0,"parent":0,"menu_order":0,"comment_status":"closed","ping_status":"closed","template":"","meta":{"_uag_custom_page_level_css":"","footnotes":""},"class_list":["post-4235","page","type-page","status-publish","hentry"],"uagb_featured_image_src":{"full":false,"thumbnail":false,"medium":false,"medium_large":false,"large":false,"1536x1536":false,"2048x2048":false,"consultio-large":false,"consultio-medium":false,"woocommerce_thumbnail":false,"woocommerce_single":false,"woocommerce_gallery_thumbnail":false,"quick_view_image_size":false},"uagb_author_info":{"display_name":"admin","author_link":"https:\/\/www.kutahyaosb.org.tr\/last\/home\/author\/admin\/"},"uagb_comment_info":0,"uagb_excerpt":"Foto\u011fraf Galerisi K\u00fctahya OSB","_links":{"self":[{"href":"https:\/\/www.kutahyaosb.org.tr\/last\/home\/wp-json\/wp\/v2\/pages\/4235","targetHints":{"allow":["GET"]}}],"collection":[{"href":"https:\/\/www.kutahyaosb.org.tr\/last\/home\/wp-json\/wp\/v2\/pages"}],"about":[{"href":"https:\/\/www.kutahyaosb.org.tr\/last\/home\/wp-json\/wp\/v2\/types\/page"}],"author":[{"embeddable":true,"href":"https:\/\/www.kutahyaosb.org.tr\/last\/home\/wp-json\/wp\/v2\/users\/1"}],"replies":[{"embeddable":true,"href":"https:\/\/www.kutahyaosb.org.tr\/last\/home\/wp-json\/wp\/v2\/comments?post=4235"}],"version-history":[{"count":4,"href":"https:\/\/www.kutahyaosb.org.tr\/last\/home\/wp-json\/wp\/v2\/pages\/4235\/revisions"}],"predecessor-version":[{"id":4301,"href":"https:\/\/www.kutahyaosb.org.tr\/last\/home\/wp-json\/wp\/v2\/pages\/4235\/revisions\/4301"}],"wp:attachment":[{"href":"https:\/\/www.kutahyaosb.org.tr\/last\/home\/wp-json\/wp\/v2\/media?parent=4235"}],"curies":[{"name":"wp","href":"https:\/\/api.w.org\/{rel}","templated":true}]}}