{"id":4532,"date":"2024-12-20T13:25:15","date_gmt":"2024-12-20T13:25:15","guid":{"rendered":"https:\/\/www.kutahyaosb.org.tr\/last\/home\/?page_id=4532"},"modified":"2024-12-20T13:51:20","modified_gmt":"2024-12-20T13:51:20","slug":"destek-isletmeler","status":"publish","type":"page","link":"https:\/\/www.kutahyaosb.org.tr\/last\/home\/destek-isletmeler\/","title":{"rendered":"Destek \u0130\u015fletmeler"},"content":{"rendered":"\t\t<div data-elementor-type=\"wp-page\" data-elementor-id=\"4532\" class=\"elementor elementor-4532\">\n\t\t\t\t<div class=\"elementor-element elementor-element-1b9be74a elementor-hidden-tablet elementor-hidden-mobile e-flex e-con-boxed e-con e-parent\" data-id=\"1b9be74a\" data-element_type=\"container\">\n\t\t\t\t\t<div class=\"e-con-inner\">\n\t\t\t\t<div class=\"elementor-element elementor-element-19efd8ce elementor-widget elementor-widget-spacer\" data-id=\"19efd8ce\" data-element_type=\"widget\" data-widget_type=\"spacer.default\">\n\t\t\t\t<div class=\"elementor-widget-container\">\n\t\t\t\t\t\t\t<div class=\"elementor-spacer\">\n\t\t\t<div class=\"elementor-spacer-inner\"><\/div>\n\t\t<\/div>\n\t\t\t\t\t\t<\/div>\n\t\t\t\t<\/div>\n\t\t\t\t\t<\/div>\n\t\t\t\t<\/div>\n\t\t<div class=\"elementor-element elementor-element-16ae8d46 e-flex e-con-boxed e-con e-parent\" data-id=\"16ae8d46\" data-element_type=\"container\">\n\t\t\t\t\t<div class=\"e-con-inner\">\n\t\t\t\t<div class=\"elementor-element elementor-element-1a3247cb elementor-widget elementor-widget-ct_heading\" data-id=\"1a3247cb\" data-element_type=\"widget\" data-widget_type=\"ct_heading.default\">\n\t\t\t\t<div class=\"elementor-widget-container\">\n\t\t\t\t\t<div class=\"ct-heading h-align-center  sub-style9 ct-heading-left item-st-line-center\">\n\t\t\t<div class=\"item--sub-title style9 show-line\">\n                        K\u00fctahya OSB                                        <span class=\"line-left\"><\/span>\n                <span class=\"line-right\"><\/span>\n                    <\/div>\n\t    <h3 class=\"item--title st-line-center \" data-wow-delay=\"ms\">\n                <span class=\"sp-main\">\n            \n            Destek \u0130\u015fletmeler\n            \n                    <\/span>\n            <\/h3>\n<\/div>\t\t\t\t<\/div>\n\t\t\t\t<\/div>\n\t\t\t\t\t<\/div>\n\t\t\t\t<\/div>\n\t\t<div class=\"elementor-element elementor-element-6ea2bc3f e-flex e-con-boxed e-con e-parent\" data-id=\"6ea2bc3f\" data-element_type=\"container\">\n\t\t\t\t\t<div class=\"e-con-inner\">\n\t\t<div class=\"elementor-element elementor-element-5cff66e8 e-con-full e-flex e-con e-child\" data-id=\"5cff66e8\" data-element_type=\"container\">\n\t\t\t\t<div class=\"elementor-element elementor-element-6b04ffc1 elementor-widget elementor-widget-text-editor\" data-id=\"6b04ffc1\" data-element_type=\"widget\" data-widget_type=\"text-editor.default\">\n\t\t\t\t<div class=\"elementor-widget-container\">\n\t\t\t\t\t\t\t\t\t<p><em>\u00dcretim Destek Noktalar\u0131<\/em><\/p>\t\t\t\t\t\t\t\t<\/div>\n\t\t\t\t<\/div>\n\t\t\t\t<div class=\"elementor-element elementor-element-5bfb9515 elementor-widget elementor-widget-text-editor\" data-id=\"5bfb9515\" data-element_type=\"widget\" data-widget_type=\"text-editor.default\">\n\t\t\t\t<div class=\"elementor-widget-container\">\n\t\t\t\t\t\t\t\t\t<p><em><strong>Sanayi&#8217;nin \u0130htiyac\u0131na Y\u00f6nelik Hizmetler<\/strong><\/em><\/p><p>K\u00fctahya OSB i\u00e7erisinde yer alan, yat\u0131r\u0131mc\u0131lar\u0131m\u0131z\u0131n \u00fcretim s\u00fcre\u00e7lerinde ihtiya\u00e7 duyabilece\u011fi hizmet ve malzemelere h\u0131zl\u0131 ve kolay eri\u015fim sa\u011flamak amac\u0131yla tasarlanm\u0131\u015f i\u015fyerleridir. Bu noktalar, sanayicilerimizin zaman kayb\u0131n\u0131 en aza indirerek \u00fcretimlerini kesintisiz s\u00fcrd\u00fcrebilmelerine katk\u0131 sa\u011flar. Modern altyap\u0131s\u0131 ve merkezi konumuyla \u00dcretim Destek Noktalar\u0131, OSB&#8217;nin verimlili\u011fini art\u0131rmay\u0131 hedeflemektedir.<\/p><p>Bu kapsamda m\u00fchendislik firmalar\u0131, h\u0131rdavat d\u00fckkanlar\u0131, CNC merkezleri, \u0130SG ofisleri vb. firmalar hizmet vermektedir.<\/p>\t\t\t\t\t\t\t\t<\/div>\n\t\t\t\t<\/div>\n\t\t\t\t<\/div>\n\t\t<div class=\"elementor-element elementor-element-642afae3 e-con-full e-flex e-con e-child\" data-id=\"642afae3\" data-element_type=\"container\">\n\t\t\t\t<div class=\"elementor-element elementor-element-9558ece elementor-widget elementor-widget-spacer\" data-id=\"9558ece\" data-element_type=\"widget\" data-widget_type=\"spacer.default\">\n\t\t\t\t<div class=\"elementor-widget-container\">\n\t\t\t\t\t\t\t<div class=\"elementor-spacer\">\n\t\t\t<div class=\"elementor-spacer-inner\"><\/div>\n\t\t<\/div>\n\t\t\t\t\t\t<\/div>\n\t\t\t\t<\/div>\n\t\t\t\t<div class=\"elementor-element elementor-element-0678db0 elementor-widget elementor-widget-image\" data-id=\"0678db0\" data-element_type=\"widget\" data-widget_type=\"image.default\">\n\t\t\t\t<div class=\"elementor-widget-container\">\n\t\t\t\t\t\t\t\t\t\t\t\t\t\t\t<img decoding=\"async\" src=\"https:\/\/www.kutahyaosb.org.tr\/last\/Y\u00fcklemeler\/Destek%20\u0130\u015fletmeler\/D\u00dcKKANLAR.jpg?_t=1734701627\" title=\"\" alt=\"\" loading=\"lazy\" \/>\t\t\t\t\t\t\t\t\t\t\t\t\t\t\t<\/div>\n\t\t\t\t<\/div>\n\t\t\t\t<\/div>\n\t\t\t\t\t<\/div>\n\t\t\t\t<\/div>\n\t\t<div class=\"elementor-element elementor-element-36aaf160 e-flex e-con-boxed e-con e-parent\" data-id=\"36aaf160\" data-element_type=\"container\">\n\t\t\t\t\t<div class=\"e-con-inner\">\n\t\t\t\t<div class=\"elementor-element elementor-element-31b987e e-transform elementor-widget elementor-widget-text-editor\" data-id=\"31b987e\" data-element_type=\"widget\" data-settings=\"{&quot;_transform_translateX_effect&quot;:{&quot;unit&quot;:&quot;px&quot;,&quot;size&quot;:0,&quot;sizes&quot;:[]},&quot;_transform_translateY_effect&quot;:{&quot;unit&quot;:&quot;px&quot;,&quot;size&quot;:8,&quot;sizes&quot;:[]},&quot;_transform_translateX_effect_tablet&quot;:{&quot;unit&quot;:&quot;px&quot;,&quot;size&quot;:&quot;&quot;,&quot;sizes&quot;:[]},&quot;_transform_translateX_effect_mobile&quot;:{&quot;unit&quot;:&quot;px&quot;,&quot;size&quot;:&quot;&quot;,&quot;sizes&quot;:[]},&quot;_transform_translateY_effect_tablet&quot;:{&quot;unit&quot;:&quot;px&quot;,&quot;size&quot;:&quot;&quot;,&quot;sizes&quot;:[]},&quot;_transform_translateY_effect_mobile&quot;:{&quot;unit&quot;:&quot;px&quot;,&quot;size&quot;:&quot;&quot;,&quot;sizes&quot;:[]}}\" data-widget_type=\"text-editor.default\">\n\t\t\t\t<div class=\"elementor-widget-container\">\n\t\t\t\t\t\t\t\t\t<p><em>DESTEK<\/em><\/p>\t\t\t\t\t\t\t\t<\/div>\n\t\t\t\t<\/div>\n\t\t\t\t\t<\/div>\n\t\t\t\t<\/div>\n\t\t<div class=\"elementor-element elementor-element-5d5f8516 e-flex e-con-boxed e-con e-parent\" data-id=\"5d5f8516\" data-element_type=\"container\">\n\t\t\t\t\t<div class=\"e-con-inner\">\n\t\t<div class=\"elementor-element elementor-element-5080897c e-con-full e-flex e-con e-child\" data-id=\"5080897c\" data-element_type=\"container\">\n\t\t\t\t<div class=\"elementor-element elementor-element-9d9fc2a elementor-widget elementor-widget-spacer\" data-id=\"9d9fc2a\" data-element_type=\"widget\" data-widget_type=\"spacer.default\">\n\t\t\t\t<div class=\"elementor-widget-container\">\n\t\t\t\t\t\t\t<div class=\"elementor-spacer\">\n\t\t\t<div class=\"elementor-spacer-inner\"><\/div>\n\t\t<\/div>\n\t\t\t\t\t\t<\/div>\n\t\t\t\t<\/div>\n\t\t\t\t<div class=\"elementor-element elementor-element-2713adec elementor-widget elementor-widget-image\" data-id=\"2713adec\" data-element_type=\"widget\" data-widget_type=\"image.default\">\n\t\t\t\t<div class=\"elementor-widget-container\">\n\t\t\t\t\t\t\t\t\t\t\t\t\t\t\t<img decoding=\"async\" src=\"https:\/\/www.kutahyaosb.org.tr\/last\/Y\u00fcklemeler\/Destek%20\u0130\u015fletmeler\/NAKL\u0130YE%20OF\u0130S.jpg?_t=1734701590\" title=\"\" alt=\"\" loading=\"lazy\" \/>\t\t\t\t\t\t\t\t\t\t\t\t\t\t\t<\/div>\n\t\t\t\t<\/div>\n\t\t\t\t<\/div>\n\t\t<div class=\"elementor-element elementor-element-3ae7b187 e-con-full e-flex e-con e-child\" data-id=\"3ae7b187\" data-element_type=\"container\">\n\t\t\t\t<div class=\"elementor-element elementor-element-30f58429 elementor-widget elementor-widget-text-editor\" data-id=\"30f58429\" data-element_type=\"widget\" data-widget_type=\"text-editor.default\">\n\t\t\t\t<div class=\"elementor-widget-container\">\n\t\t\t\t\t\t\t\t\t<p>Lojistik Hizmetleri Noktalar\u0131<\/p>\t\t\t\t\t\t\t\t<\/div>\n\t\t\t\t<\/div>\n\t\t\t\t<div class=\"elementor-element elementor-element-50492910 elementor-widget elementor-widget-text-editor\" data-id=\"50492910\" data-element_type=\"widget\" data-widget_type=\"text-editor.default\">\n\t\t\t\t<div class=\"elementor-widget-container\">\n\t\t\t\t\t\t\t\t\t<p><em><strong>\u00dcretimin \u0130htiya\u00e7 Duydu\u011fu H\u0131z<\/strong><\/em><br \/>K\u00fctahya OSB b\u00fcnyesinde yer alan ve sanayi i\u015fletmelerimizin ta\u015f\u0131mac\u0131l\u0131k, hafriyat ve a\u011f\u0131r y\u00fck kald\u0131rma gibi ihtiya\u00e7lar\u0131na h\u0131zl\u0131 ve etkili \u00e7\u00f6z\u00fcmler sunan bir hizmet merkezidir. Nakliye firmalar\u0131, hafriyat firmalar\u0131 ve vin\u00e7 kiralama \u015firketlerinin bir arada bulundu\u011fu bu alan, i\u015fletmelerimize lojistik operasyonlar\u0131n\u0131 kolayla\u015ft\u0131rma ve i\u015f s\u00fcre\u00e7lerini h\u0131zland\u0131rma imkan\u0131 sa\u011flar. Lojistik Hizmetler, OSB&#8217;nin entegre yap\u0131s\u0131n\u0131 destekleyen, modern altyap\u0131s\u0131yla sanayicilerimizin t\u00fcm lojistik gereksinimlerini kar\u015f\u0131lamay\u0131 hedeflemektedir.<\/p>\t\t\t\t\t\t\t\t<\/div>\n\t\t\t\t<\/div>\n\t\t\t\t<\/div>\n\t\t\t\t\t<\/div>\n\t\t\t\t<\/div>\n\t\t<div class=\"elementor-element elementor-element-20fd9545 e-flex e-con-boxed e-con e-parent\" data-id=\"20fd9545\" data-element_type=\"container\">\n\t\t\t\t\t<div class=\"e-con-inner\">\n\t\t\t\t<div class=\"elementor-element elementor-element-200ab60e e-transform elementor-widget elementor-widget-text-editor\" data-id=\"200ab60e\" data-element_type=\"widget\" data-settings=\"{&quot;_transform_translateX_effect&quot;:{&quot;unit&quot;:&quot;px&quot;,&quot;size&quot;:0,&quot;sizes&quot;:[]},&quot;_transform_translateY_effect&quot;:{&quot;unit&quot;:&quot;px&quot;,&quot;size&quot;:8,&quot;sizes&quot;:[]},&quot;_transform_translateX_effect_tablet&quot;:{&quot;unit&quot;:&quot;px&quot;,&quot;size&quot;:&quot;&quot;,&quot;sizes&quot;:[]},&quot;_transform_translateX_effect_mobile&quot;:{&quot;unit&quot;:&quot;px&quot;,&quot;size&quot;:&quot;&quot;,&quot;sizes&quot;:[]},&quot;_transform_translateY_effect_tablet&quot;:{&quot;unit&quot;:&quot;px&quot;,&quot;size&quot;:&quot;&quot;,&quot;sizes&quot;:[]},&quot;_transform_translateY_effect_mobile&quot;:{&quot;unit&quot;:&quot;px&quot;,&quot;size&quot;:&quot;&quot;,&quot;sizes&quot;:[]}}\" data-widget_type=\"text-editor.default\">\n\t\t\t\t<div class=\"elementor-widget-container\">\n\t\t\t\t\t\t\t\t\t<p><em>HIZ<\/em><\/p>\t\t\t\t\t\t\t\t<\/div>\n\t\t\t\t<\/div>\n\t\t\t\t\t<\/div>\n\t\t\t\t<\/div>\n\t\t<div class=\"elementor-element elementor-element-32b18aa e-flex e-con-boxed e-con e-parent\" data-id=\"32b18aa\" data-element_type=\"container\">\n\t\t\t\t\t<div class=\"e-con-inner\">\n\t\t<div class=\"elementor-element elementor-element-23ba277a e-con-full e-flex e-con e-child\" data-id=\"23ba277a\" data-element_type=\"container\">\n\t\t\t\t<div class=\"elementor-element elementor-element-37577a71 elementor-widget elementor-widget-text-editor\" data-id=\"37577a71\" data-element_type=\"widget\" data-widget_type=\"text-editor.default\">\n\t\t\t\t<div class=\"elementor-widget-container\">\n\t\t\t\t\t\t\t\t\t<p>S\u00fcpermarket<\/p>\t\t\t\t\t\t\t\t<\/div>\n\t\t\t\t<\/div>\n\t\t\t\t<div class=\"elementor-element elementor-element-2eb1bffd elementor-widget elementor-widget-text-editor\" data-id=\"2eb1bffd\" data-element_type=\"widget\" data-widget_type=\"text-editor.default\">\n\t\t\t\t<div class=\"elementor-widget-container\">\n\t\t\t\t\t\t\t\t\t<p><em><strong>Her \u015eey Elinizin Alt\u0131nda<\/strong><\/em><br \/>K\u00fctahya OSB S\u00fcper Marketi, sanayi b\u00f6lgesinde faaliyet g\u00f6steren i\u015fletmelerimizin ve \u00e7al\u0131\u015fanlar\u0131m\u0131z\u0131n g\u00fcnl\u00fck ihtiya\u00e7lar\u0131n\u0131 kar\u015f\u0131lamak amac\u0131yla hizmet vermektedir. Geni\u015f \u00fcr\u00fcn yelpazesiyle temel g\u0131da maddelerinden temizlik \u00fcr\u00fcnlerine, ki\u015fisel bak\u0131m \u00fcr\u00fcnlerinden h\u0131zl\u0131 t\u00fcketim \u00fcr\u00fcnlerine kadar her t\u00fcrl\u00fc ihtiyac\u0131 kar\u015f\u0131layan S\u00fcper Market, merkezi konumu ve uygun fiyatlar\u0131yla OSB&#8217;nin sosyal altyap\u0131s\u0131n\u0131 g\u00fc\u00e7lendirmektedir. \u00c7al\u0131\u015fma saatleri ve modern tasar\u0131m\u0131yla sanayicilerimize ve \u00e7al\u0131\u015fanlar\u0131m\u0131za pratik bir al\u0131\u015fveri\u015f deneyimi sunmaktad\u0131r.<\/p>\t\t\t\t\t\t\t\t<\/div>\n\t\t\t\t<\/div>\n\t\t\t\t<\/div>\n\t\t<div class=\"elementor-element elementor-element-4faceab4 e-con-full e-flex e-con e-child\" data-id=\"4faceab4\" data-element_type=\"container\">\n\t\t\t\t<div class=\"elementor-element elementor-element-6cf8d15 elementor-widget elementor-widget-spacer\" data-id=\"6cf8d15\" data-element_type=\"widget\" data-widget_type=\"spacer.default\">\n\t\t\t\t<div class=\"elementor-widget-container\">\n\t\t\t\t\t\t\t<div class=\"elementor-spacer\">\n\t\t\t<div class=\"elementor-spacer-inner\"><\/div>\n\t\t<\/div>\n\t\t\t\t\t\t<\/div>\n\t\t\t\t<\/div>\n\t\t\t\t<div class=\"elementor-element elementor-element-6f371d1 elementor-widget elementor-widget-image\" data-id=\"6f371d1\" data-element_type=\"widget\" data-widget_type=\"image.default\">\n\t\t\t\t<div class=\"elementor-widget-container\">\n\t\t\t\t\t\t\t\t\t\t\t\t\t\t\t<img decoding=\"async\" src=\"https:\/\/www.kutahyaosb.org.tr\/last\/Y\u00fcklemeler\/Destek%20\u0130\u015fletmeler\/\u015eOK.jpg?_t=1734701583\" title=\"\" alt=\"\" loading=\"lazy\" \/>\t\t\t\t\t\t\t\t\t\t\t\t\t\t\t<\/div>\n\t\t\t\t<\/div>\n\t\t\t\t<\/div>\n\t\t\t\t\t<\/div>\n\t\t\t\t<\/div>\n\t\t\t\t<\/div>\n\t\t","protected":false},"excerpt":{"rendered":"<p>K\u00fctahya OSB Destek \u0130\u015fletmeler \u00dcretim Destek Noktalar\u0131 Sanayi&#8217;nin \u0130htiyac\u0131na Y\u00f6nelik Hizmetler K\u00fctahya OSB i\u00e7erisinde yer alan, yat\u0131r\u0131mc\u0131lar\u0131m\u0131z\u0131n \u00fcretim s\u00fcre\u00e7lerinde ihtiya\u00e7 duyabilece\u011fi hizmet ve malzemelere h\u0131zl\u0131 ve kolay eri\u015fim sa\u011flamak amac\u0131yla tasarlanm\u0131\u015f i\u015fyerleridir. Bu noktalar, sanayicilerimizin zaman kayb\u0131n\u0131 en aza indirerek \u00fcretimlerini kesintisiz s\u00fcrd\u00fcrebilmelerine katk\u0131 sa\u011flar. Modern altyap\u0131s\u0131 ve merkezi konumuyla \u00dcretim Destek Noktalar\u0131, OSB&#8217;nin verimlili\u011fini [&hellip;]<\/p>\n","protected":false},"author":1,"featured_media":0,"parent":0,"menu_order":0,"comment_status":"closed","ping_status":"closed","template":"elementor_header_footer","meta":{"_uag_custom_page_level_css":"","footnotes":""},"class_list":["post-4532","page","type-page","status-publish","hentry"],"uagb_featured_image_src":{"full":false,"thumbnail":false,"medium":false,"medium_large":false,"large":false,"1536x1536":false,"2048x2048":false,"consultio-large":false,"consultio-medium":false,"woocommerce_thumbnail":false,"woocommerce_single":false,"woocommerce_gallery_thumbnail":false,"quick_view_image_size":false},"uagb_author_info":{"display_name":"admin","author_link":"https:\/\/www.kutahyaosb.org.tr\/last\/home\/author\/admin\/"},"uagb_comment_info":0,"uagb_excerpt":"K\u00fctahya OSB Destek \u0130\u015fletmeler \u00dcretim Destek Noktalar\u0131 Sanayi&#8217;nin \u0130htiyac\u0131na Y\u00f6nelik Hizmetler K\u00fctahya OSB i\u00e7erisinde yer alan, yat\u0131r\u0131mc\u0131lar\u0131m\u0131z\u0131n \u00fcretim s\u00fcre\u00e7lerinde ihtiya\u00e7 duyabilece\u011fi hizmet ve malzemelere h\u0131zl\u0131 ve kolay eri\u015fim sa\u011flamak amac\u0131yla tasarlanm\u0131\u015f i\u015fyerleridir. Bu noktalar, sanayicilerimizin zaman kayb\u0131n\u0131 en aza indirerek \u00fcretimlerini kesintisiz s\u00fcrd\u00fcrebilmelerine katk\u0131 sa\u011flar. Modern altyap\u0131s\u0131 ve merkezi konumuyla \u00dcretim Destek Noktalar\u0131, OSB&#8217;nin verimlili\u011fini&hellip;","_links":{"self":[{"href":"https:\/\/www.kutahyaosb.org.tr\/last\/home\/wp-json\/wp\/v2\/pages\/4532","targetHints":{"allow":["GET"]}}],"collection":[{"href":"https:\/\/www.kutahyaosb.org.tr\/last\/home\/wp-json\/wp\/v2\/pages"}],"about":[{"href":"https:\/\/www.kutahyaosb.org.tr\/last\/home\/wp-json\/wp\/v2\/types\/page"}],"author":[{"embeddable":true,"href":"https:\/\/www.kutahyaosb.org.tr\/last\/home\/wp-json\/wp\/v2\/users\/1"}],"replies":[{"embeddable":true,"href":"https:\/\/www.kutahyaosb.org.tr\/last\/home\/wp-json\/wp\/v2\/comments?post=4532"}],"version-history":[{"count":7,"href":"https:\/\/www.kutahyaosb.org.tr\/last\/home\/wp-json\/wp\/v2\/pages\/4532\/revisions"}],"predecessor-version":[{"id":4540,"href":"https:\/\/www.kutahyaosb.org.tr\/last\/home\/wp-json\/wp\/v2\/pages\/4532\/revisions\/4540"}],"wp:attachment":[{"href":"https:\/\/www.kutahyaosb.org.tr\/last\/home\/wp-json\/wp\/v2\/media?parent=4532"}],"curies":[{"name":"wp","href":"https:\/\/api.w.org\/{rel}","templated":true}]}}