{"id":5175,"date":"2025-04-15T14:00:01","date_gmt":"2025-04-15T14:00:01","guid":{"rendered":"https:\/\/www.kutahyaosb.org.tr\/last\/home\/?page_id=5175"},"modified":"2025-04-16T06:30:24","modified_gmt":"2025-04-16T06:30:24","slug":"kutahya-osbye-ulasim-artik-daha-kolay","status":"publish","type":"page","link":"https:\/\/www.kutahyaosb.org.tr\/last\/home\/kutahya-osbye-ulasim-artik-daha-kolay\/","title":{"rendered":"K\u00fctahya OSB&#8217;ye Ula\u015f\u0131m Art\u0131k Daha Kolay"},"content":{"rendered":"\t\t<div data-elementor-type=\"wp-page\" data-elementor-id=\"5175\" class=\"elementor elementor-5175\">\n\t\t\t\t<div class=\"elementor-element elementor-element-1edff505 e-con-full e-flex e-con e-parent\" data-id=\"1edff505\" data-element_type=\"container\">\n\t\t\t\t<div class=\"elementor-element elementor-element-2ed235ca elementor-widget elementor-widget-heading\" data-id=\"2ed235ca\" data-element_type=\"widget\" data-widget_type=\"heading.default\">\n\t\t\t\t<div class=\"elementor-widget-container\">\n\t\t\t\t\t<h2 class=\"elementor-heading-title elementor-size-default\">K\u00dcTAHYA OSB'YE ULA\u015eIM ARTIK DAHA KOLAY!<\/h2>\t\t\t\t<\/div>\n\t\t\t\t<\/div>\n\t\t\t\t<\/div>\n\t\t<div class=\"elementor-element elementor-element-1510fd59 e-flex e-con-boxed e-con e-parent\" data-id=\"1510fd59\" data-element_type=\"container\">\n\t\t\t\t\t<div class=\"e-con-inner\">\n\t\t\t\t<div class=\"elementor-element elementor-element-9fa878a elementor-widget elementor-widget-image\" data-id=\"9fa878a\" data-element_type=\"widget\" data-widget_type=\"image.default\">\n\t\t\t\t<div class=\"elementor-widget-container\">\n\t\t\t\t\t\t\t\t\t\t\t\t\t\t\t<img fetchpriority=\"high\" decoding=\"async\" width=\"640\" height=\"800\" src=\"https:\/\/www.kutahyaosb.org.tr\/last\/wp-content\/uploads\/2025\/04\/1-1-819x1024.png\" class=\"attachment-large size-large wp-image-5178\" alt=\"\" srcset=\"https:\/\/www.kutahyaosb.org.tr\/last\/wp-content\/uploads\/2025\/04\/1-1-819x1024.png 819w, https:\/\/www.kutahyaosb.org.tr\/last\/wp-content\/uploads\/2025\/04\/1-1-240x300.png 240w, https:\/\/www.kutahyaosb.org.tr\/last\/wp-content\/uploads\/2025\/04\/1-1-768x960.png 768w, https:\/\/www.kutahyaosb.org.tr\/last\/wp-content\/uploads\/2025\/04\/1-1-1229x1536.png 1229w, https:\/\/www.kutahyaosb.org.tr\/last\/wp-content\/uploads\/2025\/04\/1-1-1638x2048.png 1638w, https:\/\/www.kutahyaosb.org.tr\/last\/wp-content\/uploads\/2025\/04\/1-1-600x750.png 600w\" sizes=\"(max-width: 640px) 100vw, 640px\" \/>\t\t\t\t\t\t\t\t\t\t\t\t\t\t\t<\/div>\n\t\t\t\t<\/div>\n\t\t\t\t\t<\/div>\n\t\t\t\t<\/div>\n\t\t<div class=\"elementor-element elementor-element-1409678 e-flex e-con-boxed e-con e-parent\" data-id=\"1409678\" data-element_type=\"container\">\n\t\t\t\t\t<div class=\"e-con-inner\">\n\t\t<div class=\"elementor-element elementor-element-630bf47 e-con-full e-flex e-con e-child\" data-id=\"630bf47\" data-element_type=\"container\">\n\t\t\t\t<div class=\"elementor-element elementor-element-54e33c4 elementor-widget elementor-widget-image\" data-id=\"54e33c4\" data-element_type=\"widget\" data-widget_type=\"image.default\">\n\t\t\t\t<div class=\"elementor-widget-container\">\n\t\t\t\t\t\t\t\t\t\t\t\t\t\t\t<img decoding=\"async\" width=\"640\" height=\"800\" src=\"https:\/\/www.kutahyaosb.org.tr\/last\/wp-content\/uploads\/2025\/04\/2-1-819x1024.png\" class=\"attachment-large size-large wp-image-5179\" alt=\"\" srcset=\"https:\/\/www.kutahyaosb.org.tr\/last\/wp-content\/uploads\/2025\/04\/2-1-819x1024.png 819w, https:\/\/www.kutahyaosb.org.tr\/last\/wp-content\/uploads\/2025\/04\/2-1-240x300.png 240w, https:\/\/www.kutahyaosb.org.tr\/last\/wp-content\/uploads\/2025\/04\/2-1-768x960.png 768w, https:\/\/www.kutahyaosb.org.tr\/last\/wp-content\/uploads\/2025\/04\/2-1-1229x1536.png 1229w, https:\/\/www.kutahyaosb.org.tr\/last\/wp-content\/uploads\/2025\/04\/2-1-1638x2048.png 1638w, https:\/\/www.kutahyaosb.org.tr\/last\/wp-content\/uploads\/2025\/04\/2-1-600x750.png 600w\" sizes=\"(max-width: 640px) 100vw, 640px\" \/>\t\t\t\t\t\t\t\t\t\t\t\t\t\t\t<\/div>\n\t\t\t\t<\/div>\n\t\t\t\t<\/div>\n\t\t<div class=\"elementor-element elementor-element-91fa87c e-con-full e-flex e-con e-child\" data-id=\"91fa87c\" data-element_type=\"container\">\n\t\t\t\t<div class=\"elementor-element elementor-element-08c9558 elementor-widget elementor-widget-image\" data-id=\"08c9558\" data-element_type=\"widget\" data-widget_type=\"image.default\">\n\t\t\t\t<div class=\"elementor-widget-container\">\n\t\t\t\t\t\t\t\t\t\t\t\t\t\t\t<img decoding=\"async\" width=\"640\" height=\"800\" src=\"https:\/\/www.kutahyaosb.org.tr\/last\/wp-content\/uploads\/2025\/04\/3-1-819x1024.png\" class=\"attachment-large size-large wp-image-5180\" alt=\"\" srcset=\"https:\/\/www.kutahyaosb.org.tr\/last\/wp-content\/uploads\/2025\/04\/3-1-819x1024.png 819w, https:\/\/www.kutahyaosb.org.tr\/last\/wp-content\/uploads\/2025\/04\/3-1-240x300.png 240w, https:\/\/www.kutahyaosb.org.tr\/last\/wp-content\/uploads\/2025\/04\/3-1-768x960.png 768w, https:\/\/www.kutahyaosb.org.tr\/last\/wp-content\/uploads\/2025\/04\/3-1-1229x1536.png 1229w, https:\/\/www.kutahyaosb.org.tr\/last\/wp-content\/uploads\/2025\/04\/3-1-1638x2048.png 1638w, https:\/\/www.kutahyaosb.org.tr\/last\/wp-content\/uploads\/2025\/04\/3-1-600x750.png 600w\" sizes=\"(max-width: 640px) 100vw, 640px\" \/>\t\t\t\t\t\t\t\t\t\t\t\t\t\t\t<\/div>\n\t\t\t\t<\/div>\n\t\t\t\t<\/div>\n\t\t\t\t\t<\/div>\n\t\t\t\t<\/div>\n\t\t<div class=\"elementor-element elementor-element-45b74a9 e-flex e-con-boxed e-con e-parent\" data-id=\"45b74a9\" data-element_type=\"container\">\n\t\t\t\t\t<div class=\"e-con-inner\">\n\t\t<div class=\"elementor-element elementor-element-d0d69b2 e-con-full e-flex e-con e-child\" data-id=\"d0d69b2\" data-element_type=\"container\">\n\t\t\t\t<div class=\"elementor-element elementor-element-6099d88 elementor-widget elementor-widget-image\" data-id=\"6099d88\" data-element_type=\"widget\" data-widget_type=\"image.default\">\n\t\t\t\t<div class=\"elementor-widget-container\">\n\t\t\t\t\t\t\t\t\t\t\t\t\t\t\t<img loading=\"lazy\" decoding=\"async\" width=\"640\" height=\"800\" src=\"https:\/\/www.kutahyaosb.org.tr\/last\/wp-content\/uploads\/2025\/04\/4-1-819x1024.png\" class=\"attachment-large size-large wp-image-5181\" alt=\"\" srcset=\"https:\/\/www.kutahyaosb.org.tr\/last\/wp-content\/uploads\/2025\/04\/4-1-819x1024.png 819w, https:\/\/www.kutahyaosb.org.tr\/last\/wp-content\/uploads\/2025\/04\/4-1-240x300.png 240w, https:\/\/www.kutahyaosb.org.tr\/last\/wp-content\/uploads\/2025\/04\/4-1-768x960.png 768w, https:\/\/www.kutahyaosb.org.tr\/last\/wp-content\/uploads\/2025\/04\/4-1-1229x1536.png 1229w, https:\/\/www.kutahyaosb.org.tr\/last\/wp-content\/uploads\/2025\/04\/4-1-1638x2048.png 1638w, https:\/\/www.kutahyaosb.org.tr\/last\/wp-content\/uploads\/2025\/04\/4-1-600x750.png 600w\" sizes=\"(max-width: 640px) 100vw, 640px\" \/>\t\t\t\t\t\t\t\t\t\t\t\t\t\t\t<\/div>\n\t\t\t\t<\/div>\n\t\t\t\t<\/div>\n\t\t<div class=\"elementor-element elementor-element-24262d6 e-con-full e-flex e-con e-child\" data-id=\"24262d6\" data-element_type=\"container\">\n\t\t\t\t<div class=\"elementor-element elementor-element-8526e7b elementor-widget elementor-widget-image\" data-id=\"8526e7b\" data-element_type=\"widget\" data-widget_type=\"image.default\">\n\t\t\t\t<div class=\"elementor-widget-container\">\n\t\t\t\t\t\t\t\t\t\t\t\t\t\t\t<img loading=\"lazy\" decoding=\"async\" width=\"640\" height=\"800\" src=\"https:\/\/www.kutahyaosb.org.tr\/last\/wp-content\/uploads\/2025\/04\/5-2-819x1024.png\" class=\"attachment-large size-large wp-image-5182\" alt=\"\" srcset=\"https:\/\/www.kutahyaosb.org.tr\/last\/wp-content\/uploads\/2025\/04\/5-2-819x1024.png 819w, https:\/\/www.kutahyaosb.org.tr\/last\/wp-content\/uploads\/2025\/04\/5-2-240x300.png 240w, https:\/\/www.kutahyaosb.org.tr\/last\/wp-content\/uploads\/2025\/04\/5-2-768x960.png 768w, https:\/\/www.kutahyaosb.org.tr\/last\/wp-content\/uploads\/2025\/04\/5-2-1229x1536.png 1229w, https:\/\/www.kutahyaosb.org.tr\/last\/wp-content\/uploads\/2025\/04\/5-2-1638x2048.png 1638w, https:\/\/www.kutahyaosb.org.tr\/last\/wp-content\/uploads\/2025\/04\/5-2-600x750.png 600w\" sizes=\"(max-width: 640px) 100vw, 640px\" \/>\t\t\t\t\t\t\t\t\t\t\t\t\t\t\t<\/div>\n\t\t\t\t<\/div>\n\t\t\t\t<\/div>\n\t\t\t\t\t<\/div>\n\t\t\t\t<\/div>\n\t\t<div class=\"elementor-element elementor-element-cbee518 e-flex e-con-boxed e-con e-parent\" data-id=\"cbee518\" data-element_type=\"container\">\n\t\t\t\t\t<div class=\"e-con-inner\">\n\t\t\t\t<div class=\"elementor-element elementor-element-98ac02f elementor-widget elementor-widget-image\" data-id=\"98ac02f\" data-element_type=\"widget\" data-widget_type=\"image.default\">\n\t\t\t\t<div class=\"elementor-widget-container\">\n\t\t\t\t\t\t\t\t\t\t\t\t\t\t\t<img loading=\"lazy\" decoding=\"async\" width=\"640\" height=\"800\" src=\"https:\/\/www.kutahyaosb.org.tr\/last\/wp-content\/uploads\/2025\/04\/6-2-819x1024.png\" class=\"attachment-large size-large wp-image-5183\" alt=\"\" srcset=\"https:\/\/www.kutahyaosb.org.tr\/last\/wp-content\/uploads\/2025\/04\/6-2-819x1024.png 819w, https:\/\/www.kutahyaosb.org.tr\/last\/wp-content\/uploads\/2025\/04\/6-2-240x300.png 240w, https:\/\/www.kutahyaosb.org.tr\/last\/wp-content\/uploads\/2025\/04\/6-2-768x960.png 768w, https:\/\/www.kutahyaosb.org.tr\/last\/wp-content\/uploads\/2025\/04\/6-2-1229x1536.png 1229w, https:\/\/www.kutahyaosb.org.tr\/last\/wp-content\/uploads\/2025\/04\/6-2-1638x2048.png 1638w, https:\/\/www.kutahyaosb.org.tr\/last\/wp-content\/uploads\/2025\/04\/6-2-600x750.png 600w\" sizes=\"(max-width: 640px) 100vw, 640px\" \/>\t\t\t\t\t\t\t\t\t\t\t\t\t\t\t<\/div>\n\t\t\t\t<\/div>\n\t\t\t\t\t<\/div>\n\t\t\t\t<\/div>\n\t\t<div class=\"elementor-element elementor-element-e62cc46 e-grid e-con-boxed e-con e-parent\" data-id=\"e62cc46\" data-element_type=\"container\">\n\t\t\t\t\t<div class=\"e-con-inner\">\n\t\t\t\t<div class=\"elementor-element elementor-element-18bfa69 elementor-widget elementor-widget-image\" data-id=\"18bfa69\" data-element_type=\"widget\" data-widget_type=\"image.default\">\n\t\t\t\t<div class=\"elementor-widget-container\">\n\t\t\t\t\t\t\t\t\t\t\t\t\t\t\t<img loading=\"lazy\" decoding=\"async\" width=\"640\" height=\"289\" src=\"https:\/\/www.kutahyaosb.org.tr\/last\/wp-content\/uploads\/2025\/04\/7981afa8-d160-4d4a-8d85-0f8860d4d0e2-1024x462.jpg\" class=\"attachment-large size-large wp-image-5207\" alt=\"\" srcset=\"https:\/\/www.kutahyaosb.org.tr\/last\/wp-content\/uploads\/2025\/04\/7981afa8-d160-4d4a-8d85-0f8860d4d0e2-1024x462.jpg 1024w, https:\/\/www.kutahyaosb.org.tr\/last\/wp-content\/uploads\/2025\/04\/7981afa8-d160-4d4a-8d85-0f8860d4d0e2-300x135.jpg 300w, https:\/\/www.kutahyaosb.org.tr\/last\/wp-content\/uploads\/2025\/04\/7981afa8-d160-4d4a-8d85-0f8860d4d0e2-768x346.jpg 768w, https:\/\/www.kutahyaosb.org.tr\/last\/wp-content\/uploads\/2025\/04\/7981afa8-d160-4d4a-8d85-0f8860d4d0e2-600x271.jpg 600w, https:\/\/www.kutahyaosb.org.tr\/last\/wp-content\/uploads\/2025\/04\/7981afa8-d160-4d4a-8d85-0f8860d4d0e2.jpg 1373w\" sizes=\"(max-width: 640px) 100vw, 640px\" \/>\t\t\t\t\t\t\t\t\t\t\t\t\t\t\t<\/div>\n\t\t\t\t<\/div>\n\t\t\t\t<div class=\"elementor-element elementor-element-41e879e elementor-widget elementor-widget-image\" data-id=\"41e879e\" data-element_type=\"widget\" data-widget_type=\"image.default\">\n\t\t\t\t<div class=\"elementor-widget-container\">\n\t\t\t\t\t\t\t\t\t\t\t\t\t\t\t<img loading=\"lazy\" decoding=\"async\" width=\"640\" height=\"353\" src=\"https:\/\/www.kutahyaosb.org.tr\/last\/wp-content\/uploads\/2025\/04\/fdaaf0c3-e8d8-45d9-8666-cff1f4a17b78-1024x564.jpg\" class=\"attachment-large size-large wp-image-5208\" alt=\"\" srcset=\"https:\/\/www.kutahyaosb.org.tr\/last\/wp-content\/uploads\/2025\/04\/fdaaf0c3-e8d8-45d9-8666-cff1f4a17b78-1024x564.jpg 1024w, https:\/\/www.kutahyaosb.org.tr\/last\/wp-content\/uploads\/2025\/04\/fdaaf0c3-e8d8-45d9-8666-cff1f4a17b78-300x165.jpg 300w, https:\/\/www.kutahyaosb.org.tr\/last\/wp-content\/uploads\/2025\/04\/fdaaf0c3-e8d8-45d9-8666-cff1f4a17b78-768x423.jpg 768w, https:\/\/www.kutahyaosb.org.tr\/last\/wp-content\/uploads\/2025\/04\/fdaaf0c3-e8d8-45d9-8666-cff1f4a17b78-600x330.jpg 600w, https:\/\/www.kutahyaosb.org.tr\/last\/wp-content\/uploads\/2025\/04\/fdaaf0c3-e8d8-45d9-8666-cff1f4a17b78.jpg 1486w\" sizes=\"(max-width: 640px) 100vw, 640px\" \/>\t\t\t\t\t\t\t\t\t\t\t\t\t\t\t<\/div>\n\t\t\t\t<\/div>\n\t\t\t\t\t<\/div>\n\t\t\t\t<\/div>\n\t\t<div class=\"elementor-element elementor-element-54cdbcd5 e-flex e-con-boxed e-con e-parent\" data-id=\"54cdbcd5\" data-element_type=\"container\">\n\t\t\t\t\t<div class=\"e-con-inner\">\n\t\t\t\t<div class=\"elementor-element elementor-element-2f7f52a4 elementor-widget elementor-widget-text-editor\" data-id=\"2f7f52a4\" data-element_type=\"widget\" data-widget_type=\"text-editor.default\">\n\t\t\t\t<div class=\"elementor-widget-container\">\n\t\t\t\t\t\t\t\t\t<p>K\u00fctahya Organize Sanayi B\u00f6lgesi, \u015fehir i\u00e7i ula\u015f\u0131mda \u00f6nemli bir ad\u0131m daha atarak \u00e7al\u0131\u015fanlar\u0131n\u0131n ve ziyaret\u00e7ilerinin hayat\u0131n\u0131 kolayla\u015ft\u0131r\u0131yor.<\/p>\n<p>K\u00fctahya Organize Sanayi B\u00f6lgesi Y\u00f6netim Kurulu Ba\u015fkanl\u0131\u011f\u0131\u2019n\u0131n, T.C. K\u00fctahya Belediyesi ve S.S. Merkez \u00d6zel Halk Otob\u00fcsleri Motorlu Ta\u015f\u0131y\u0131c\u0131lar Kooperatifi ile yapt\u0131\u011f\u0131 g\u00f6r\u00fc\u015fmeler sonucunda, \u015fehir i\u00e7i toplu ula\u015f\u0131mda \u00f6nemli bir d\u00fczenlemeye imza at\u0131ld\u0131. Al\u0131nan karar do\u011frultusunda, 27 numaral\u0131 \u00f6zel halk otob\u00fcs\u00fc ve 13 numaral\u0131 \u00f6zel halk otob\u00fcs\u00fc, her saat ba\u015f\u0131 K\u00fctahya Organize Sanayi B\u00f6lgesi\u2019nden ge\u00e7ecek \u015fekilde yeniden planland\u0131.<\/p>\n<p>Bu yeni d\u00fczenleme sayesinde, K\u00fctahya\u2019n\u0131n en yo\u011fun b\u00f6lgelerine ula\u015f\u0131m sa\u011flayan bu iki hat, OSB \u00e7al\u0131\u015fanlar\u0131 ve OSB\u2019yi ziyaret edecek vatanda\u015flar i\u00e7in b\u00fcy\u00fck bir ula\u015f\u0131m kolayl\u0131\u011f\u0131 sunacak. Hem sanayi b\u00f6lgesindeki \u00e7al\u0131\u015fanlar\u0131n i\u015fe geli\u015f-gidi\u015f saatlerindeki zorluklar\u0131 azaltmak hem de sanayi b\u00f6lgesinin \u015fehirle entegrasyonunu g\u00fc\u00e7lendirmek amac\u0131yla at\u0131lan bu ad\u0131m, ula\u015f\u0131m eri\u015filebilirli\u011fini art\u0131racak nitelikte.<\/p>\n<p>K\u00fctahya Organize Sanayi B\u00f6lgesi Y\u00f6netim Kurulu Ba\u015fkan\u0131 Tolga ESK\u0130O\u011eLU, konu ile ilgili yapm\u0131\u015f oldu\u011fu konu\u015fmas\u0131nda; \u201cSanayimizin geli\u015fimi kadar, \u00e7al\u0131\u015fanlar\u0131m\u0131z\u0131n g\u00fcnl\u00fck ya\u015fam\u0131n\u0131 kolayla\u015ft\u0131rmak da \u00f6nceliklerimiz aras\u0131nda yer al\u0131yor. Bu do\u011frultuda, K\u00fctahya Belediyesi ve S.S. Merkez \u00d6zel Halk Otob\u00fcsleri Motorlu Ta\u015f\u0131y\u0131c\u0131lar Kooperatifi ile yapt\u0131\u011f\u0131m\u0131z isti\u015fareler sonucunda 27 ve 13 numaral\u0131 \u00f6zel halk otob\u00fcslerinin art\u0131k her saat ba\u015f\u0131 K\u00fctahya OSB g\u00fczerg\u00e2h\u0131ndan ge\u00e7mesini b\u00fcy\u00fck bir memnuniyetle duyuruyoruz.<\/p>\n<p>Bu uygulama ile birlikte, Organize Sanayi B\u00f6lgemiz ile \u015fehir merkezi aras\u0131ndaki ula\u015f\u0131m a\u011f\u0131 daha g\u00fc\u00e7l\u00fc ve daha eri\u015filebilir hale gelmi\u015f olacak. Hem \u00e7al\u0131\u015fanlar\u0131m\u0131z\u0131n i\u015fe geli\u015f-gidi\u015f s\u00fcre\u00e7lerini kolayla\u015ft\u0131racak hem de b\u00f6lgemizi ziyaret etmek isteyen vatanda\u015flar\u0131m\u0131z i\u00e7in ciddi bir kolayl\u0131k sa\u011flayacak.<\/p>\n<p>Bu t\u00fcr i\u015f birlikleri sayesinde, K\u00fctahya OSB\u2019yi sadece \u00fcretimle de\u011fil, ya\u015fam kolayl\u0131\u011f\u0131yla da \u00f6rnek bir sanayi b\u00f6lgesi haline getirme vizyonumuzu ad\u0131m ad\u0131m ger\u00e7ekle\u015ftiriyoruz. Bu katk\u0131lar\u0131ndan dolay\u0131 K\u00fctahya Belediyemize ve kooperatif y\u00f6neticilerine te\u015fekk\u00fcr ediyorum.\u201d \u0130fadelerine yer verdi.<\/p><p><br><\/p>\n<p>27 NOLU HAT&nbsp;<\/p>\n<p>Gidi\u015f: Zafertepe- \u0130mam Gazali Cad.-28.Siner Sok.-Kamyon Garaj\u0131-Organize Sanayi-Kros Otomotiv-Nursan Kablo-\u00d6z Do\u011fanay-Acar Plastik- MKM Malta\u015f Maden- Akda\u015f Kimya-Organize M\u00fcd\u00fcrl\u00fc\u011f\u00fc-\u0130mam Gazali Caddesi- KYK-G\u00f6\u00e7men Evleri-Mahir Ablum Cad.-Sosyal Konutlar-Kent Hastanesi- Dumlup\u0131nar Bul.-Fatih Sultan Mehmet Bul.-Subay Lojmanlar\u0131-Belediye \u00d6n\u00fc-Atat\u00fcrk Bulv.-Laleli Camii-Eski\u015fehir Yolu- Otogar<\/p>\n<p><\/p>\n<p>D\u00f6n\u00fc\u015f: Otogar- Eski\u015fehir Yolu- Laleli Camii- Atata\u00fcrk Bulv.- Vazo- Saat Kulesi \u00d6n\u00fc \u2013 Belediye \u00d6n\u00fc.- Fatih Sultan Mehmet Bul- Subay Lojmanlar\u0131- Kent Hastanesi- Sosyal Konutlar- Mahir Ablum Cad.- G\u00f6\u00e7men Evleri- KYK- Nafi G\u00fcral Fen Lisesi- Samyeli Sokak &#8211; -Hac\u0131azizler Yolu-\u0130mam Gazali Cad.- Zafertepe- 28.Siner Sokak-Kamyon Garaj\u0131-Organize Sanayi-Kros Otomotiv-Nursan Kablo-\u00d6z Do\u011fanay-Acar Plastik- MKM Malta\u015f Maden- Akda\u015f Kimya-Organize M\u00fcd\u00fcrl\u00fc\u011f\u00fc-\u0130mam Gazali Cad.-Zafertepe Son Durak<\/p><p><br><\/p>\n<p><\/p>\n<p>13 NOLU HAT<\/p>\n<p>Gidi\u015f: Organize Sanayi-NG Porselen-Alayunt-\u0130kizh\u00f6y\u00fck-Z\u0131\u011fra-Tugay-Tugay Cad.-Yunusemre Cad.-Fevzi \u00c7akmak Cad-D.S.\u0130.-Abdurrahman Kara Bulvar\u0131-Domani\u00e7ler Petrol \u0130stasyonu.<\/p>\n<p>D\u00f6n\u00fc\u015f: Domani\u00e7ler Petrol \u0130stasyonu-Atat\u00fcrk Bulv.-Laleli-Erdo\u011fan Atasoy Cad.- DS\u0130-Fevzi \u00c7akmak Cad.- Yunusemre Cad.- Tugay Cad.-Tugay-Z\u0131\u011fra-\u0130kizh\u00f6y\u00fck-Alayunt- G\u00fcrok A.\u015e.- Organize M\u00fcd\u00fcrl\u00fc\u011f\u00fc- \u00dcNSA-Acar Plastik-Malta\u015f Maden-Akda\u015f Kimya- NG Porselen<\/p>\t\t\t\t\t\t\t\t<\/div>\n\t\t\t\t<\/div>\n\t\t\t\t\t<\/div>\n\t\t\t\t<\/div>\n\t\t\t\t<\/div>\n\t\t","protected":false},"excerpt":{"rendered":"<p>K\u00dcTAHYA OSB&#8217;YE ULA\u015eIM ARTIK DAHA KOLAY! K\u00fctahya Organize Sanayi B\u00f6lgesi, \u015fehir i\u00e7i ula\u015f\u0131mda \u00f6nemli bir ad\u0131m daha atarak \u00e7al\u0131\u015fanlar\u0131n\u0131n ve ziyaret\u00e7ilerinin hayat\u0131n\u0131 kolayla\u015ft\u0131r\u0131yor. K\u00fctahya Organize Sanayi B\u00f6lgesi Y\u00f6netim Kurulu Ba\u015fkanl\u0131\u011f\u0131\u2019n\u0131n, T.C. K\u00fctahya Belediyesi ve S.S. Merkez \u00d6zel Halk Otob\u00fcsleri Motorlu Ta\u015f\u0131y\u0131c\u0131lar Kooperatifi ile yapt\u0131\u011f\u0131 g\u00f6r\u00fc\u015fmeler sonucunda, \u015fehir i\u00e7i toplu ula\u015f\u0131mda \u00f6nemli bir d\u00fczenlemeye imza at\u0131ld\u0131. [&hellip;]<\/p>\n","protected":false},"author":1,"featured_media":0,"parent":0,"menu_order":0,"comment_status":"closed","ping_status":"closed","template":"elementor_header_footer","meta":{"_uag_custom_page_level_css":"","footnotes":""},"class_list":["post-5175","page","type-page","status-publish","hentry"],"uagb_featured_image_src":{"full":false,"thumbnail":false,"medium":false,"medium_large":false,"large":false,"1536x1536":false,"2048x2048":false,"consultio-large":false,"consultio-medium":false,"woocommerce_thumbnail":false,"woocommerce_single":false,"woocommerce_gallery_thumbnail":false,"quick_view_image_size":false},"uagb_author_info":{"display_name":"admin","author_link":"https:\/\/www.kutahyaosb.org.tr\/last\/home\/author\/admin\/"},"uagb_comment_info":0,"uagb_excerpt":"K\u00dcTAHYA OSB&#8217;YE ULA\u015eIM ARTIK DAHA KOLAY! K\u00fctahya Organize Sanayi B\u00f6lgesi, \u015fehir i\u00e7i ula\u015f\u0131mda \u00f6nemli bir ad\u0131m daha atarak \u00e7al\u0131\u015fanlar\u0131n\u0131n ve ziyaret\u00e7ilerinin hayat\u0131n\u0131 kolayla\u015ft\u0131r\u0131yor. K\u00fctahya Organize Sanayi B\u00f6lgesi Y\u00f6netim Kurulu Ba\u015fkanl\u0131\u011f\u0131\u2019n\u0131n, T.C. K\u00fctahya Belediyesi ve S.S. Merkez \u00d6zel Halk Otob\u00fcsleri Motorlu Ta\u015f\u0131y\u0131c\u0131lar Kooperatifi ile yapt\u0131\u011f\u0131 g\u00f6r\u00fc\u015fmeler sonucunda, \u015fehir i\u00e7i toplu ula\u015f\u0131mda \u00f6nemli bir d\u00fczenlemeye imza at\u0131ld\u0131.&hellip;","_links":{"self":[{"href":"https:\/\/www.kutahyaosb.org.tr\/last\/home\/wp-json\/wp\/v2\/pages\/5175","targetHints":{"allow":["GET"]}}],"collection":[{"href":"https:\/\/www.kutahyaosb.org.tr\/last\/home\/wp-json\/wp\/v2\/pages"}],"about":[{"href":"https:\/\/www.kutahyaosb.org.tr\/last\/home\/wp-json\/wp\/v2\/types\/page"}],"author":[{"embeddable":true,"href":"https:\/\/www.kutahyaosb.org.tr\/last\/home\/wp-json\/wp\/v2\/users\/1"}],"replies":[{"embeddable":true,"href":"https:\/\/www.kutahyaosb.org.tr\/last\/home\/wp-json\/wp\/v2\/comments?post=5175"}],"version-history":[{"count":13,"href":"https:\/\/www.kutahyaosb.org.tr\/last\/home\/wp-json\/wp\/v2\/pages\/5175\/revisions"}],"predecessor-version":[{"id":5217,"href":"https:\/\/www.kutahyaosb.org.tr\/last\/home\/wp-json\/wp\/v2\/pages\/5175\/revisions\/5217"}],"wp:attachment":[{"href":"https:\/\/www.kutahyaosb.org.tr\/last\/home\/wp-json\/wp\/v2\/media?parent=5175"}],"curies":[{"name":"wp","href":"https:\/\/api.w.org\/{rel}","templated":true}]}}