{"id":5539,"date":"2025-05-30T14:11:22","date_gmt":"2025-05-30T14:11:22","guid":{"rendered":"https:\/\/www.kutahyaosb.org.tr\/last\/home\/?page_id=5539"},"modified":"2025-05-30T14:15:52","modified_gmt":"2025-05-30T14:15:52","slug":"tolga-eskioglundan-guclu-vurgular","status":"publish","type":"page","link":"https:\/\/www.kutahyaosb.org.tr\/last\/home\/haberler\/tolga-eskioglundan-guclu-vurgular\/","title":{"rendered":"K\u0130KAF 2025 FUARI\u2019NDA K\u00dcTAHYA OSB Y\u00d6NET\u0130M KURULU BA\u015eKANI TOLGA ESK\u0130O\u011eLU\u2019NDAN G\u00dc\u00c7L\u00dc VURGULAR"},"content":{"rendered":"\t\t<div data-elementor-type=\"wp-page\" data-elementor-id=\"5539\" class=\"elementor elementor-5539\">\n\t\t\t\t<div class=\"elementor-element elementor-element-3241231e e-con-full e-flex e-con e-parent\" data-id=\"3241231e\" data-element_type=\"container\">\n\t\t\t\t<div class=\"elementor-element elementor-element-1f41be46 elementor-widget elementor-widget-heading\" data-id=\"1f41be46\" data-element_type=\"widget\" data-widget_type=\"heading.default\">\n\t\t\t\t<div class=\"elementor-widget-container\">\n\t\t\t\t\t<h2 class=\"elementor-heading-title elementor-size-default\">K\u0130KAF 2025 FUARI\u2019NDA K\u00dcTAHYA OSB Y\u00d6NET\u0130M KURULU BA\u015eKANI TOLGA ESK\u0130O\u011eLU\u2019NDAN G\u00dc\u00c7L\u00dc VURGULAR<\/h2>\t\t\t\t<\/div>\n\t\t\t\t<\/div>\n\t\t\t\t<\/div>\n\t\t<div class=\"elementor-element elementor-element-3053ef28 e-flex e-con-boxed e-con e-parent\" data-id=\"3053ef28\" data-element_type=\"container\">\n\t\t\t\t\t<div class=\"e-con-inner\">\n\t\t\t\t<div class=\"elementor-element elementor-element-10761adc elementor-widget elementor-widget-image\" data-id=\"10761adc\" data-element_type=\"widget\" data-widget_type=\"image.default\">\n\t\t\t\t<div class=\"elementor-widget-container\">\n\t\t\t\t\t\t\t\t\t\t\t\t\t\t\t<img fetchpriority=\"high\" decoding=\"async\" width=\"640\" height=\"426\" src=\"https:\/\/www.kutahyaosb.org.tr\/last\/wp-content\/uploads\/2025\/05\/WhatsApp-Image-2025-05-30-at-16.51.33-1024x682.jpeg\" class=\"attachment-large size-large wp-image-5544\" alt=\"\" srcset=\"https:\/\/www.kutahyaosb.org.tr\/last\/wp-content\/uploads\/2025\/05\/WhatsApp-Image-2025-05-30-at-16.51.33-1024x682.jpeg 1024w, https:\/\/www.kutahyaosb.org.tr\/last\/wp-content\/uploads\/2025\/05\/WhatsApp-Image-2025-05-30-at-16.51.33-300x200.jpeg 300w, https:\/\/www.kutahyaosb.org.tr\/last\/wp-content\/uploads\/2025\/05\/WhatsApp-Image-2025-05-30-at-16.51.33-768x512.jpeg 768w, https:\/\/www.kutahyaosb.org.tr\/last\/wp-content\/uploads\/2025\/05\/WhatsApp-Image-2025-05-30-at-16.51.33-1536x1023.jpeg 1536w, https:\/\/www.kutahyaosb.org.tr\/last\/wp-content\/uploads\/2025\/05\/WhatsApp-Image-2025-05-30-at-16.51.33-600x400.jpeg 600w, https:\/\/www.kutahyaosb.org.tr\/last\/wp-content\/uploads\/2025\/05\/WhatsApp-Image-2025-05-30-at-16.51.33.jpeg 1600w\" sizes=\"(max-width: 640px) 100vw, 640px\" \/>\t\t\t\t\t\t\t\t\t\t\t\t\t\t\t<\/div>\n\t\t\t\t<\/div>\n\t\t\t\t\t<\/div>\n\t\t\t\t<\/div>\n\t\t<div class=\"elementor-element elementor-element-47cda8c2 e-flex e-con-boxed e-con e-parent\" data-id=\"47cda8c2\" data-element_type=\"container\">\n\t\t\t\t\t<div class=\"e-con-inner\">\n\t\t<div class=\"elementor-element elementor-element-3bbb9d3d e-grid e-con-full e-con e-child\" data-id=\"3bbb9d3d\" data-element_type=\"container\">\n\t\t\t\t<div class=\"elementor-element elementor-element-62635cd3 elementor-widget elementor-widget-image\" data-id=\"62635cd3\" data-element_type=\"widget\" data-widget_type=\"image.default\">\n\t\t\t\t<div class=\"elementor-widget-container\">\n\t\t\t\t\t\t\t\t\t\t\t\t\t\t\t\t<a href=\"http:\/\/www.kutahyaosb.org.tr\/last\/wp-content\/uploads\/2025\/05\/WhatsApp-Image-2025-05-30-at-16.51.33-2.jpeg\" data-elementor-open-lightbox=\"yes\" data-elementor-lightbox-title=\"WhatsApp Image 2025-05-30 at 16.51.33 (2)\" data-e-action-hash=\"#elementor-action%3Aaction%3Dlightbox%26settings%3DeyJpZCI6NTU0NiwidXJsIjoiaHR0cHM6XC9cL3d3dy5rdXRhaHlhb3NiLm9yZy50clwvbGFzdFwvd3AtY29udGVudFwvdXBsb2Fkc1wvMjAyNVwvMDVcL1doYXRzQXBwLUltYWdlLTIwMjUtMDUtMzAtYXQtMTYuNTEuMzMtMi5qcGVnIn0%3D\">\n\t\t\t\t\t\t\t<img decoding=\"async\" width=\"640\" height=\"426\" src=\"https:\/\/www.kutahyaosb.org.tr\/last\/wp-content\/uploads\/2025\/05\/WhatsApp-Image-2025-05-30-at-16.51.33-2-1024x682.jpeg\" class=\"attachment-large size-large wp-image-5546\" alt=\"\" srcset=\"https:\/\/www.kutahyaosb.org.tr\/last\/wp-content\/uploads\/2025\/05\/WhatsApp-Image-2025-05-30-at-16.51.33-2-1024x682.jpeg 1024w, https:\/\/www.kutahyaosb.org.tr\/last\/wp-content\/uploads\/2025\/05\/WhatsApp-Image-2025-05-30-at-16.51.33-2-300x200.jpeg 300w, https:\/\/www.kutahyaosb.org.tr\/last\/wp-content\/uploads\/2025\/05\/WhatsApp-Image-2025-05-30-at-16.51.33-2-768x512.jpeg 768w, https:\/\/www.kutahyaosb.org.tr\/last\/wp-content\/uploads\/2025\/05\/WhatsApp-Image-2025-05-30-at-16.51.33-2-1536x1023.jpeg 1536w, https:\/\/www.kutahyaosb.org.tr\/last\/wp-content\/uploads\/2025\/05\/WhatsApp-Image-2025-05-30-at-16.51.33-2-600x400.jpeg 600w, https:\/\/www.kutahyaosb.org.tr\/last\/wp-content\/uploads\/2025\/05\/WhatsApp-Image-2025-05-30-at-16.51.33-2.jpeg 1600w\" sizes=\"(max-width: 640px) 100vw, 640px\" \/>\t\t\t\t\t\t\t\t<\/a>\n\t\t\t\t\t\t\t\t\t\t\t\t\t\t\t<\/div>\n\t\t\t\t<\/div>\n\t\t\t\t<div class=\"elementor-element elementor-element-12485481 elementor-widget elementor-widget-image\" data-id=\"12485481\" data-element_type=\"widget\" data-widget_type=\"image.default\">\n\t\t\t\t<div class=\"elementor-widget-container\">\n\t\t\t\t\t\t\t\t\t\t\t\t\t\t\t\t<a href=\"http:\/\/www.kutahyaosb.org.tr\/last\/wp-content\/uploads\/2025\/05\/WhatsApp-Image-2025-05-30-at-16.51.33-3.jpeg\" data-elementor-open-lightbox=\"yes\" data-elementor-lightbox-title=\"WhatsApp Image 2025-05-30 at 16.51.33 (3)\" data-e-action-hash=\"#elementor-action%3Aaction%3Dlightbox%26settings%3DeyJpZCI6NTU0NywidXJsIjoiaHR0cHM6XC9cL3d3dy5rdXRhaHlhb3NiLm9yZy50clwvbGFzdFwvd3AtY29udGVudFwvdXBsb2Fkc1wvMjAyNVwvMDVcL1doYXRzQXBwLUltYWdlLTIwMjUtMDUtMzAtYXQtMTYuNTEuMzMtMy5qcGVnIn0%3D\">\n\t\t\t\t\t\t\t<img decoding=\"async\" width=\"640\" height=\"426\" src=\"https:\/\/www.kutahyaosb.org.tr\/last\/wp-content\/uploads\/2025\/05\/WhatsApp-Image-2025-05-30-at-16.51.33-3-1024x682.jpeg\" class=\"attachment-large size-large wp-image-5547\" alt=\"\" srcset=\"https:\/\/www.kutahyaosb.org.tr\/last\/wp-content\/uploads\/2025\/05\/WhatsApp-Image-2025-05-30-at-16.51.33-3-1024x682.jpeg 1024w, https:\/\/www.kutahyaosb.org.tr\/last\/wp-content\/uploads\/2025\/05\/WhatsApp-Image-2025-05-30-at-16.51.33-3-300x200.jpeg 300w, https:\/\/www.kutahyaosb.org.tr\/last\/wp-content\/uploads\/2025\/05\/WhatsApp-Image-2025-05-30-at-16.51.33-3-768x512.jpeg 768w, https:\/\/www.kutahyaosb.org.tr\/last\/wp-content\/uploads\/2025\/05\/WhatsApp-Image-2025-05-30-at-16.51.33-3-1536x1023.jpeg 1536w, https:\/\/www.kutahyaosb.org.tr\/last\/wp-content\/uploads\/2025\/05\/WhatsApp-Image-2025-05-30-at-16.51.33-3-600x400.jpeg 600w, https:\/\/www.kutahyaosb.org.tr\/last\/wp-content\/uploads\/2025\/05\/WhatsApp-Image-2025-05-30-at-16.51.33-3.jpeg 1600w\" sizes=\"(max-width: 640px) 100vw, 640px\" \/>\t\t\t\t\t\t\t\t<\/a>\n\t\t\t\t\t\t\t\t\t\t\t\t\t\t\t<\/div>\n\t\t\t\t<\/div>\n\t\t\t\t<div class=\"elementor-element elementor-element-79b25f01 elementor-widget elementor-widget-image\" data-id=\"79b25f01\" data-element_type=\"widget\" data-widget_type=\"image.default\">\n\t\t\t\t<div class=\"elementor-widget-container\">\n\t\t\t\t\t\t\t\t\t\t\t\t\t\t\t\t<a href=\"http:\/\/www.kutahyaosb.org.tr\/last\/wp-content\/uploads\/2025\/05\/WhatsApp-Image-2025-05-30-at-16.51.33-1.jpeg\" data-elementor-open-lightbox=\"yes\" data-elementor-lightbox-title=\"WhatsApp Image 2025-05-30 at 16.51.33 (1)\" data-e-action-hash=\"#elementor-action%3Aaction%3Dlightbox%26settings%3DeyJpZCI6NTU0NSwidXJsIjoiaHR0cHM6XC9cL3d3dy5rdXRhaHlhb3NiLm9yZy50clwvbGFzdFwvd3AtY29udGVudFwvdXBsb2Fkc1wvMjAyNVwvMDVcL1doYXRzQXBwLUltYWdlLTIwMjUtMDUtMzAtYXQtMTYuNTEuMzMtMS5qcGVnIn0%3D\">\n\t\t\t\t\t\t\t<img loading=\"lazy\" decoding=\"async\" width=\"640\" height=\"426\" src=\"https:\/\/www.kutahyaosb.org.tr\/last\/wp-content\/uploads\/2025\/05\/WhatsApp-Image-2025-05-30-at-16.51.33-1-1024x682.jpeg\" class=\"attachment-large size-large wp-image-5545\" alt=\"\" srcset=\"https:\/\/www.kutahyaosb.org.tr\/last\/wp-content\/uploads\/2025\/05\/WhatsApp-Image-2025-05-30-at-16.51.33-1-1024x682.jpeg 1024w, https:\/\/www.kutahyaosb.org.tr\/last\/wp-content\/uploads\/2025\/05\/WhatsApp-Image-2025-05-30-at-16.51.33-1-300x200.jpeg 300w, https:\/\/www.kutahyaosb.org.tr\/last\/wp-content\/uploads\/2025\/05\/WhatsApp-Image-2025-05-30-at-16.51.33-1-768x512.jpeg 768w, https:\/\/www.kutahyaosb.org.tr\/last\/wp-content\/uploads\/2025\/05\/WhatsApp-Image-2025-05-30-at-16.51.33-1-1536x1023.jpeg 1536w, https:\/\/www.kutahyaosb.org.tr\/last\/wp-content\/uploads\/2025\/05\/WhatsApp-Image-2025-05-30-at-16.51.33-1-600x400.jpeg 600w, https:\/\/www.kutahyaosb.org.tr\/last\/wp-content\/uploads\/2025\/05\/WhatsApp-Image-2025-05-30-at-16.51.33-1.jpeg 1600w\" sizes=\"(max-width: 640px) 100vw, 640px\" \/>\t\t\t\t\t\t\t\t<\/a>\n\t\t\t\t\t\t\t\t\t\t\t\t\t\t\t<\/div>\n\t\t\t\t<\/div>\n\t\t\t\t<div class=\"elementor-element elementor-element-33bcb1c elementor-widget elementor-widget-image\" data-id=\"33bcb1c\" data-element_type=\"widget\" data-widget_type=\"image.default\">\n\t\t\t\t<div class=\"elementor-widget-container\">\n\t\t\t\t\t\t\t\t\t\t\t\t\t\t\t\t<a href=\"http:\/\/www.kutahyaosb.org.tr\/last\/wp-content\/uploads\/2025\/05\/WhatsApp-Image-2025-05-30-at-16.51.34-1.jpeg\" data-elementor-open-lightbox=\"yes\" data-elementor-lightbox-title=\"WhatsApp Image 2025-05-30 at 16.51.34 (1)\" data-e-action-hash=\"#elementor-action%3Aaction%3Dlightbox%26settings%3DeyJpZCI6NTU0OCwidXJsIjoiaHR0cHM6XC9cL3d3dy5rdXRhaHlhb3NiLm9yZy50clwvbGFzdFwvd3AtY29udGVudFwvdXBsb2Fkc1wvMjAyNVwvMDVcL1doYXRzQXBwLUltYWdlLTIwMjUtMDUtMzAtYXQtMTYuNTEuMzQtMS5qcGVnIn0%3D\">\n\t\t\t\t\t\t\t<img loading=\"lazy\" decoding=\"async\" width=\"640\" height=\"426\" src=\"https:\/\/www.kutahyaosb.org.tr\/last\/wp-content\/uploads\/2025\/05\/WhatsApp-Image-2025-05-30-at-16.51.34-1-1024x682.jpeg\" class=\"attachment-large size-large wp-image-5548\" alt=\"\" srcset=\"https:\/\/www.kutahyaosb.org.tr\/last\/wp-content\/uploads\/2025\/05\/WhatsApp-Image-2025-05-30-at-16.51.34-1-1024x682.jpeg 1024w, https:\/\/www.kutahyaosb.org.tr\/last\/wp-content\/uploads\/2025\/05\/WhatsApp-Image-2025-05-30-at-16.51.34-1-300x200.jpeg 300w, https:\/\/www.kutahyaosb.org.tr\/last\/wp-content\/uploads\/2025\/05\/WhatsApp-Image-2025-05-30-at-16.51.34-1-768x512.jpeg 768w, https:\/\/www.kutahyaosb.org.tr\/last\/wp-content\/uploads\/2025\/05\/WhatsApp-Image-2025-05-30-at-16.51.34-1-1536x1023.jpeg 1536w, https:\/\/www.kutahyaosb.org.tr\/last\/wp-content\/uploads\/2025\/05\/WhatsApp-Image-2025-05-30-at-16.51.34-1-600x400.jpeg 600w, https:\/\/www.kutahyaosb.org.tr\/last\/wp-content\/uploads\/2025\/05\/WhatsApp-Image-2025-05-30-at-16.51.34-1.jpeg 1600w\" sizes=\"(max-width: 640px) 100vw, 640px\" \/>\t\t\t\t\t\t\t\t<\/a>\n\t\t\t\t\t\t\t\t\t\t\t\t\t\t\t<\/div>\n\t\t\t\t<\/div>\n\t\t\t\t<div class=\"elementor-element elementor-element-96c902b elementor-widget elementor-widget-image\" data-id=\"96c902b\" data-element_type=\"widget\" data-widget_type=\"image.default\">\n\t\t\t\t<div class=\"elementor-widget-container\">\n\t\t\t\t\t\t\t\t\t\t\t\t\t\t\t\t<a href=\"http:\/\/www.kutahyaosb.org.tr\/last\/wp-content\/uploads\/2025\/05\/WhatsApp-Image-2025-05-30-at-16.51.34.jpeg\" data-elementor-open-lightbox=\"yes\" data-elementor-lightbox-title=\"WhatsApp Image 2025-05-30 at 16.51.34\" data-e-action-hash=\"#elementor-action%3Aaction%3Dlightbox%26settings%3DeyJpZCI6NTU0OSwidXJsIjoiaHR0cHM6XC9cL3d3dy5rdXRhaHlhb3NiLm9yZy50clwvbGFzdFwvd3AtY29udGVudFwvdXBsb2Fkc1wvMjAyNVwvMDVcL1doYXRzQXBwLUltYWdlLTIwMjUtMDUtMzAtYXQtMTYuNTEuMzQuanBlZyJ9\">\n\t\t\t\t\t\t\t<img loading=\"lazy\" decoding=\"async\" width=\"640\" height=\"426\" src=\"https:\/\/www.kutahyaosb.org.tr\/last\/wp-content\/uploads\/2025\/05\/WhatsApp-Image-2025-05-30-at-16.51.34-1024x682.jpeg\" class=\"attachment-large size-large wp-image-5549\" alt=\"\" srcset=\"https:\/\/www.kutahyaosb.org.tr\/last\/wp-content\/uploads\/2025\/05\/WhatsApp-Image-2025-05-30-at-16.51.34-1024x682.jpeg 1024w, https:\/\/www.kutahyaosb.org.tr\/last\/wp-content\/uploads\/2025\/05\/WhatsApp-Image-2025-05-30-at-16.51.34-300x200.jpeg 300w, https:\/\/www.kutahyaosb.org.tr\/last\/wp-content\/uploads\/2025\/05\/WhatsApp-Image-2025-05-30-at-16.51.34-768x512.jpeg 768w, https:\/\/www.kutahyaosb.org.tr\/last\/wp-content\/uploads\/2025\/05\/WhatsApp-Image-2025-05-30-at-16.51.34-1536x1023.jpeg 1536w, https:\/\/www.kutahyaosb.org.tr\/last\/wp-content\/uploads\/2025\/05\/WhatsApp-Image-2025-05-30-at-16.51.34-600x400.jpeg 600w, https:\/\/www.kutahyaosb.org.tr\/last\/wp-content\/uploads\/2025\/05\/WhatsApp-Image-2025-05-30-at-16.51.34.jpeg 1600w\" sizes=\"(max-width: 640px) 100vw, 640px\" \/>\t\t\t\t\t\t\t\t<\/a>\n\t\t\t\t\t\t\t\t\t\t\t\t\t\t\t<\/div>\n\t\t\t\t<\/div>\n\t\t\t\t<\/div>\n\t\t\t\t\t<\/div>\n\t\t\t\t<\/div>\n\t\t<div class=\"elementor-element elementor-element-39dfa24a e-flex e-con-boxed e-con e-parent\" data-id=\"39dfa24a\" data-element_type=\"container\">\n\t\t\t\t\t<div class=\"e-con-inner\">\n\t\t\t\t<div class=\"elementor-element elementor-element-687787eb elementor-widget elementor-widget-text-editor\" data-id=\"687787eb\" data-element_type=\"widget\" data-widget_type=\"text-editor.default\">\n\t\t\t\t<div class=\"elementor-widget-container\">\n\t\t\t\t\t\t\t\t\t<p><b>K\u0130KAF 2025 FUARI\u2019NDA K\u00dcTAHYA OSB Y\u00d6NET\u0130M KURULU BA\u015eKANI TOLGA ESK\u0130O\u011eLU\u2019NDAN G\u00dc\u00c7L\u00dc VURGULAR&nbsp;<\/b><\/p><p><b><br><\/b><\/p><p><b>K\u00fctahya Valili\u011fi himayelerinde ve K\u00fctahya Organize Sanayi B\u00f6lgesi\u2019nin ana payda\u015flar\u0131 aras\u0131nda yer ald\u0131\u011f\u0131 K\u0130KAF 2025 \u2013 K\u00fctahya \u0130stihdam ve Kariyer Fuar\u0131, i\u015f arayanlarla i\u015fverenleri bir araya getirdi. K\u0130KAF 2025\u2019de moderat\u00f6rl\u00fc\u011f\u00fcn\u00fc Oya Eren \u00d6ZKAN\u2019\u0131n yapt\u0131\u011f\u0131 panelde, K\u00fctahya OSB Y\u00f6netim Kurulu Ba\u015fkan\u0131 Tolga ESK\u0130O\u011eLU, \u015fehrin sanayi potansiyelini ve istihdam olanaklar\u0131n\u0131 de\u011ferlendirdi.<\/b><\/p><p><b>K\u00fctahya OSB Y\u00f6netim Kurulu Ba\u015fkan\u0131 Tolga ESK\u0130O\u011eLU, K\u00fctahya\u2019n\u0131n merkezinde 4 Organize Sanayi B\u00f6lgesi ve il\u00e7elerdeki sanayi b\u00f6lgeleriyle birlikte toplam 7 OSB bulundu\u011funu belirterek, \u201cBir \u015fehirde ne kadar OSB varsa o kadar sanayile\u015fme olur\u201d dedi. G\u00f6reve geldiklerinden bu yana OSB\u2019lerin sadece \u00fcretim merkezleri de\u011fil, sosyal imkanlarla desteklenmi\u015f ya\u015fam alanlar\u0131 olmas\u0131na \u00f6ncelik verdiklerini vurgulayan Tolga ESK\u0130O\u011eLU, \u201cSanayi b\u00f6lgelerimizi ya\u015fanabilir alanlara d\u00f6n\u00fc\u015ft\u00fcrd\u00fck. Eskiden gri g\u00f6r\u00fcnen OSB\u2019lerimiz \u015fimdi ye\u015fil bir g\u00f6r\u00fcn\u00fcm kazand\u0131. Sosyal imkanlar her ge\u00e7en g\u00fcn art\u0131yor ve bu \u015fehir i\u00e7in \u00f6nemli bir kazan\u0131m\u201d ifadelerini kulland\u0131.&nbsp;<\/b><\/p><p><b>Konu\u015fmas\u0131nda sanayinin, tedarik\u00e7ileri ve \u00e7al\u0131\u015fanlar\u0131yla bir \u00fclkeyi zenginle\u015ftirebilece\u011finin alt\u0131n\u0131 \u00e7izen Y\u00f6netim Kurulu Ba\u015fkan\u0131 Tolga ESK\u0130O\u011eLU, \u201cSanayiyi sadece \u00fcretimden ibaret g\u00f6rmedik. Biz sanayinin t\u00fcm payda\u015flar\u0131yla birlikte zenginle\u015ftiren bir yap\u0131 olmas\u0131n\u0131 istedik ve bunu ba\u015fard\u0131k. Art\u0131k \u00e7al\u0131\u015fan\u0131n\u0131n maa\u015f\u0131n\u0131 zaman\u0131nda \u00f6deyen, \u00e7evreye duyarl\u0131 ve kurallara uyan sanayiciyi destekliyoruz\u201d ifadelerine yer verdi.<\/b><\/p><p><b>Tolga ESK\u0130O\u011eLU, konu\u015fmas\u0131nda TOBB K\u00fctahya OSB Mesleki ve Teknik Anadolu Lisesi\u2019ne sa\u011flanan desteklere de de\u011finerek, \u201c\u00d6\u011frencilerimizin yemek, k\u0131yafet ve servis ihtiya\u00e7lar\u0131n\u0131 K\u00fctahya OSB olarak biz kar\u015f\u0131l\u0131yoruz. Ayr\u0131ca teknik geziler d\u00fczenliyor, son teknoloji makinelerin al\u0131nmas\u0131na katk\u0131 sa\u011fl\u0131yoruz\u201d ifadelerini kulland\u0131.<\/b><\/p><p><b>K\u0130KAF 2025\u2019in \u00f6nemine de dikkat \u00e7eken Tolga ESK\u0130O\u011eLU, \u201cBu fuar, i\u015f arayanlar ile i\u015fverenleri do\u011fru \u015fartlarda bir araya getiriyor. Burada hi\u00e7bir firma k\u00f6le aram\u0131yor, ba\u015fvuran insanlar da daha iyi \u015fartlarda \u00e7al\u0131\u015fmak i\u00e7in buradalar. Bu \u00e7ok k\u0131ymetli\u201d dedi.<\/b><\/p><p><b>Panelin sonunda fuara kat\u0131lan ziyaret\u00e7iler i\u00e7in d\u00fczenlenen yar\u0131\u015fmada dereceye girenlere \u00f6d\u00fclleri K\u00fctahya OSB Y\u00f6netim Kurulu Ba\u015fkan\u0131 Tolga ESK\u0130O\u011eLU taraf\u0131ndan takdim edildi ve panel sona erdi.<\/b><\/p>\t\t\t\t\t\t\t\t<\/div>\n\t\t\t\t<\/div>\n\t\t\t\t\t<\/div>\n\t\t\t\t<\/div>\n\t\t\t\t<\/div>\n\t\t","protected":false},"excerpt":{"rendered":"<p>K\u0130KAF 2025 FUARI\u2019NDA K\u00dcTAHYA OSB Y\u00d6NET\u0130M KURULU BA\u015eKANI TOLGA ESK\u0130O\u011eLU\u2019NDAN G\u00dc\u00c7L\u00dc VURGULAR K\u0130KAF 2025 FUARI\u2019NDA K\u00dcTAHYA OSB Y\u00d6NET\u0130M KURULU BA\u015eKANI TOLGA ESK\u0130O\u011eLU\u2019NDAN G\u00dc\u00c7L\u00dc VURGULAR&nbsp; K\u00fctahya Valili\u011fi himayelerinde ve K\u00fctahya Organize Sanayi B\u00f6lgesi\u2019nin ana payda\u015flar\u0131 aras\u0131nda yer ald\u0131\u011f\u0131 K\u0130KAF 2025 \u2013 K\u00fctahya \u0130stihdam ve Kariyer Fuar\u0131, i\u015f arayanlarla i\u015fverenleri bir araya getirdi. K\u0130KAF 2025\u2019de moderat\u00f6rl\u00fc\u011f\u00fcn\u00fc Oya [&hellip;]<\/p>\n","protected":false},"author":1,"featured_media":0,"parent":1137,"menu_order":0,"comment_status":"closed","ping_status":"closed","template":"elementor_header_footer","meta":{"_uag_custom_page_level_css":"","footnotes":""},"class_list":["post-5539","page","type-page","status-publish","hentry"],"uagb_featured_image_src":{"full":false,"thumbnail":false,"medium":false,"medium_large":false,"large":false,"1536x1536":false,"2048x2048":false,"consultio-large":false,"consultio-medium":false,"woocommerce_thumbnail":false,"woocommerce_single":false,"woocommerce_gallery_thumbnail":false,"quick_view_image_size":false},"uagb_author_info":{"display_name":"admin","author_link":"https:\/\/www.kutahyaosb.org.tr\/last\/home\/author\/admin\/"},"uagb_comment_info":0,"uagb_excerpt":"K\u0130KAF 2025 FUARI\u2019NDA K\u00dcTAHYA OSB Y\u00d6NET\u0130M KURULU BA\u015eKANI TOLGA ESK\u0130O\u011eLU\u2019NDAN G\u00dc\u00c7L\u00dc VURGULAR K\u0130KAF 2025 FUARI\u2019NDA K\u00dcTAHYA OSB Y\u00d6NET\u0130M KURULU BA\u015eKANI TOLGA ESK\u0130O\u011eLU\u2019NDAN G\u00dc\u00c7L\u00dc VURGULAR&nbsp; K\u00fctahya Valili\u011fi himayelerinde ve K\u00fctahya Organize Sanayi B\u00f6lgesi\u2019nin ana payda\u015flar\u0131 aras\u0131nda yer ald\u0131\u011f\u0131 K\u0130KAF 2025 \u2013 K\u00fctahya \u0130stihdam ve Kariyer Fuar\u0131, i\u015f arayanlarla i\u015fverenleri bir araya getirdi. K\u0130KAF 2025\u2019de moderat\u00f6rl\u00fc\u011f\u00fcn\u00fc Oya&hellip;","_links":{"self":[{"href":"https:\/\/www.kutahyaosb.org.tr\/last\/home\/wp-json\/wp\/v2\/pages\/5539","targetHints":{"allow":["GET"]}}],"collection":[{"href":"https:\/\/www.kutahyaosb.org.tr\/last\/home\/wp-json\/wp\/v2\/pages"}],"about":[{"href":"https:\/\/www.kutahyaosb.org.tr\/last\/home\/wp-json\/wp\/v2\/types\/page"}],"author":[{"embeddable":true,"href":"https:\/\/www.kutahyaosb.org.tr\/last\/home\/wp-json\/wp\/v2\/users\/1"}],"replies":[{"embeddable":true,"href":"https:\/\/www.kutahyaosb.org.tr\/last\/home\/wp-json\/wp\/v2\/comments?post=5539"}],"version-history":[{"count":5,"href":"https:\/\/www.kutahyaosb.org.tr\/last\/home\/wp-json\/wp\/v2\/pages\/5539\/revisions"}],"predecessor-version":[{"id":5559,"href":"https:\/\/www.kutahyaosb.org.tr\/last\/home\/wp-json\/wp\/v2\/pages\/5539\/revisions\/5559"}],"up":[{"embeddable":true,"href":"https:\/\/www.kutahyaosb.org.tr\/last\/home\/wp-json\/wp\/v2\/pages\/1137"}],"wp:attachment":[{"href":"https:\/\/www.kutahyaosb.org.tr\/last\/home\/wp-json\/wp\/v2\/media?parent=5539"}],"curies":[{"name":"wp","href":"https:\/\/api.w.org\/{rel}","templated":true}]}}