{"id":6647,"date":"2026-01-13T14:45:01","date_gmt":"2026-01-13T14:45:01","guid":{"rendered":"https:\/\/www.kutahyaosb.org.tr\/last\/home\/?page_id=6647"},"modified":"2026-01-13T14:49:34","modified_gmt":"2026-01-13T14:49:34","slug":"yonetim-kurulu-baskani-tolga-eskioglu-vergi-incelemeleri-seminerinde-is-dunyasina-seslendi","status":"publish","type":"page","link":"https:\/\/www.kutahyaosb.org.tr\/last\/home\/yonetim-kurulu-baskani-tolga-eskioglu-vergi-incelemeleri-seminerinde-is-dunyasina-seslendi\/","title":{"rendered":"Y\u00d6NET\u0130M KURULU BA\u015eKANI TOLGA ESK\u0130O\u011eLU, VERG\u0130 \u0130NCELEMELER\u0130 SEM\u0130NER\u0130NDE \u0130\u015e D\u00dcNYASINA SESLEND\u0130"},"content":{"rendered":"\t\t<div data-elementor-type=\"wp-page\" data-elementor-id=\"6647\" class=\"elementor elementor-6647\">\n\t\t\t\t<div class=\"elementor-element elementor-element-eebe52 e-con-full e-flex e-con e-parent\" data-id=\"eebe52\" data-element_type=\"container\">\n\t\t\t\t<div class=\"elementor-element elementor-element-4c85a46d elementor-widget elementor-widget-heading\" data-id=\"4c85a46d\" data-element_type=\"widget\" data-widget_type=\"heading.default\">\n\t\t\t\t<div class=\"elementor-widget-container\">\n\t\t\t\t\t<h2 class=\"elementor-heading-title elementor-size-default\">Y\u00d6NET\u0130M KURULU BA\u015eKANI TOLGA ESK\u0130O\u011eLU, VERG\u0130 \u0130NCELEMELER\u0130 SEM\u0130NER\u0130NDE \u0130\u015e D\u00dcNYASINA SESLEND\u0130 <\/h2>\t\t\t\t<\/div>\n\t\t\t\t<\/div>\n\t\t\t\t<\/div>\n\t\t<div class=\"elementor-element elementor-element-16e82a8 e-flex e-con-boxed e-con e-parent\" data-id=\"16e82a8\" data-element_type=\"container\">\n\t\t\t\t\t<div class=\"e-con-inner\">\n\t\t\t\t<div class=\"elementor-element elementor-element-70a84e1c elementor-widget elementor-widget-image\" data-id=\"70a84e1c\" data-element_type=\"widget\" data-widget_type=\"image.default\">\n\t\t\t\t<div class=\"elementor-widget-container\">\n\t\t\t\t\t\t\t\t\t\t\t\t\t\t\t<img fetchpriority=\"high\" decoding=\"async\" width=\"640\" height=\"427\" src=\"https:\/\/www.kutahyaosb.org.tr\/last\/wp-content\/uploads\/2026\/01\/IMG_0990-kopya-1024x683.jpg\" class=\"attachment-large size-large wp-image-6651\" alt=\"\" srcset=\"https:\/\/www.kutahyaosb.org.tr\/last\/wp-content\/uploads\/2026\/01\/IMG_0990-kopya-1024x683.jpg 1024w, https:\/\/www.kutahyaosb.org.tr\/last\/wp-content\/uploads\/2026\/01\/IMG_0990-kopya-300x200.jpg 300w, https:\/\/www.kutahyaosb.org.tr\/last\/wp-content\/uploads\/2026\/01\/IMG_0990-kopya-768x512.jpg 768w, https:\/\/www.kutahyaosb.org.tr\/last\/wp-content\/uploads\/2026\/01\/IMG_0990-kopya-1536x1024.jpg 1536w, https:\/\/www.kutahyaosb.org.tr\/last\/wp-content\/uploads\/2026\/01\/IMG_0990-kopya-2048x1365.jpg 2048w, https:\/\/www.kutahyaosb.org.tr\/last\/wp-content\/uploads\/2026\/01\/IMG_0990-kopya-600x400.jpg 600w\" sizes=\"(max-width: 640px) 100vw, 640px\" \/>\t\t\t\t\t\t\t\t\t\t\t\t\t\t\t<\/div>\n\t\t\t\t<\/div>\n\t\t\t\t\t<\/div>\n\t\t\t\t<\/div>\n\t\t<div class=\"elementor-element elementor-element-7e5be26 e-flex e-con-boxed e-con e-parent\" data-id=\"7e5be26\" data-element_type=\"container\">\n\t\t\t\t\t<div class=\"e-con-inner\">\n\t\t<div class=\"elementor-element elementor-element-2cc936da e-grid e-con-full e-con e-child\" data-id=\"2cc936da\" data-element_type=\"container\">\n\t\t\t\t<div class=\"elementor-element elementor-element-52ca7d5b elementor-widget elementor-widget-image\" data-id=\"52ca7d5b\" data-element_type=\"widget\" data-widget_type=\"image.default\">\n\t\t\t\t<div class=\"elementor-widget-container\">\n\t\t\t\t\t\t\t\t\t\t\t\t\t\t\t\t<a href=\"http:\/\/www.kutahyaosb.org.tr\/last\/wp-content\/uploads\/2026\/01\/IMG_0983-kopya-scaled.jpg\" data-elementor-open-lightbox=\"yes\" data-elementor-lightbox-title=\"IMG_0983 kopya\" data-e-action-hash=\"#elementor-action%3Aaction%3Dlightbox%26settings%3DeyJpZCI6NjY1MCwidXJsIjoiaHR0cHM6XC9cL3d3dy5rdXRhaHlhb3NiLm9yZy50clwvbGFzdFwvd3AtY29udGVudFwvdXBsb2Fkc1wvMjAyNlwvMDFcL0lNR18wOTgzLWtvcHlhLXNjYWxlZC5qcGcifQ%3D%3D\">\n\t\t\t\t\t\t\t<img decoding=\"async\" width=\"640\" height=\"427\" src=\"https:\/\/www.kutahyaosb.org.tr\/last\/wp-content\/uploads\/2026\/01\/IMG_0983-kopya-1024x683.jpg\" class=\"attachment-large size-large wp-image-6650\" alt=\"\" srcset=\"https:\/\/www.kutahyaosb.org.tr\/last\/wp-content\/uploads\/2026\/01\/IMG_0983-kopya-1024x683.jpg 1024w, https:\/\/www.kutahyaosb.org.tr\/last\/wp-content\/uploads\/2026\/01\/IMG_0983-kopya-300x200.jpg 300w, https:\/\/www.kutahyaosb.org.tr\/last\/wp-content\/uploads\/2026\/01\/IMG_0983-kopya-768x512.jpg 768w, https:\/\/www.kutahyaosb.org.tr\/last\/wp-content\/uploads\/2026\/01\/IMG_0983-kopya-1536x1024.jpg 1536w, https:\/\/www.kutahyaosb.org.tr\/last\/wp-content\/uploads\/2026\/01\/IMG_0983-kopya-2048x1365.jpg 2048w, https:\/\/www.kutahyaosb.org.tr\/last\/wp-content\/uploads\/2026\/01\/IMG_0983-kopya-600x400.jpg 600w\" sizes=\"(max-width: 640px) 100vw, 640px\" \/>\t\t\t\t\t\t\t\t<\/a>\n\t\t\t\t\t\t\t\t\t\t\t\t\t\t\t<\/div>\n\t\t\t\t<\/div>\n\t\t\t\t<div class=\"elementor-element elementor-element-72059d14 elementor-widget elementor-widget-image\" data-id=\"72059d14\" data-element_type=\"widget\" data-widget_type=\"image.default\">\n\t\t\t\t<div class=\"elementor-widget-container\">\n\t\t\t\t\t\t\t\t\t\t\t\t\t\t\t\t<a href=\"http:\/\/www.kutahyaosb.org.tr\/last\/wp-content\/uploads\/2026\/01\/IMG_1003-kopya-scaled.jpg\" data-elementor-open-lightbox=\"yes\" data-elementor-lightbox-title=\"IMG_1003 kopya\" data-e-action-hash=\"#elementor-action%3Aaction%3Dlightbox%26settings%3DeyJpZCI6NjY1MiwidXJsIjoiaHR0cHM6XC9cL3d3dy5rdXRhaHlhb3NiLm9yZy50clwvbGFzdFwvd3AtY29udGVudFwvdXBsb2Fkc1wvMjAyNlwvMDFcL0lNR18xMDAzLWtvcHlhLXNjYWxlZC5qcGcifQ%3D%3D\">\n\t\t\t\t\t\t\t<img decoding=\"async\" width=\"640\" height=\"427\" src=\"https:\/\/www.kutahyaosb.org.tr\/last\/wp-content\/uploads\/2026\/01\/IMG_1003-kopya-1024x683.jpg\" class=\"attachment-large size-large wp-image-6652\" alt=\"\" srcset=\"https:\/\/www.kutahyaosb.org.tr\/last\/wp-content\/uploads\/2026\/01\/IMG_1003-kopya-1024x683.jpg 1024w, https:\/\/www.kutahyaosb.org.tr\/last\/wp-content\/uploads\/2026\/01\/IMG_1003-kopya-300x200.jpg 300w, https:\/\/www.kutahyaosb.org.tr\/last\/wp-content\/uploads\/2026\/01\/IMG_1003-kopya-768x512.jpg 768w, https:\/\/www.kutahyaosb.org.tr\/last\/wp-content\/uploads\/2026\/01\/IMG_1003-kopya-1536x1024.jpg 1536w, https:\/\/www.kutahyaosb.org.tr\/last\/wp-content\/uploads\/2026\/01\/IMG_1003-kopya-2048x1365.jpg 2048w, https:\/\/www.kutahyaosb.org.tr\/last\/wp-content\/uploads\/2026\/01\/IMG_1003-kopya-600x400.jpg 600w\" sizes=\"(max-width: 640px) 100vw, 640px\" \/>\t\t\t\t\t\t\t\t<\/a>\n\t\t\t\t\t\t\t\t\t\t\t\t\t\t\t<\/div>\n\t\t\t\t<\/div>\n\t\t\t\t<div class=\"elementor-element elementor-element-1bd4f7b6 elementor-widget elementor-widget-image\" data-id=\"1bd4f7b6\" data-element_type=\"widget\" data-widget_type=\"image.default\">\n\t\t\t\t<div class=\"elementor-widget-container\">\n\t\t\t\t\t\t\t\t\t\t\t\t\t\t\t\t<a href=\"http:\/\/www.kutahyaosb.org.tr\/last\/wp-content\/uploads\/2026\/01\/IMG_0980-kopya-scaled.jpg\" data-elementor-open-lightbox=\"yes\" data-elementor-lightbox-title=\"IMG_0980 kopya\" data-e-action-hash=\"#elementor-action%3Aaction%3Dlightbox%26settings%3DeyJpZCI6NjY1MywidXJsIjoiaHR0cHM6XC9cL3d3dy5rdXRhaHlhb3NiLm9yZy50clwvbGFzdFwvd3AtY29udGVudFwvdXBsb2Fkc1wvMjAyNlwvMDFcL0lNR18wOTgwLWtvcHlhLXNjYWxlZC5qcGcifQ%3D%3D\">\n\t\t\t\t\t\t\t<img loading=\"lazy\" decoding=\"async\" width=\"640\" height=\"427\" src=\"https:\/\/www.kutahyaosb.org.tr\/last\/wp-content\/uploads\/2026\/01\/IMG_0980-kopya-1024x683.jpg\" class=\"attachment-large size-large wp-image-6653\" alt=\"\" srcset=\"https:\/\/www.kutahyaosb.org.tr\/last\/wp-content\/uploads\/2026\/01\/IMG_0980-kopya-1024x683.jpg 1024w, https:\/\/www.kutahyaosb.org.tr\/last\/wp-content\/uploads\/2026\/01\/IMG_0980-kopya-300x200.jpg 300w, https:\/\/www.kutahyaosb.org.tr\/last\/wp-content\/uploads\/2026\/01\/IMG_0980-kopya-768x512.jpg 768w, https:\/\/www.kutahyaosb.org.tr\/last\/wp-content\/uploads\/2026\/01\/IMG_0980-kopya-1536x1024.jpg 1536w, https:\/\/www.kutahyaosb.org.tr\/last\/wp-content\/uploads\/2026\/01\/IMG_0980-kopya-2048x1365.jpg 2048w, https:\/\/www.kutahyaosb.org.tr\/last\/wp-content\/uploads\/2026\/01\/IMG_0980-kopya-600x400.jpg 600w\" sizes=\"(max-width: 640px) 100vw, 640px\" \/>\t\t\t\t\t\t\t\t<\/a>\n\t\t\t\t\t\t\t\t\t\t\t\t\t\t\t<\/div>\n\t\t\t\t<\/div>\n\t\t\t\t<\/div>\n\t\t\t\t\t<\/div>\n\t\t\t\t<\/div>\n\t\t<div class=\"elementor-element elementor-element-418a817b e-flex e-con-boxed e-con e-parent\" data-id=\"418a817b\" data-element_type=\"container\">\n\t\t\t\t\t<div class=\"e-con-inner\">\n\t\t\t\t<div class=\"elementor-element elementor-element-7868f8f5 elementor-widget elementor-widget-text-editor\" data-id=\"7868f8f5\" data-element_type=\"widget\" data-widget_type=\"text-editor.default\">\n\t\t\t\t<div class=\"elementor-widget-container\">\n\t\t\t\t\t\t\t\t\t<p><strong>K\u00fctahya Serbest Muhasebeci Mali M\u00fc\u015favirler Odas\u0131 ev sahipli\u011finde d\u00fczenlenen \u201cVergi \u0130ncelemeleri, Vergi \u0130nceleme S\u00fcre\u00e7leri, Vergi \u0130nceleme Ara\u00e7lar\u0131 ve \u00d6zellik Arz Eden Hususlar\u201d konulu seminer, kamu ve i\u015f d\u00fcnyas\u0131n\u0131n \u00f6nemli temsilcilerini bir araya getirdi.<\/strong><\/p><p>Seminere K\u00fctahya Organize Sanayi B\u00f6lgesi Y\u00f6netim Kurulu Ba\u015fkan\u0131 ve K\u00fctahya Ticaret ve Sanayi Odas\u0131 Y\u00f6netim Kurulu Sayman \u00dcyesi Tolga ESK\u0130O\u011eLU, Vergi Denetim Kurulu Bursa Denetim Daire Ba\u015fkan\u0131 Ulvi Cant\u00fcrk Kaya, Bursa Denetim Daire Ba\u015fkan Yard\u0131mc\u0131s\u0131 Sinan Ayd\u0131n, K\u00fctahya Defterdar\u0131 Hatice \u0130sgen Er\u00e7o\u015fman, K\u00fctahya SMMM Odas\u0131 Ba\u015fkan\u0131 Mustafa \u00c7etinel, KUTBO Y\u00f6netim Kurulu Ba\u015fkan Yard\u0131mc\u0131s\u0131 Ali Okumu\u015f, mali m\u00fc\u015favirler, sanayiciler ve i\u015f d\u00fcnyas\u0131 temsilcileri kat\u0131l\u0131m sa\u011flad\u0131.<\/p><p>A\u00e7\u0131l\u0131\u015f konu\u015fmalar\u0131n\u0131n ard\u0131ndan, K\u00fctahya Organize Sanayi B\u00f6lgesi Y\u00f6netim Kurulu Ba\u015fkan\u0131 ve K\u00fctahya Ticaret ve Sanayi Odas\u0131 Y\u00f6netim Kurulu Sayman \u00dcyesi Tolga ESK\u0130O\u011eLU, yapt\u0131\u011f\u0131 konu\u015fmada verginin adil rekabet ve s\u00fcrd\u00fcr\u00fclebilir ekonomik yap\u0131 a\u00e7\u0131s\u0131ndan ta\u015f\u0131d\u0131\u011f\u0131 \u00f6neme dikkat \u00e7ekti.<\/p><p>Kay\u0131t d\u0131\u015f\u0131 ekonominin i\u015f d\u00fcnyas\u0131nda haks\u0131z rekabete yol a\u00e7t\u0131\u011f\u0131n\u0131 vurgulayan Y\u00f6netim Kurulu Ba\u015fkan\u0131 Tolga ESK\u0130O\u011eLU, bu alanla etkin m\u00fccadelenin, kurallara uygun faaliyet g\u00f6steren i\u015fletmelerin korunmas\u0131 a\u00e7\u0131s\u0131ndan b\u00fcy\u00fck \u00f6nem ta\u015f\u0131d\u0131\u011f\u0131n\u0131 ifade etti. Ayr\u0131ca kurumlar aras\u0131 i\u015f birli\u011finin art\u0131r\u0131lmas\u0131n\u0131n ve bilgilendirme faaliyetlerinin yayg\u0131nla\u015ft\u0131r\u0131lmas\u0131n\u0131n gereklili\u011fine de\u011findi.<\/p><p>Vergi inceleme s\u00fcre\u00e7leri ve uygulamada kar\u015f\u0131la\u015f\u0131lan hususlar\u0131n ele al\u0131nd\u0131\u011f\u0131 seminer, katk\u0131 sunan kurum ve konu\u015fmac\u0131lara te\u015fekk\u00fcr edilmesiyle sona erdi.<\/p>\t\t\t\t\t\t\t\t<\/div>\n\t\t\t\t<\/div>\n\t\t\t\t\t<\/div>\n\t\t\t\t<\/div>\n\t\t\t\t<\/div>\n\t\t","protected":false},"excerpt":{"rendered":"<p>Y\u00d6NET\u0130M KURULU BA\u015eKANI TOLGA ESK\u0130O\u011eLU, VERG\u0130 \u0130NCELEMELER\u0130 SEM\u0130NER\u0130NDE \u0130\u015e D\u00dcNYASINA SESLEND\u0130 K\u00fctahya Serbest Muhasebeci Mali M\u00fc\u015favirler Odas\u0131 ev sahipli\u011finde d\u00fczenlenen \u201cVergi \u0130ncelemeleri, Vergi \u0130nceleme S\u00fcre\u00e7leri, Vergi \u0130nceleme Ara\u00e7lar\u0131 ve \u00d6zellik Arz Eden Hususlar\u201d konulu seminer, kamu ve i\u015f d\u00fcnyas\u0131n\u0131n \u00f6nemli temsilcilerini bir araya getirdi. Seminere K\u00fctahya Organize Sanayi B\u00f6lgesi Y\u00f6netim Kurulu Ba\u015fkan\u0131 ve K\u00fctahya Ticaret [&hellip;]<\/p>\n","protected":false},"author":1,"featured_media":0,"parent":0,"menu_order":0,"comment_status":"closed","ping_status":"closed","template":"elementor_header_footer","meta":{"_uag_custom_page_level_css":"","footnotes":""},"class_list":["post-6647","page","type-page","status-publish","hentry"],"uagb_featured_image_src":{"full":false,"thumbnail":false,"medium":false,"medium_large":false,"large":false,"1536x1536":false,"2048x2048":false,"consultio-large":false,"consultio-medium":false,"woocommerce_thumbnail":false,"woocommerce_single":false,"woocommerce_gallery_thumbnail":false,"quick_view_image_size":false},"uagb_author_info":{"display_name":"admin","author_link":"https:\/\/www.kutahyaosb.org.tr\/last\/home\/author\/admin\/"},"uagb_comment_info":0,"uagb_excerpt":"Y\u00d6NET\u0130M KURULU BA\u015eKANI TOLGA ESK\u0130O\u011eLU, VERG\u0130 \u0130NCELEMELER\u0130 SEM\u0130NER\u0130NDE \u0130\u015e D\u00dcNYASINA SESLEND\u0130 K\u00fctahya Serbest Muhasebeci Mali M\u00fc\u015favirler Odas\u0131 ev sahipli\u011finde d\u00fczenlenen \u201cVergi \u0130ncelemeleri, Vergi \u0130nceleme S\u00fcre\u00e7leri, Vergi \u0130nceleme Ara\u00e7lar\u0131 ve \u00d6zellik Arz Eden Hususlar\u201d konulu seminer, kamu ve i\u015f d\u00fcnyas\u0131n\u0131n \u00f6nemli temsilcilerini bir araya getirdi. Seminere K\u00fctahya Organize Sanayi B\u00f6lgesi Y\u00f6netim Kurulu Ba\u015fkan\u0131 ve K\u00fctahya Ticaret&hellip;","_links":{"self":[{"href":"https:\/\/www.kutahyaosb.org.tr\/last\/home\/wp-json\/wp\/v2\/pages\/6647","targetHints":{"allow":["GET"]}}],"collection":[{"href":"https:\/\/www.kutahyaosb.org.tr\/last\/home\/wp-json\/wp\/v2\/pages"}],"about":[{"href":"https:\/\/www.kutahyaosb.org.tr\/last\/home\/wp-json\/wp\/v2\/types\/page"}],"author":[{"embeddable":true,"href":"https:\/\/www.kutahyaosb.org.tr\/last\/home\/wp-json\/wp\/v2\/users\/1"}],"replies":[{"embeddable":true,"href":"https:\/\/www.kutahyaosb.org.tr\/last\/home\/wp-json\/wp\/v2\/comments?post=6647"}],"version-history":[{"count":4,"href":"https:\/\/www.kutahyaosb.org.tr\/last\/home\/wp-json\/wp\/v2\/pages\/6647\/revisions"}],"predecessor-version":[{"id":6656,"href":"https:\/\/www.kutahyaosb.org.tr\/last\/home\/wp-json\/wp\/v2\/pages\/6647\/revisions\/6656"}],"wp:attachment":[{"href":"https:\/\/www.kutahyaosb.org.tr\/last\/home\/wp-json\/wp\/v2\/media?parent=6647"}],"curies":[{"name":"wp","href":"https:\/\/api.w.org\/{rel}","templated":true}]}}