{"id":6663,"date":"2026-01-14T10:06:32","date_gmt":"2026-01-14T10:06:32","guid":{"rendered":"https:\/\/www.kutahyaosb.org.tr\/last\/home\/?page_id=6663"},"modified":"2026-01-14T10:10:56","modified_gmt":"2026-01-14T10:10:56","slug":"kutahya-osbde-jandarma-komutanligi-bilgilendirme-semineri-gerceklestirildi","status":"publish","type":"page","link":"https:\/\/www.kutahyaosb.org.tr\/last\/home\/kutahya-osbde-jandarma-komutanligi-bilgilendirme-semineri-gerceklestirildi\/","title":{"rendered":"K\u00dcTAHYA OSB\u2019DE JANDARMA KOMUTANLI\u011eI B\u0130LG\u0130LEND\u0130RME SEM\u0130NER\u0130 GER\u00c7EKLE\u015eT\u0130R\u0130LD\u0130"},"content":{"rendered":"\t\t<div data-elementor-type=\"wp-page\" data-elementor-id=\"6663\" class=\"elementor elementor-6663\">\n\t\t\t\t<div class=\"elementor-element elementor-element-1228e04b e-con-full e-flex e-con e-parent\" data-id=\"1228e04b\" data-element_type=\"container\">\n\t\t\t\t<div class=\"elementor-element elementor-element-17e111e8 elementor-widget elementor-widget-heading\" data-id=\"17e111e8\" data-element_type=\"widget\" data-widget_type=\"heading.default\">\n\t\t\t\t<div class=\"elementor-widget-container\">\n\t\t\t\t\t<h2 class=\"elementor-heading-title elementor-size-default\">K\u00dcTAHYA OSB\u2019DE JANDARMA KOMUTANLI\u011eI B\u0130LG\u0130LEND\u0130RME SEM\u0130NER\u0130 GER\u00c7EKLE\u015eT\u0130R\u0130LD\u0130<\/h2>\t\t\t\t<\/div>\n\t\t\t\t<\/div>\n\t\t\t\t<\/div>\n\t\t<div class=\"elementor-element elementor-element-585ec730 e-flex e-con-boxed e-con e-parent\" data-id=\"585ec730\" data-element_type=\"container\">\n\t\t\t\t\t<div class=\"e-con-inner\">\n\t\t\t\t<div class=\"elementor-element elementor-element-2cc70299 elementor-widget elementor-widget-image\" data-id=\"2cc70299\" data-element_type=\"widget\" data-widget_type=\"image.default\">\n\t\t\t\t<div class=\"elementor-widget-container\">\n\t\t\t\t\t\t\t\t\t\t\t\t\t\t\t<img fetchpriority=\"high\" decoding=\"async\" width=\"640\" height=\"360\" src=\"https:\/\/www.kutahyaosb.org.tr\/last\/wp-content\/uploads\/2026\/01\/20260113_145042-kopya-1024x576.jpg\" class=\"attachment-large size-large wp-image-6667\" alt=\"\" srcset=\"https:\/\/www.kutahyaosb.org.tr\/last\/wp-content\/uploads\/2026\/01\/20260113_145042-kopya-1024x576.jpg 1024w, https:\/\/www.kutahyaosb.org.tr\/last\/wp-content\/uploads\/2026\/01\/20260113_145042-kopya-300x169.jpg 300w, https:\/\/www.kutahyaosb.org.tr\/last\/wp-content\/uploads\/2026\/01\/20260113_145042-kopya-768x432.jpg 768w, https:\/\/www.kutahyaosb.org.tr\/last\/wp-content\/uploads\/2026\/01\/20260113_145042-kopya-1536x864.jpg 1536w, https:\/\/www.kutahyaosb.org.tr\/last\/wp-content\/uploads\/2026\/01\/20260113_145042-kopya-2048x1153.jpg 2048w, https:\/\/www.kutahyaosb.org.tr\/last\/wp-content\/uploads\/2026\/01\/20260113_145042-kopya-600x338.jpg 600w\" sizes=\"(max-width: 640px) 100vw, 640px\" \/>\t\t\t\t\t\t\t\t\t\t\t\t\t\t\t<\/div>\n\t\t\t\t<\/div>\n\t\t\t\t\t<\/div>\n\t\t\t\t<\/div>\n\t\t<div class=\"elementor-element elementor-element-50bfc56d e-flex e-con-boxed e-con e-parent\" data-id=\"50bfc56d\" data-element_type=\"container\">\n\t\t\t\t\t<div class=\"e-con-inner\">\n\t\t<div class=\"elementor-element elementor-element-57d41bd8 e-grid e-con-full e-con e-child\" data-id=\"57d41bd8\" data-element_type=\"container\">\n\t\t\t\t<div class=\"elementor-element elementor-element-3bc01c68 elementor-widget elementor-widget-image\" data-id=\"3bc01c68\" data-element_type=\"widget\" data-widget_type=\"image.default\">\n\t\t\t\t<div class=\"elementor-widget-container\">\n\t\t\t\t\t\t\t\t\t\t\t\t\t\t\t\t<a href=\"http:\/\/www.kutahyaosb.org.tr\/last\/wp-content\/uploads\/2026\/01\/20260113_144231-kopya-scaled.jpg\" data-elementor-open-lightbox=\"yes\" data-elementor-lightbox-title=\"20260113_144231 kopya\" data-e-action-hash=\"#elementor-action%3Aaction%3Dlightbox%26settings%3DeyJpZCI6NjY2NiwidXJsIjoiaHR0cHM6XC9cL3d3dy5rdXRhaHlhb3NiLm9yZy50clwvbGFzdFwvd3AtY29udGVudFwvdXBsb2Fkc1wvMjAyNlwvMDFcLzIwMjYwMTEzXzE0NDIzMS1rb3B5YS1zY2FsZWQuanBnIn0%3D\">\n\t\t\t\t\t\t\t<img decoding=\"async\" width=\"640\" height=\"360\" src=\"https:\/\/www.kutahyaosb.org.tr\/last\/wp-content\/uploads\/2026\/01\/20260113_144231-kopya-1024x576.jpg\" class=\"attachment-large size-large wp-image-6666\" alt=\"\" srcset=\"https:\/\/www.kutahyaosb.org.tr\/last\/wp-content\/uploads\/2026\/01\/20260113_144231-kopya-1024x576.jpg 1024w, https:\/\/www.kutahyaosb.org.tr\/last\/wp-content\/uploads\/2026\/01\/20260113_144231-kopya-300x169.jpg 300w, https:\/\/www.kutahyaosb.org.tr\/last\/wp-content\/uploads\/2026\/01\/20260113_144231-kopya-768x432.jpg 768w, https:\/\/www.kutahyaosb.org.tr\/last\/wp-content\/uploads\/2026\/01\/20260113_144231-kopya-1536x864.jpg 1536w, https:\/\/www.kutahyaosb.org.tr\/last\/wp-content\/uploads\/2026\/01\/20260113_144231-kopya-2048x1153.jpg 2048w, https:\/\/www.kutahyaosb.org.tr\/last\/wp-content\/uploads\/2026\/01\/20260113_144231-kopya-600x338.jpg 600w\" sizes=\"(max-width: 640px) 100vw, 640px\" \/>\t\t\t\t\t\t\t\t<\/a>\n\t\t\t\t\t\t\t\t\t\t\t\t\t\t\t<\/div>\n\t\t\t\t<\/div>\n\t\t\t\t<div class=\"elementor-element elementor-element-47d90966 elementor-widget elementor-widget-image\" data-id=\"47d90966\" data-element_type=\"widget\" data-widget_type=\"image.default\">\n\t\t\t\t<div class=\"elementor-widget-container\">\n\t\t\t\t\t\t\t\t\t\t\t\t\t\t\t\t<a href=\"http:\/\/www.kutahyaosb.org.tr\/last\/wp-content\/uploads\/2026\/01\/20260113_140254-kopya-scaled.jpg\" data-elementor-open-lightbox=\"yes\" data-elementor-lightbox-title=\"20260113_140254 kopya\" data-e-action-hash=\"#elementor-action%3Aaction%3Dlightbox%26settings%3DeyJpZCI6NjY2OCwidXJsIjoiaHR0cHM6XC9cL3d3dy5rdXRhaHlhb3NiLm9yZy50clwvbGFzdFwvd3AtY29udGVudFwvdXBsb2Fkc1wvMjAyNlwvMDFcLzIwMjYwMTEzXzE0MDI1NC1rb3B5YS1zY2FsZWQuanBnIn0%3D\">\n\t\t\t\t\t\t\t<img decoding=\"async\" width=\"640\" height=\"361\" src=\"https:\/\/www.kutahyaosb.org.tr\/last\/wp-content\/uploads\/2026\/01\/20260113_140254-kopya-1024x577.jpg\" class=\"attachment-large size-large wp-image-6668\" alt=\"\" srcset=\"https:\/\/www.kutahyaosb.org.tr\/last\/wp-content\/uploads\/2026\/01\/20260113_140254-kopya-1024x577.jpg 1024w, https:\/\/www.kutahyaosb.org.tr\/last\/wp-content\/uploads\/2026\/01\/20260113_140254-kopya-300x169.jpg 300w, https:\/\/www.kutahyaosb.org.tr\/last\/wp-content\/uploads\/2026\/01\/20260113_140254-kopya-768x432.jpg 768w, https:\/\/www.kutahyaosb.org.tr\/last\/wp-content\/uploads\/2026\/01\/20260113_140254-kopya-1536x865.jpg 1536w, https:\/\/www.kutahyaosb.org.tr\/last\/wp-content\/uploads\/2026\/01\/20260113_140254-kopya-2048x1153.jpg 2048w, https:\/\/www.kutahyaosb.org.tr\/last\/wp-content\/uploads\/2026\/01\/20260113_140254-kopya-600x338.jpg 600w\" sizes=\"(max-width: 640px) 100vw, 640px\" \/>\t\t\t\t\t\t\t\t<\/a>\n\t\t\t\t\t\t\t\t\t\t\t\t\t\t\t<\/div>\n\t\t\t\t<\/div>\n\t\t\t\t<div class=\"elementor-element elementor-element-4469df34 elementor-widget elementor-widget-image\" data-id=\"4469df34\" data-element_type=\"widget\" data-widget_type=\"image.default\">\n\t\t\t\t<div class=\"elementor-widget-container\">\n\t\t\t\t\t\t\t\t\t\t\t\t\t\t\t\t<a href=\"http:\/\/www.kutahyaosb.org.tr\/last\/wp-content\/uploads\/2026\/01\/20260113_140349-kopya-scaled.jpg\" data-elementor-open-lightbox=\"yes\" data-elementor-lightbox-title=\"20260113_140349 kopya\" data-e-action-hash=\"#elementor-action%3Aaction%3Dlightbox%26settings%3DeyJpZCI6NjY2OSwidXJsIjoiaHR0cHM6XC9cL3d3dy5rdXRhaHlhb3NiLm9yZy50clwvbGFzdFwvd3AtY29udGVudFwvdXBsb2Fkc1wvMjAyNlwvMDFcLzIwMjYwMTEzXzE0MDM0OS1rb3B5YS1zY2FsZWQuanBnIn0%3D\">\n\t\t\t\t\t\t\t<img loading=\"lazy\" decoding=\"async\" width=\"640\" height=\"361\" src=\"https:\/\/www.kutahyaosb.org.tr\/last\/wp-content\/uploads\/2026\/01\/20260113_140349-kopya-1024x577.jpg\" class=\"attachment-large size-large wp-image-6669\" alt=\"\" srcset=\"https:\/\/www.kutahyaosb.org.tr\/last\/wp-content\/uploads\/2026\/01\/20260113_140349-kopya-1024x577.jpg 1024w, https:\/\/www.kutahyaosb.org.tr\/last\/wp-content\/uploads\/2026\/01\/20260113_140349-kopya-300x169.jpg 300w, https:\/\/www.kutahyaosb.org.tr\/last\/wp-content\/uploads\/2026\/01\/20260113_140349-kopya-768x432.jpg 768w, https:\/\/www.kutahyaosb.org.tr\/last\/wp-content\/uploads\/2026\/01\/20260113_140349-kopya-1536x865.jpg 1536w, https:\/\/www.kutahyaosb.org.tr\/last\/wp-content\/uploads\/2026\/01\/20260113_140349-kopya-2048x1153.jpg 2048w, https:\/\/www.kutahyaosb.org.tr\/last\/wp-content\/uploads\/2026\/01\/20260113_140349-kopya-600x338.jpg 600w\" sizes=\"(max-width: 640px) 100vw, 640px\" \/>\t\t\t\t\t\t\t\t<\/a>\n\t\t\t\t\t\t\t\t\t\t\t\t\t\t\t<\/div>\n\t\t\t\t<\/div>\n\t\t\t\t<div class=\"elementor-element elementor-element-5a278539 elementor-widget elementor-widget-image\" data-id=\"5a278539\" data-element_type=\"widget\" data-widget_type=\"image.default\">\n\t\t\t\t<div class=\"elementor-widget-container\">\n\t\t\t\t\t\t\t\t\t\t\t\t\t\t\t\t<a href=\"http:\/\/www.kutahyaosb.org.tr\/last\/wp-content\/uploads\/2026\/01\/20260113_141910-kopya-scaled.jpg\" data-elementor-open-lightbox=\"yes\" data-elementor-lightbox-title=\"20260113_141910 kopya\" data-e-action-hash=\"#elementor-action%3Aaction%3Dlightbox%26settings%3DeyJpZCI6NjY3MCwidXJsIjoiaHR0cHM6XC9cL3d3dy5rdXRhaHlhb3NiLm9yZy50clwvbGFzdFwvd3AtY29udGVudFwvdXBsb2Fkc1wvMjAyNlwvMDFcLzIwMjYwMTEzXzE0MTkxMC1rb3B5YS1zY2FsZWQuanBnIn0%3D\">\n\t\t\t\t\t\t\t<img loading=\"lazy\" decoding=\"async\" width=\"640\" height=\"360\" src=\"https:\/\/www.kutahyaosb.org.tr\/last\/wp-content\/uploads\/2026\/01\/20260113_141910-kopya-1024x576.jpg\" class=\"attachment-large size-large wp-image-6670\" alt=\"\" srcset=\"https:\/\/www.kutahyaosb.org.tr\/last\/wp-content\/uploads\/2026\/01\/20260113_141910-kopya-1024x576.jpg 1024w, https:\/\/www.kutahyaosb.org.tr\/last\/wp-content\/uploads\/2026\/01\/20260113_141910-kopya-300x169.jpg 300w, https:\/\/www.kutahyaosb.org.tr\/last\/wp-content\/uploads\/2026\/01\/20260113_141910-kopya-768x432.jpg 768w, https:\/\/www.kutahyaosb.org.tr\/last\/wp-content\/uploads\/2026\/01\/20260113_141910-kopya-1536x864.jpg 1536w, https:\/\/www.kutahyaosb.org.tr\/last\/wp-content\/uploads\/2026\/01\/20260113_141910-kopya-2048x1153.jpg 2048w, https:\/\/www.kutahyaosb.org.tr\/last\/wp-content\/uploads\/2026\/01\/20260113_141910-kopya-600x338.jpg 600w\" sizes=\"(max-width: 640px) 100vw, 640px\" \/>\t\t\t\t\t\t\t\t<\/a>\n\t\t\t\t\t\t\t\t\t\t\t\t\t\t\t<\/div>\n\t\t\t\t<\/div>\n\t\t\t\t<\/div>\n\t\t\t\t\t<\/div>\n\t\t\t\t<\/div>\n\t\t<div class=\"elementor-element elementor-element-769c5fda e-flex e-con-boxed e-con e-parent\" data-id=\"769c5fda\" data-element_type=\"container\">\n\t\t\t\t\t<div class=\"e-con-inner\">\n\t\t\t\t<div class=\"elementor-element elementor-element-681ce121 elementor-widget elementor-widget-text-editor\" data-id=\"681ce121\" data-element_type=\"widget\" data-widget_type=\"text-editor.default\">\n\t\t\t\t<div class=\"elementor-widget-container\">\n\t\t\t\t\t\t\t\t\t<p><strong>K\u00fctahya Organize Sanayi B\u00f6lgesi yat\u0131r\u0131mc\u0131lar\u0131na y\u00f6nelik olarak, K\u00fctahya OSB Jandarma Karakolu taraf\u0131ndan bilgilendirme semineri d\u00fczenlendi. Seminere, K\u00fctahya OSB Jandarma Karakolu Komutan\u0131 ile K\u00fctahya \u0130l Jandarma Komutanl\u0131\u011f\u0131\u2019ndan g\u00f6revli jandarma astsubaylar kat\u0131larak kat\u0131l\u0131mc\u0131lara kapsaml\u0131 bilgiler sundu.<\/strong><\/p><p>Seminerde; i\u015f kazalar\u0131 analizi, kimlik bilgilendirme mevzuat\u0131, yabanc\u0131lar\u0131n \u00e7al\u0131\u015ft\u0131r\u0131lmas\u0131na ili\u015fkin esaslar ve KADES uygulamas\u0131 ba\u015fta olmak \u00fczere, kolluk kuvvetleriyle koordinasyon gerektiren s\u00fcre\u00e7ler ele al\u0131nd\u0131. Ayr\u0131ca K\u00fctahya OSB M\u00fcd\u00fcrl\u00fc\u011f\u00fc \u0130\u015f G\u00fcvenli\u011fi Uzman\u0131 S\u00fcleyman G\u00d6NE\u015e taraf\u0131ndan, i\u015f kazalar\u0131na m\u00fcdahale s\u00fcre\u00e7leri, kazalar\u0131n sisteme giri\u015fi, kolluk kuvvetleriyle e\u015f zamanl\u0131 \u00e7al\u0131\u015fma, k\u00f6k neden analizi ile ar\u015fiv ve raporlama konular\u0131nda bilgilendirme yap\u0131ld\u0131.<\/p><p>Kat\u0131l\u0131mc\u0131lar\u0131n g\u00f6r\u00fc\u015f ve \u00f6nerilerinin de al\u0131nd\u0131\u011f\u0131 seminer, kar\u015f\u0131l\u0131kl\u0131 bilgi payla\u015f\u0131m\u0131 ve fark\u0131ndal\u0131\u011f\u0131n art\u0131r\u0131lmas\u0131 a\u00e7\u0131s\u0131ndan verimli bir \u015fekilde tamamland\u0131.<\/p>\t\t\t\t\t\t\t\t<\/div>\n\t\t\t\t<\/div>\n\t\t\t\t\t<\/div>\n\t\t\t\t<\/div>\n\t\t\t\t<\/div>\n\t\t","protected":false},"excerpt":{"rendered":"<p>K\u00dcTAHYA OSB\u2019DE JANDARMA KOMUTANLI\u011eI B\u0130LG\u0130LEND\u0130RME SEM\u0130NER\u0130 GER\u00c7EKLE\u015eT\u0130R\u0130LD\u0130 K\u00fctahya Organize Sanayi B\u00f6lgesi yat\u0131r\u0131mc\u0131lar\u0131na y\u00f6nelik olarak, K\u00fctahya OSB Jandarma Karakolu taraf\u0131ndan bilgilendirme semineri d\u00fczenlendi. Seminere, K\u00fctahya OSB Jandarma Karakolu Komutan\u0131 ile K\u00fctahya \u0130l Jandarma Komutanl\u0131\u011f\u0131\u2019ndan g\u00f6revli jandarma astsubaylar kat\u0131larak kat\u0131l\u0131mc\u0131lara kapsaml\u0131 bilgiler sundu. Seminerde; i\u015f kazalar\u0131 analizi, kimlik bilgilendirme mevzuat\u0131, yabanc\u0131lar\u0131n \u00e7al\u0131\u015ft\u0131r\u0131lmas\u0131na ili\u015fkin esaslar ve KADES uygulamas\u0131 [&hellip;]<\/p>\n","protected":false},"author":1,"featured_media":0,"parent":0,"menu_order":0,"comment_status":"closed","ping_status":"closed","template":"elementor_header_footer","meta":{"_uag_custom_page_level_css":"","footnotes":""},"class_list":["post-6663","page","type-page","status-publish","hentry"],"uagb_featured_image_src":{"full":false,"thumbnail":false,"medium":false,"medium_large":false,"large":false,"1536x1536":false,"2048x2048":false,"consultio-large":false,"consultio-medium":false,"woocommerce_thumbnail":false,"woocommerce_single":false,"woocommerce_gallery_thumbnail":false,"quick_view_image_size":false},"uagb_author_info":{"display_name":"admin","author_link":"https:\/\/www.kutahyaosb.org.tr\/last\/home\/author\/admin\/"},"uagb_comment_info":0,"uagb_excerpt":"K\u00dcTAHYA OSB\u2019DE JANDARMA KOMUTANLI\u011eI B\u0130LG\u0130LEND\u0130RME SEM\u0130NER\u0130 GER\u00c7EKLE\u015eT\u0130R\u0130LD\u0130 K\u00fctahya Organize Sanayi B\u00f6lgesi yat\u0131r\u0131mc\u0131lar\u0131na y\u00f6nelik olarak, K\u00fctahya OSB Jandarma Karakolu taraf\u0131ndan bilgilendirme semineri d\u00fczenlendi. Seminere, K\u00fctahya OSB Jandarma Karakolu Komutan\u0131 ile K\u00fctahya \u0130l Jandarma Komutanl\u0131\u011f\u0131\u2019ndan g\u00f6revli jandarma astsubaylar kat\u0131larak kat\u0131l\u0131mc\u0131lara kapsaml\u0131 bilgiler sundu. Seminerde; i\u015f kazalar\u0131 analizi, kimlik bilgilendirme mevzuat\u0131, yabanc\u0131lar\u0131n \u00e7al\u0131\u015ft\u0131r\u0131lmas\u0131na ili\u015fkin esaslar ve KADES uygulamas\u0131&hellip;","_links":{"self":[{"href":"https:\/\/www.kutahyaosb.org.tr\/last\/home\/wp-json\/wp\/v2\/pages\/6663","targetHints":{"allow":["GET"]}}],"collection":[{"href":"https:\/\/www.kutahyaosb.org.tr\/last\/home\/wp-json\/wp\/v2\/pages"}],"about":[{"href":"https:\/\/www.kutahyaosb.org.tr\/last\/home\/wp-json\/wp\/v2\/types\/page"}],"author":[{"embeddable":true,"href":"https:\/\/www.kutahyaosb.org.tr\/last\/home\/wp-json\/wp\/v2\/users\/1"}],"replies":[{"embeddable":true,"href":"https:\/\/www.kutahyaosb.org.tr\/last\/home\/wp-json\/wp\/v2\/comments?post=6663"}],"version-history":[{"count":4,"href":"https:\/\/www.kutahyaosb.org.tr\/last\/home\/wp-json\/wp\/v2\/pages\/6663\/revisions"}],"predecessor-version":[{"id":6673,"href":"https:\/\/www.kutahyaosb.org.tr\/last\/home\/wp-json\/wp\/v2\/pages\/6663\/revisions\/6673"}],"wp:attachment":[{"href":"https:\/\/www.kutahyaosb.org.tr\/last\/home\/wp-json\/wp\/v2\/media?parent=6663"}],"curies":[{"name":"wp","href":"https:\/\/api.w.org\/{rel}","templated":true}]}}