{"id":6678,"date":"2026-01-16T16:13:06","date_gmt":"2026-01-16T16:13:06","guid":{"rendered":"https:\/\/www.kutahyaosb.org.tr\/last\/home\/?page_id=6678"},"modified":"2026-01-16T16:18:34","modified_gmt":"2026-01-16T16:18:34","slug":"kutahya-osbden-hayat-kurtaran-yatirimlar-itfaiye-112","status":"publish","type":"page","link":"https:\/\/www.kutahyaosb.org.tr\/last\/home\/kutahya-osbden-hayat-kurtaran-yatirimlar-itfaiye-112\/","title":{"rendered":"K\u00dcTAHYA OSB\u2019DEN HAYAT KURTARAN YATIRIMLAR: \u0130TFA\u0130YE &amp; 112"},"content":{"rendered":"\t\t<div data-elementor-type=\"wp-page\" data-elementor-id=\"6678\" class=\"elementor elementor-6678\">\n\t\t\t\t<div class=\"elementor-element elementor-element-1853fc27 e-con-full e-flex e-con e-parent\" data-id=\"1853fc27\" data-element_type=\"container\">\n\t\t\t\t<div class=\"elementor-element elementor-element-21c47cb7 elementor-widget elementor-widget-heading\" data-id=\"21c47cb7\" data-element_type=\"widget\" data-widget_type=\"heading.default\">\n\t\t\t\t<div class=\"elementor-widget-container\">\n\t\t\t\t\t<h2 class=\"elementor-heading-title elementor-size-default\">K\u00dcTAHYA OSB\u2019DEN HAYAT KURTARAN YATIRIMLAR: \u0130TFA\u0130YE &amp; 112<\/h2>\t\t\t\t<\/div>\n\t\t\t\t<\/div>\n\t\t\t\t<\/div>\n\t\t<div class=\"elementor-element elementor-element-b00749b e-flex e-con-boxed e-con e-parent\" data-id=\"b00749b\" data-element_type=\"container\">\n\t\t\t\t\t<div class=\"e-con-inner\">\n\t\t\t\t<div class=\"elementor-element elementor-element-742e1f48 elementor-widget elementor-widget-image\" data-id=\"742e1f48\" data-element_type=\"widget\" data-widget_type=\"image.default\">\n\t\t\t\t<div class=\"elementor-widget-container\">\n\t\t\t\t\t\t\t\t\t\t\t\t\t\t\t<img fetchpriority=\"high\" decoding=\"async\" width=\"640\" height=\"427\" src=\"https:\/\/www.kutahyaosb.org.tr\/last\/wp-content\/uploads\/2026\/01\/IMG_1141-1024x683.jpg\" class=\"attachment-large size-large wp-image-6681\" alt=\"\" srcset=\"https:\/\/www.kutahyaosb.org.tr\/last\/wp-content\/uploads\/2026\/01\/IMG_1141-1024x683.jpg 1024w, https:\/\/www.kutahyaosb.org.tr\/last\/wp-content\/uploads\/2026\/01\/IMG_1141-300x200.jpg 300w, https:\/\/www.kutahyaosb.org.tr\/last\/wp-content\/uploads\/2026\/01\/IMG_1141-768x512.jpg 768w, https:\/\/www.kutahyaosb.org.tr\/last\/wp-content\/uploads\/2026\/01\/IMG_1141-1536x1024.jpg 1536w, https:\/\/www.kutahyaosb.org.tr\/last\/wp-content\/uploads\/2026\/01\/IMG_1141-2048x1365.jpg 2048w, https:\/\/www.kutahyaosb.org.tr\/last\/wp-content\/uploads\/2026\/01\/IMG_1141-600x400.jpg 600w\" sizes=\"(max-width: 640px) 100vw, 640px\" \/>\t\t\t\t\t\t\t\t\t\t\t\t\t\t\t<\/div>\n\t\t\t\t<\/div>\n\t\t\t\t\t<\/div>\n\t\t\t\t<\/div>\n\t\t<div class=\"elementor-element elementor-element-147e645b e-flex e-con-boxed e-con e-parent\" data-id=\"147e645b\" data-element_type=\"container\">\n\t\t\t\t\t<div class=\"e-con-inner\">\n\t\t<div class=\"elementor-element elementor-element-693311da e-grid e-con-full e-con e-child\" data-id=\"693311da\" data-element_type=\"container\">\n\t\t\t\t<div class=\"elementor-element elementor-element-3ef80c13 elementor-widget elementor-widget-image\" data-id=\"3ef80c13\" data-element_type=\"widget\" data-widget_type=\"image.default\">\n\t\t\t\t<div class=\"elementor-widget-container\">\n\t\t\t\t\t\t\t\t\t\t\t\t\t\t\t\t<a href=\"http:\/\/www.kutahyaosb.org.tr\/last\/wp-content\/uploads\/2026\/01\/IMG_1216-scaled.jpg\" data-elementor-open-lightbox=\"yes\" data-elementor-lightbox-title=\"IMG_1216\" data-e-action-hash=\"#elementor-action%3Aaction%3Dlightbox%26settings%3DeyJpZCI6NjY4MiwidXJsIjoiaHR0cHM6XC9cL3d3dy5rdXRhaHlhb3NiLm9yZy50clwvbGFzdFwvd3AtY29udGVudFwvdXBsb2Fkc1wvMjAyNlwvMDFcL0lNR18xMjE2LXNjYWxlZC5qcGcifQ%3D%3D\">\n\t\t\t\t\t\t\t<img decoding=\"async\" width=\"640\" height=\"427\" src=\"https:\/\/www.kutahyaosb.org.tr\/last\/wp-content\/uploads\/2026\/01\/IMG_1216-1024x683.jpg\" class=\"attachment-large size-large wp-image-6682\" alt=\"\" srcset=\"https:\/\/www.kutahyaosb.org.tr\/last\/wp-content\/uploads\/2026\/01\/IMG_1216-1024x683.jpg 1024w, https:\/\/www.kutahyaosb.org.tr\/last\/wp-content\/uploads\/2026\/01\/IMG_1216-300x200.jpg 300w, https:\/\/www.kutahyaosb.org.tr\/last\/wp-content\/uploads\/2026\/01\/IMG_1216-768x512.jpg 768w, https:\/\/www.kutahyaosb.org.tr\/last\/wp-content\/uploads\/2026\/01\/IMG_1216-1536x1024.jpg 1536w, https:\/\/www.kutahyaosb.org.tr\/last\/wp-content\/uploads\/2026\/01\/IMG_1216-2048x1365.jpg 2048w, https:\/\/www.kutahyaosb.org.tr\/last\/wp-content\/uploads\/2026\/01\/IMG_1216-600x400.jpg 600w\" sizes=\"(max-width: 640px) 100vw, 640px\" \/>\t\t\t\t\t\t\t\t<\/a>\n\t\t\t\t\t\t\t\t\t\t\t\t\t\t\t<\/div>\n\t\t\t\t<\/div>\n\t\t\t\t<div class=\"elementor-element elementor-element-6a420fa elementor-widget elementor-widget-image\" data-id=\"6a420fa\" data-element_type=\"widget\" data-widget_type=\"image.default\">\n\t\t\t\t<div class=\"elementor-widget-container\">\n\t\t\t\t\t\t\t\t\t\t\t\t\t\t\t\t<a href=\"http:\/\/www.kutahyaosb.org.tr\/last\/wp-content\/uploads\/2026\/01\/IMG_1099.jpg\" data-elementor-open-lightbox=\"yes\" data-elementor-lightbox-title=\"IMG_1099\" data-e-action-hash=\"#elementor-action%3Aaction%3Dlightbox%26settings%3DeyJpZCI6NjY4NSwidXJsIjoiaHR0cHM6XC9cL3d3dy5rdXRhaHlhb3NiLm9yZy50clwvbGFzdFwvd3AtY29udGVudFwvdXBsb2Fkc1wvMjAyNlwvMDFcL0lNR18xMDk5LXNjYWxlZC5qcGcifQ%3D%3D\">\n\t\t\t\t\t\t\t<img decoding=\"async\" width=\"640\" height=\"427\" src=\"https:\/\/www.kutahyaosb.org.tr\/last\/wp-content\/uploads\/2026\/01\/IMG_1099-1024x683.jpg\" class=\"attachment-large size-large wp-image-6685\" alt=\"\" srcset=\"https:\/\/www.kutahyaosb.org.tr\/last\/wp-content\/uploads\/2026\/01\/IMG_1099-1024x683.jpg 1024w, https:\/\/www.kutahyaosb.org.tr\/last\/wp-content\/uploads\/2026\/01\/IMG_1099-300x200.jpg 300w, https:\/\/www.kutahyaosb.org.tr\/last\/wp-content\/uploads\/2026\/01\/IMG_1099-768x512.jpg 768w, https:\/\/www.kutahyaosb.org.tr\/last\/wp-content\/uploads\/2026\/01\/IMG_1099-1536x1024.jpg 1536w, https:\/\/www.kutahyaosb.org.tr\/last\/wp-content\/uploads\/2026\/01\/IMG_1099-2048x1365.jpg 2048w, https:\/\/www.kutahyaosb.org.tr\/last\/wp-content\/uploads\/2026\/01\/IMG_1099-600x400.jpg 600w\" sizes=\"(max-width: 640px) 100vw, 640px\" \/>\t\t\t\t\t\t\t\t<\/a>\n\t\t\t\t\t\t\t\t\t\t\t\t\t\t\t<\/div>\n\t\t\t\t<\/div>\n\t\t\t\t<div class=\"elementor-element elementor-element-558ea9a1 elementor-widget elementor-widget-image\" data-id=\"558ea9a1\" data-element_type=\"widget\" data-widget_type=\"image.default\">\n\t\t\t\t<div class=\"elementor-widget-container\">\n\t\t\t\t\t\t\t\t\t\t\t\t\t\t\t\t<a href=\"http:\/\/www.kutahyaosb.org.tr\/last\/wp-content\/uploads\/2026\/01\/IMG_1040-scaled.jpg\" data-elementor-open-lightbox=\"yes\" data-elementor-lightbox-title=\"IMG_1040\" data-e-action-hash=\"#elementor-action%3Aaction%3Dlightbox%26settings%3DeyJpZCI6NjY4MywidXJsIjoiaHR0cHM6XC9cL3d3dy5rdXRhaHlhb3NiLm9yZy50clwvbGFzdFwvd3AtY29udGVudFwvdXBsb2Fkc1wvMjAyNlwvMDFcL0lNR18xMDQwLXNjYWxlZC5qcGcifQ%3D%3D\">\n\t\t\t\t\t\t\t<img loading=\"lazy\" decoding=\"async\" width=\"640\" height=\"427\" src=\"https:\/\/www.kutahyaosb.org.tr\/last\/wp-content\/uploads\/2026\/01\/IMG_1040-1024x683.jpg\" class=\"attachment-large size-large wp-image-6683\" alt=\"\" srcset=\"https:\/\/www.kutahyaosb.org.tr\/last\/wp-content\/uploads\/2026\/01\/IMG_1040-1024x683.jpg 1024w, https:\/\/www.kutahyaosb.org.tr\/last\/wp-content\/uploads\/2026\/01\/IMG_1040-300x200.jpg 300w, https:\/\/www.kutahyaosb.org.tr\/last\/wp-content\/uploads\/2026\/01\/IMG_1040-768x512.jpg 768w, https:\/\/www.kutahyaosb.org.tr\/last\/wp-content\/uploads\/2026\/01\/IMG_1040-1536x1024.jpg 1536w, https:\/\/www.kutahyaosb.org.tr\/last\/wp-content\/uploads\/2026\/01\/IMG_1040-2048x1365.jpg 2048w, https:\/\/www.kutahyaosb.org.tr\/last\/wp-content\/uploads\/2026\/01\/IMG_1040-600x400.jpg 600w\" sizes=\"(max-width: 640px) 100vw, 640px\" \/>\t\t\t\t\t\t\t\t<\/a>\n\t\t\t\t\t\t\t\t\t\t\t\t\t\t\t<\/div>\n\t\t\t\t<\/div>\n\t\t\t\t<div class=\"elementor-element elementor-element-5f594a3a elementor-widget elementor-widget-image\" data-id=\"5f594a3a\" data-element_type=\"widget\" data-widget_type=\"image.default\">\n\t\t\t\t<div class=\"elementor-widget-container\">\n\t\t\t\t\t\t\t\t\t\t\t\t\t\t\t\t<a href=\"http:\/\/www.kutahyaosb.org.tr\/last\/wp-content\/uploads\/2026\/01\/IMG_1136-scaled.jpg\" data-elementor-open-lightbox=\"yes\" data-elementor-lightbox-title=\"IMG_1136\" data-e-action-hash=\"#elementor-action%3Aaction%3Dlightbox%26settings%3DeyJpZCI6NjY4NiwidXJsIjoiaHR0cHM6XC9cL3d3dy5rdXRhaHlhb3NiLm9yZy50clwvbGFzdFwvd3AtY29udGVudFwvdXBsb2Fkc1wvMjAyNlwvMDFcL0lNR18xMTM2LXNjYWxlZC5qcGcifQ%3D%3D\">\n\t\t\t\t\t\t\t<img loading=\"lazy\" decoding=\"async\" width=\"640\" height=\"427\" src=\"https:\/\/www.kutahyaosb.org.tr\/last\/wp-content\/uploads\/2026\/01\/IMG_1136-1024x683.jpg\" class=\"attachment-large size-large wp-image-6686\" alt=\"\" srcset=\"https:\/\/www.kutahyaosb.org.tr\/last\/wp-content\/uploads\/2026\/01\/IMG_1136-1024x683.jpg 1024w, https:\/\/www.kutahyaosb.org.tr\/last\/wp-content\/uploads\/2026\/01\/IMG_1136-300x200.jpg 300w, https:\/\/www.kutahyaosb.org.tr\/last\/wp-content\/uploads\/2026\/01\/IMG_1136-768x512.jpg 768w, https:\/\/www.kutahyaosb.org.tr\/last\/wp-content\/uploads\/2026\/01\/IMG_1136-1536x1024.jpg 1536w, https:\/\/www.kutahyaosb.org.tr\/last\/wp-content\/uploads\/2026\/01\/IMG_1136-2048x1365.jpg 2048w, https:\/\/www.kutahyaosb.org.tr\/last\/wp-content\/uploads\/2026\/01\/IMG_1136-600x400.jpg 600w\" sizes=\"(max-width: 640px) 100vw, 640px\" \/>\t\t\t\t\t\t\t\t<\/a>\n\t\t\t\t\t\t\t\t\t\t\t\t\t\t\t<\/div>\n\t\t\t\t<\/div>\n\t\t\t\t<\/div>\n\t\t\t\t\t<\/div>\n\t\t\t\t<\/div>\n\t\t<div class=\"elementor-element elementor-element-40cf49fa e-flex e-con-boxed e-con e-parent\" data-id=\"40cf49fa\" data-element_type=\"container\">\n\t\t\t\t\t<div class=\"e-con-inner\">\n\t\t\t\t<div class=\"elementor-element elementor-element-1f554703 elementor-widget elementor-widget-text-editor\" data-id=\"1f554703\" data-element_type=\"widget\" data-widget_type=\"text-editor.default\">\n\t\t\t\t<div class=\"elementor-widget-container\">\n\t\t\t\t\t\t\t\t\t<p><strong>K\u00fctahya Organize Sanayi B\u00f6lgesi Y\u00f6netim Kurulu, b\u00f6lgede yap\u0131m\u0131 tamamlanan ve devam eden stratejik projeleri yerinde inceleyerek y\u00fcr\u00fct\u00fclen \u00e7al\u0131\u015fmalar hakk\u0131nda kapsaml\u0131 de\u011ferlendirmelerde bulundu.<\/strong><\/p><p>\u0130nceleme program\u0131 kapsam\u0131nda ilk olarak, Zafertepe mevkiinde hay\u0131rsever i\u015f insanlar\u0131n\u0131n katk\u0131lar\u0131yla in\u015fa edilen ve proje s\u00fcre\u00e7leri K\u00fctahya Organize Sanayi B\u00f6lgesi Y\u00f6netim Kurulu Ba\u015fkanl\u0131\u011f\u0131 taraf\u0131ndan y\u00fcr\u00fct\u00fclen 112 Acil Sa\u011fl\u0131k Merkezi \u0130stasyonu ziyaret edildi. Tamamland\u0131\u011f\u0131nda b\u00f6lgeye en k\u0131sa s\u00fcrede ula\u015fabilecek \u015fekilde planlanan istasyonun, olas\u0131 acil durumlarda hayati bir g\u00f6rev \u00fcstlenmesi hedefleniyor. K\u00fctahya OSB\u2019nin destekleriyle hayata ge\u00e7irilen proje, b\u00f6lgenin sa\u011fl\u0131k ve g\u00fcvenlik altyap\u0131s\u0131n\u0131 \u00e7a\u011fda\u015f bir seviyeye ta\u015f\u0131yacak \u00f6nemli bir yat\u0131r\u0131m olarak \u00f6ne \u00e7\u0131k\u0131yor.<\/p><p>Program\u0131n devam\u0131nda K\u00fctahya OSB\u2019nin b\u00fcy\u00fck \u00f6l\u00e7ekli projelerinden biri olan \u0130tfaiye Hizmet Binas\u0131 ziyaret edildi. Y\u00f6netim Kurulu\u2019nu itfaiye ekibi kar\u015f\u0131larken, K\u00fctahya OSB B\u00f6lge M\u00fcd\u00fcr\u00fc Tunahan ERG\u0130N taraf\u0131ndan bina, teknik altyap\u0131 ve te\u015fkilat yap\u0131s\u0131 hakk\u0131nda detayl\u0131 bilgilendirmeler yap\u0131ld\u0131. \u0130hbar ve \u0130zleme Odas\u0131\u2019nda 7\/24 g\u00f6rev yapacak personelin, K\u00fctahya OSB genelinde bulunan yakla\u015f\u0131k 300 kameray\u0131 takip edece\u011fi; ar\u0131za ve ihbar hatt\u0131na gelen bildirimlerin ise ilgili birimlere an\u0131nda iletilerek h\u0131zl\u0131 m\u00fcdahale sa\u011flanaca\u011f\u0131 ifade edildi. Ayr\u0131ca itfaiye binas\u0131nda yer alan e\u011fitim odas\u0131, proje okuma odas\u0131 ve spor salonu da Y\u00f6netim Kurulu taraf\u0131ndan incelendi. \u00d6n\u00fcm\u00fczdeki g\u00fcnlerde \u00f6nc\u00fc ara\u00e7 ile ilave itfaiye ara\u00e7 ve ekipmanlar\u0131n\u0131n teslim edilmesiyle birlikte birimin tam kapasiteyle hizmet vermeye ba\u015flayaca\u011f\u0131 belirtildi.<\/p><p>Ziyaret program\u0131 kapsam\u0131nda son olarak K\u00fctahya OSB Fen \u0130\u015fleri Deposu\u2019nda ger\u00e7ekle\u015ftirilen revizyon ve yeni d\u00fczenlemeler yerinde incelendi. Modernize edilen ofis alanlar\u0131, birimlere ve \u00fcr\u00fcn t\u00fcrlerine g\u00f6re ayr\u0131larak geni\u015fletilen depo alanlar\u0131 hakk\u0131nda Y\u00f6netim Kurulu\u2019na bilgi sunuldu.<\/p><p>Ziyaretlere ili\u015fkin de\u011ferlendirmelerde bulunan Tolga ESK\u0130O\u011eLU, yapt\u0131\u011f\u0131 a\u00e7\u0131klamada \u015fu ifadelere yer verdi:<\/p><p>\u201cSanayi b\u00f6lgeleri i\u00e7in g\u00fcvenlik ve sa\u011fl\u0131k altyap\u0131s\u0131, en az \u00fcretim altyap\u0131s\u0131 kadar hayati \u00f6neme sahiptir. Zafertepe mevkiinde hayata ge\u00e7irilen 112 Acil Sa\u011fl\u0131k Merkezi \u0130stasyonu, olas\u0131 acil durumlarda saniyelerin bile \u00e7ok k\u0131ymetli oldu\u011fu anlarda b\u00f6lgemize en h\u0131zl\u0131 \u015fekilde ula\u015fabilecek \u015fekilde planlanm\u0131\u015ft\u0131r. Bu yat\u0131r\u0131m, yaln\u0131zca K\u00fctahya OSB i\u00e7in de\u011fil, \u00e7evre yerle\u015fim alanlar\u0131 i\u00e7in de \u00f6nemli bir g\u00fcvence olacakt\u0131r.<\/p><p>Bununla birlikte, b\u00fcy\u00fck bir gururla ifade etmek isterim ki K\u00fctahya Organize Sanayi B\u00f6lgesi \u0130tfaiye Birimi, b\u00f6lgemizin g\u00fcvenlik altyap\u0131s\u0131n\u0131 k\u00f6kl\u00fc bi\u00e7imde g\u00fc\u00e7lendiren stratejik bir projedir. Modern mimarisi, teknik donan\u0131m\u0131, e\u011fitim ve proje okuma alanlar\u0131, spor salonu ve 7\/24 g\u00f6rev yapacak profesyonel kadrosuyla OSB\u2019mizde \u00f6rnek g\u00f6sterilecek bir itfaiye yap\u0131lanmas\u0131 olu\u015fturduk. Yakla\u015f\u0131k 300 kameran\u0131n anl\u0131k olarak izlenece\u011fi ihbar ve izleme sistemi sayesinde, yang\u0131n ve acil durumlara \u00e7ok daha h\u0131zl\u0131, koordineli ve etkin m\u00fcdahale edilecektir. \u00d6n\u00fcm\u00fczdeki g\u00fcnlerde ara\u00e7 ve ekipman teslimlerinin tamamlanmas\u0131yla birlikte, OSB \u0130tfaiye Birimimiz tam kapasiteyle hizmet vermeye ba\u015flayacak ve sanayicilerimiz i\u00e7in ciddi bir g\u00fcven unsuru olu\u015fturacakt\u0131r.<\/p><p>Fen \u0130\u015fleri Depomuzda ger\u00e7ekle\u015ftirdi\u011fimiz revizyonlarla da operasyonel s\u00fcre\u00e7lerimizi daha d\u00fczenli, verimli ve s\u00fcrd\u00fcr\u00fclebilir bir yap\u0131ya kavu\u015fturduk. K\u00fctahya OSB olarak, sanayicilerimizin ve \u00e7al\u0131\u015fanlar\u0131m\u0131z\u0131n g\u00fcvenli\u011fini \u00f6nceleyen, \u00e7a\u011f\u0131n gerekliliklerine uygun yat\u0131r\u0131mlar\u0131m\u0131z\u0131 kararl\u0131l\u0131kla s\u00fcrd\u00fcrmeye devam edece\u011fiz.\u201d<\/p>\t\t\t\t\t\t\t\t<\/div>\n\t\t\t\t<\/div>\n\t\t\t\t\t<\/div>\n\t\t\t\t<\/div>\n\t\t\t\t<\/div>\n\t\t","protected":false},"excerpt":{"rendered":"<p>K\u00dcTAHYA OSB\u2019DEN HAYAT KURTARAN YATIRIMLAR: \u0130TFA\u0130YE &amp; 112 K\u00fctahya Organize Sanayi B\u00f6lgesi Y\u00f6netim Kurulu, b\u00f6lgede yap\u0131m\u0131 tamamlanan ve devam eden stratejik projeleri yerinde inceleyerek y\u00fcr\u00fct\u00fclen \u00e7al\u0131\u015fmalar hakk\u0131nda kapsaml\u0131 de\u011ferlendirmelerde bulundu. \u0130nceleme program\u0131 kapsam\u0131nda ilk olarak, Zafertepe mevkiinde hay\u0131rsever i\u015f insanlar\u0131n\u0131n katk\u0131lar\u0131yla in\u015fa edilen ve proje s\u00fcre\u00e7leri K\u00fctahya Organize Sanayi B\u00f6lgesi Y\u00f6netim Kurulu Ba\u015fkanl\u0131\u011f\u0131 taraf\u0131ndan y\u00fcr\u00fct\u00fclen [&hellip;]<\/p>\n","protected":false},"author":1,"featured_media":0,"parent":0,"menu_order":0,"comment_status":"closed","ping_status":"closed","template":"elementor_header_footer","meta":{"_uag_custom_page_level_css":"","footnotes":""},"class_list":["post-6678","page","type-page","status-publish","hentry"],"uagb_featured_image_src":{"full":false,"thumbnail":false,"medium":false,"medium_large":false,"large":false,"1536x1536":false,"2048x2048":false,"consultio-large":false,"consultio-medium":false,"woocommerce_thumbnail":false,"woocommerce_single":false,"woocommerce_gallery_thumbnail":false,"quick_view_image_size":false},"uagb_author_info":{"display_name":"admin","author_link":"https:\/\/www.kutahyaosb.org.tr\/last\/home\/author\/admin\/"},"uagb_comment_info":0,"uagb_excerpt":"K\u00dcTAHYA OSB\u2019DEN HAYAT KURTARAN YATIRIMLAR: \u0130TFA\u0130YE &amp; 112 K\u00fctahya Organize Sanayi B\u00f6lgesi Y\u00f6netim Kurulu, b\u00f6lgede yap\u0131m\u0131 tamamlanan ve devam eden stratejik projeleri yerinde inceleyerek y\u00fcr\u00fct\u00fclen \u00e7al\u0131\u015fmalar hakk\u0131nda kapsaml\u0131 de\u011ferlendirmelerde bulundu. \u0130nceleme program\u0131 kapsam\u0131nda ilk olarak, Zafertepe mevkiinde hay\u0131rsever i\u015f insanlar\u0131n\u0131n katk\u0131lar\u0131yla in\u015fa edilen ve proje s\u00fcre\u00e7leri K\u00fctahya Organize Sanayi B\u00f6lgesi Y\u00f6netim Kurulu Ba\u015fkanl\u0131\u011f\u0131 taraf\u0131ndan y\u00fcr\u00fct\u00fclen&hellip;","_links":{"self":[{"href":"https:\/\/www.kutahyaosb.org.tr\/last\/home\/wp-json\/wp\/v2\/pages\/6678","targetHints":{"allow":["GET"]}}],"collection":[{"href":"https:\/\/www.kutahyaosb.org.tr\/last\/home\/wp-json\/wp\/v2\/pages"}],"about":[{"href":"https:\/\/www.kutahyaosb.org.tr\/last\/home\/wp-json\/wp\/v2\/types\/page"}],"author":[{"embeddable":true,"href":"https:\/\/www.kutahyaosb.org.tr\/last\/home\/wp-json\/wp\/v2\/users\/1"}],"replies":[{"embeddable":true,"href":"https:\/\/www.kutahyaosb.org.tr\/last\/home\/wp-json\/wp\/v2\/comments?post=6678"}],"version-history":[{"count":4,"href":"https:\/\/www.kutahyaosb.org.tr\/last\/home\/wp-json\/wp\/v2\/pages\/6678\/revisions"}],"predecessor-version":[{"id":6689,"href":"https:\/\/www.kutahyaosb.org.tr\/last\/home\/wp-json\/wp\/v2\/pages\/6678\/revisions\/6689"}],"wp:attachment":[{"href":"https:\/\/www.kutahyaosb.org.tr\/last\/home\/wp-json\/wp\/v2\/media?parent=6678"}],"curies":[{"name":"wp","href":"https:\/\/api.w.org\/{rel}","templated":true}]}}