{"id":6751,"date":"2026-02-20T12:48:46","date_gmt":"2026-02-20T12:48:46","guid":{"rendered":"https:\/\/www.kutahyaosb.org.tr\/last\/home\/?page_id=6751"},"modified":"2026-02-20T12:58:46","modified_gmt":"2026-02-20T12:58:46","slug":"kutahya-osb-itfaiye-ekibinden-gercegi-aratmayan-tatbikat","status":"publish","type":"page","link":"https:\/\/www.kutahyaosb.org.tr\/last\/home\/kutahya-osb-itfaiye-ekibinden-gercegi-aratmayan-tatbikat\/","title":{"rendered":"K\u00dcTAHYA OSB \u0130TFA\u0130YE EK\u0130B\u0130NDEN GER\u00c7E\u011e\u0130 ARATMAYAN TATB\u0130KAT"},"content":{"rendered":"\t\t<div data-elementor-type=\"wp-page\" data-elementor-id=\"6751\" class=\"elementor elementor-6751\">\n\t\t\t\t<div class=\"elementor-element elementor-element-2c7cefcb e-con-full e-flex e-con e-parent\" data-id=\"2c7cefcb\" data-element_type=\"container\">\n\t\t\t\t<div class=\"elementor-element elementor-element-7435b39 elementor-widget elementor-widget-heading\" data-id=\"7435b39\" data-element_type=\"widget\" data-widget_type=\"heading.default\">\n\t\t\t\t<div class=\"elementor-widget-container\">\n\t\t\t\t\t<h2 class=\"elementor-heading-title elementor-size-default\">K\u00dcTAHYA OSB \u0130TFA\u0130YE EK\u0130B\u0130NDEN GER\u00c7E\u011e\u0130 ARATMAYAN TATB\u0130KAT\n<div><br><\/div><\/h2>\t\t\t\t<\/div>\n\t\t\t\t<\/div>\n\t\t\t\t<\/div>\n\t\t<div class=\"elementor-element elementor-element-60743a05 e-flex e-con-boxed e-con e-parent\" data-id=\"60743a05\" data-element_type=\"container\">\n\t\t\t\t\t<div class=\"e-con-inner\">\n\t\t\t\t<div class=\"elementor-element elementor-element-5629f734 elementor-widget elementor-widget-image\" data-id=\"5629f734\" data-element_type=\"widget\" data-widget_type=\"image.default\">\n\t\t\t\t<div class=\"elementor-widget-container\">\n\t\t\t\t\t\t\t\t\t\t\t\t\t\t\t<img fetchpriority=\"high\" decoding=\"async\" width=\"640\" height=\"427\" src=\"https:\/\/www.kutahyaosb.org.tr\/last\/wp-content\/uploads\/2026\/02\/IMG_2275-kopya-1024x683.jpg\" class=\"attachment-large size-large wp-image-6756\" alt=\"\" srcset=\"https:\/\/www.kutahyaosb.org.tr\/last\/wp-content\/uploads\/2026\/02\/IMG_2275-kopya-1024x683.jpg 1024w, https:\/\/www.kutahyaosb.org.tr\/last\/wp-content\/uploads\/2026\/02\/IMG_2275-kopya-300x200.jpg 300w, https:\/\/www.kutahyaosb.org.tr\/last\/wp-content\/uploads\/2026\/02\/IMG_2275-kopya-768x512.jpg 768w, https:\/\/www.kutahyaosb.org.tr\/last\/wp-content\/uploads\/2026\/02\/IMG_2275-kopya-1536x1024.jpg 1536w, https:\/\/www.kutahyaosb.org.tr\/last\/wp-content\/uploads\/2026\/02\/IMG_2275-kopya-2048x1365.jpg 2048w, https:\/\/www.kutahyaosb.org.tr\/last\/wp-content\/uploads\/2026\/02\/IMG_2275-kopya-600x400.jpg 600w\" sizes=\"(max-width: 640px) 100vw, 640px\" \/>\t\t\t\t\t\t\t\t\t\t\t\t\t\t\t<\/div>\n\t\t\t\t<\/div>\n\t\t\t\t\t<\/div>\n\t\t\t\t<\/div>\n\t\t<div class=\"elementor-element elementor-element-192f4d42 e-flex e-con-boxed e-con e-parent\" data-id=\"192f4d42\" data-element_type=\"container\">\n\t\t\t\t\t<div class=\"e-con-inner\">\n\t\t<div class=\"elementor-element elementor-element-6e5cee7 e-grid e-con-full e-con e-child\" data-id=\"6e5cee7\" data-element_type=\"container\">\n\t\t\t\t<div class=\"elementor-element elementor-element-7ae199d1 elementor-widget elementor-widget-image\" data-id=\"7ae199d1\" data-element_type=\"widget\" data-widget_type=\"image.default\">\n\t\t\t\t<div class=\"elementor-widget-container\">\n\t\t\t\t\t\t\t\t\t\t\t\t\t\t\t\t<a href=\"http:\/\/www.kutahyaosb.org.tr\/last\/wp-content\/uploads\/2026\/02\/IMG_2185-kopya-scaled.jpg\" data-elementor-open-lightbox=\"yes\" data-elementor-lightbox-title=\"IMG_2185 kopya\" data-e-action-hash=\"#elementor-action%3Aaction%3Dlightbox%26settings%3DeyJpZCI6Njc1NCwidXJsIjoiaHR0cHM6XC9cL3d3dy5rdXRhaHlhb3NiLm9yZy50clwvbGFzdFwvd3AtY29udGVudFwvdXBsb2Fkc1wvMjAyNlwvMDJcL0lNR18yMTg1LWtvcHlhLXNjYWxlZC5qcGcifQ%3D%3D\">\n\t\t\t\t\t\t\t<img decoding=\"async\" width=\"640\" height=\"427\" src=\"https:\/\/www.kutahyaosb.org.tr\/last\/wp-content\/uploads\/2026\/02\/IMG_2185-kopya-1024x683.jpg\" class=\"attachment-large size-large wp-image-6754\" alt=\"\" srcset=\"https:\/\/www.kutahyaosb.org.tr\/last\/wp-content\/uploads\/2026\/02\/IMG_2185-kopya-1024x683.jpg 1024w, https:\/\/www.kutahyaosb.org.tr\/last\/wp-content\/uploads\/2026\/02\/IMG_2185-kopya-300x200.jpg 300w, https:\/\/www.kutahyaosb.org.tr\/last\/wp-content\/uploads\/2026\/02\/IMG_2185-kopya-768x512.jpg 768w, https:\/\/www.kutahyaosb.org.tr\/last\/wp-content\/uploads\/2026\/02\/IMG_2185-kopya-1536x1024.jpg 1536w, https:\/\/www.kutahyaosb.org.tr\/last\/wp-content\/uploads\/2026\/02\/IMG_2185-kopya-2048x1365.jpg 2048w, https:\/\/www.kutahyaosb.org.tr\/last\/wp-content\/uploads\/2026\/02\/IMG_2185-kopya-600x400.jpg 600w\" sizes=\"(max-width: 640px) 100vw, 640px\" \/>\t\t\t\t\t\t\t\t<\/a>\n\t\t\t\t\t\t\t\t\t\t\t\t\t\t\t<\/div>\n\t\t\t\t<\/div>\n\t\t\t\t<div class=\"elementor-element elementor-element-5141ab87 elementor-widget elementor-widget-image\" data-id=\"5141ab87\" data-element_type=\"widget\" data-widget_type=\"image.default\">\n\t\t\t\t<div class=\"elementor-widget-container\">\n\t\t\t\t\t\t\t\t\t\t\t\t\t\t\t\t<a href=\"http:\/\/www.kutahyaosb.org.tr\/last\/wp-content\/uploads\/2026\/02\/IMG_2240-kopya-scaled.jpg\" data-elementor-open-lightbox=\"yes\" data-elementor-lightbox-title=\"IMG_2240 kopya\" data-e-action-hash=\"#elementor-action%3Aaction%3Dlightbox%26settings%3DeyJpZCI6Njc1NSwidXJsIjoiaHR0cHM6XC9cL3d3dy5rdXRhaHlhb3NiLm9yZy50clwvbGFzdFwvd3AtY29udGVudFwvdXBsb2Fkc1wvMjAyNlwvMDJcL0lNR18yMjQwLWtvcHlhLXNjYWxlZC5qcGcifQ%3D%3D\">\n\t\t\t\t\t\t\t<img decoding=\"async\" width=\"640\" height=\"427\" src=\"https:\/\/www.kutahyaosb.org.tr\/last\/wp-content\/uploads\/2026\/02\/IMG_2240-kopya-1024x683.jpg\" class=\"attachment-large size-large wp-image-6755\" alt=\"\" srcset=\"https:\/\/www.kutahyaosb.org.tr\/last\/wp-content\/uploads\/2026\/02\/IMG_2240-kopya-1024x683.jpg 1024w, https:\/\/www.kutahyaosb.org.tr\/last\/wp-content\/uploads\/2026\/02\/IMG_2240-kopya-300x200.jpg 300w, https:\/\/www.kutahyaosb.org.tr\/last\/wp-content\/uploads\/2026\/02\/IMG_2240-kopya-768x512.jpg 768w, https:\/\/www.kutahyaosb.org.tr\/last\/wp-content\/uploads\/2026\/02\/IMG_2240-kopya-1536x1024.jpg 1536w, https:\/\/www.kutahyaosb.org.tr\/last\/wp-content\/uploads\/2026\/02\/IMG_2240-kopya-2048x1365.jpg 2048w, https:\/\/www.kutahyaosb.org.tr\/last\/wp-content\/uploads\/2026\/02\/IMG_2240-kopya-600x400.jpg 600w\" sizes=\"(max-width: 640px) 100vw, 640px\" \/>\t\t\t\t\t\t\t\t<\/a>\n\t\t\t\t\t\t\t\t\t\t\t\t\t\t\t<\/div>\n\t\t\t\t<\/div>\n\t\t\t\t<div class=\"elementor-element elementor-element-4ca0570d elementor-widget elementor-widget-image\" data-id=\"4ca0570d\" data-element_type=\"widget\" data-widget_type=\"image.default\">\n\t\t\t\t<div class=\"elementor-widget-container\">\n\t\t\t\t\t\t\t\t\t\t\t\t\t\t\t\t<a href=\"http:\/\/www.kutahyaosb.org.tr\/last\/wp-content\/uploads\/2026\/02\/IMG_2278-kopya-scaled.jpg\" data-elementor-open-lightbox=\"yes\" data-elementor-lightbox-title=\"IMG_2278 kopya\" data-e-action-hash=\"#elementor-action%3Aaction%3Dlightbox%26settings%3DeyJpZCI6Njc1NywidXJsIjoiaHR0cHM6XC9cL3d3dy5rdXRhaHlhb3NiLm9yZy50clwvbGFzdFwvd3AtY29udGVudFwvdXBsb2Fkc1wvMjAyNlwvMDJcL0lNR18yMjc4LWtvcHlhLXNjYWxlZC5qcGcifQ%3D%3D\">\n\t\t\t\t\t\t\t<img loading=\"lazy\" decoding=\"async\" width=\"640\" height=\"427\" src=\"https:\/\/www.kutahyaosb.org.tr\/last\/wp-content\/uploads\/2026\/02\/IMG_2278-kopya-1024x683.jpg\" class=\"attachment-large size-large wp-image-6757\" alt=\"\" srcset=\"https:\/\/www.kutahyaosb.org.tr\/last\/wp-content\/uploads\/2026\/02\/IMG_2278-kopya-1024x683.jpg 1024w, https:\/\/www.kutahyaosb.org.tr\/last\/wp-content\/uploads\/2026\/02\/IMG_2278-kopya-300x200.jpg 300w, https:\/\/www.kutahyaosb.org.tr\/last\/wp-content\/uploads\/2026\/02\/IMG_2278-kopya-768x512.jpg 768w, https:\/\/www.kutahyaosb.org.tr\/last\/wp-content\/uploads\/2026\/02\/IMG_2278-kopya-1536x1024.jpg 1536w, https:\/\/www.kutahyaosb.org.tr\/last\/wp-content\/uploads\/2026\/02\/IMG_2278-kopya-2048x1365.jpg 2048w, https:\/\/www.kutahyaosb.org.tr\/last\/wp-content\/uploads\/2026\/02\/IMG_2278-kopya-600x400.jpg 600w\" sizes=\"(max-width: 640px) 100vw, 640px\" \/>\t\t\t\t\t\t\t\t<\/a>\n\t\t\t\t\t\t\t\t\t\t\t\t\t\t\t<\/div>\n\t\t\t\t<\/div>\n\t\t\t\t<div class=\"elementor-element elementor-element-3e705bc8 elementor-widget elementor-widget-image\" data-id=\"3e705bc8\" data-element_type=\"widget\" data-widget_type=\"image.default\">\n\t\t\t\t<div class=\"elementor-widget-container\">\n\t\t\t\t\t\t\t\t\t\t\t\t\t\t\t\t<a href=\"http:\/\/www.kutahyaosb.org.tr\/last\/wp-content\/uploads\/2026\/02\/IMG_2323-kopya-scaled.jpg\" data-elementor-open-lightbox=\"yes\" data-elementor-lightbox-title=\"IMG_2323 kopya\" data-e-action-hash=\"#elementor-action%3Aaction%3Dlightbox%26settings%3DeyJpZCI6Njc1OCwidXJsIjoiaHR0cHM6XC9cL3d3dy5rdXRhaHlhb3NiLm9yZy50clwvbGFzdFwvd3AtY29udGVudFwvdXBsb2Fkc1wvMjAyNlwvMDJcL0lNR18yMzIzLWtvcHlhLXNjYWxlZC5qcGcifQ%3D%3D\">\n\t\t\t\t\t\t\t<img loading=\"lazy\" decoding=\"async\" width=\"640\" height=\"427\" src=\"https:\/\/www.kutahyaosb.org.tr\/last\/wp-content\/uploads\/2026\/02\/IMG_2323-kopya-1024x683.jpg\" class=\"attachment-large size-large wp-image-6758\" alt=\"\" srcset=\"https:\/\/www.kutahyaosb.org.tr\/last\/wp-content\/uploads\/2026\/02\/IMG_2323-kopya-1024x683.jpg 1024w, https:\/\/www.kutahyaosb.org.tr\/last\/wp-content\/uploads\/2026\/02\/IMG_2323-kopya-300x200.jpg 300w, https:\/\/www.kutahyaosb.org.tr\/last\/wp-content\/uploads\/2026\/02\/IMG_2323-kopya-768x512.jpg 768w, https:\/\/www.kutahyaosb.org.tr\/last\/wp-content\/uploads\/2026\/02\/IMG_2323-kopya-1536x1024.jpg 1536w, https:\/\/www.kutahyaosb.org.tr\/last\/wp-content\/uploads\/2026\/02\/IMG_2323-kopya-2048x1365.jpg 2048w, https:\/\/www.kutahyaosb.org.tr\/last\/wp-content\/uploads\/2026\/02\/IMG_2323-kopya-600x400.jpg 600w\" sizes=\"(max-width: 640px) 100vw, 640px\" \/>\t\t\t\t\t\t\t\t<\/a>\n\t\t\t\t\t\t\t\t\t\t\t\t\t\t\t<\/div>\n\t\t\t\t<\/div>\n\t\t\t\t<\/div>\n\t\t\t\t\t<\/div>\n\t\t\t\t<\/div>\n\t\t<div class=\"elementor-element elementor-element-51a3013b e-flex e-con-boxed e-con e-parent\" data-id=\"51a3013b\" data-element_type=\"container\">\n\t\t\t\t\t<div class=\"e-con-inner\">\n\t\t\t\t<div class=\"elementor-element elementor-element-6784d14a elementor-widget elementor-widget-text-editor\" data-id=\"6784d14a\" data-element_type=\"widget\" data-widget_type=\"text-editor.default\">\n\t\t\t\t<div class=\"elementor-widget-container\">\n\t\t\t\t\t\t\t\t\t<p><strong>K\u00fctahya Organize Sanayi B\u00f6lgesi \u0130tfaiye Ekibi, olas\u0131 acil durumlara kar\u015f\u0131 haz\u0131rl\u0131k seviyesini en \u00fcst d\u00fczeyde tutmak amac\u0131yla kapsaml\u0131 bir yang\u0131n ve kurtarma tatbikat\u0131 ger\u00e7ekle\u015ftirdi. Ger\u00e7e\u011fi aratmayan senaryolarla kurgulanan tatbikatta, ekiplerin koordinasyonu, m\u00fcdahale h\u0131z\u0131 ve teknik yeterlili\u011fi dikkat \u00e7ekti.<\/strong><\/p><p>Tatbikat kapsam\u0131nda; kapal\u0131 alan yang\u0131n\u0131na m\u00fcdahale, hortum hatt\u0131 kurulumu, yaral\u0131ya ilk m\u00fcdahale ve sedye ile g\u00fcvenli tahliye uygulamalar\u0131 ba\u015far\u0131yla ger\u00e7ekle\u015ftirildi. Merdivenli ara\u00e7la y\u00fcksekten eri\u015fim senaryosu da uygulanarak, \u00e7ok y\u00f6nl\u00fc m\u00fcdahale kabiliyeti test edildi.<\/p><p>\u0130\u00e7 mek\u00e2nda ger\u00e7ekle\u015ftirilen senaryoda ekipler, duman alt\u0131ndaki alanda ilerleme tekniklerini kullanarak yang\u0131na kontroll\u00fc m\u00fcdahalede bulundu. Ard\u0131ndan yaral\u0131 personel g\u00fcvenli \u015fekilde tahliye edilerek sa\u011fl\u0131k ekiplerine teslim edildi. Merdivenli ara\u00e7 kullan\u0131m\u0131yla y\u00fcksek kat eri\u015fim \u00e7al\u0131\u015fmas\u0131 da planl\u0131 ve disiplinli \u015fekilde tamamland\u0131.<\/p><p>Tatbikat boyunca ekip i\u00e7i ileti\u015fim, zaman y\u00f6netimi ve operasyonel disiplin \u00f6n planda tutuldu. K\u00fctahya OSB \u0130tfaiye Ekibi\u2019nin h\u0131zl\u0131 konu\u015flanma ve koordinasyon kabiliyeti, yat\u0131r\u0131mc\u0131 firmalara g\u00fcven veren bir tablo ortaya koydu.<\/p>\t\t\t\t\t\t\t\t<\/div>\n\t\t\t\t<\/div>\n\t\t\t\t\t<\/div>\n\t\t\t\t<\/div>\n\t\t\t\t<\/div>\n\t\t","protected":false},"excerpt":{"rendered":"<p>K\u00dcTAHYA OSB \u0130TFA\u0130YE EK\u0130B\u0130NDEN GER\u00c7E\u011e\u0130 ARATMAYAN TATB\u0130KAT K\u00fctahya Organize Sanayi B\u00f6lgesi \u0130tfaiye Ekibi, olas\u0131 acil durumlara kar\u015f\u0131 haz\u0131rl\u0131k seviyesini en \u00fcst d\u00fczeyde tutmak amac\u0131yla kapsaml\u0131 bir yang\u0131n ve kurtarma tatbikat\u0131 ger\u00e7ekle\u015ftirdi. Ger\u00e7e\u011fi aratmayan senaryolarla kurgulanan tatbikatta, ekiplerin koordinasyonu, m\u00fcdahale h\u0131z\u0131 ve teknik yeterlili\u011fi dikkat \u00e7ekti. Tatbikat kapsam\u0131nda; kapal\u0131 alan yang\u0131n\u0131na m\u00fcdahale, hortum hatt\u0131 kurulumu, yaral\u0131ya [&hellip;]<\/p>\n","protected":false},"author":1,"featured_media":0,"parent":0,"menu_order":0,"comment_status":"closed","ping_status":"closed","template":"elementor_header_footer","meta":{"_uag_custom_page_level_css":"","footnotes":""},"class_list":["post-6751","page","type-page","status-publish","hentry"],"uagb_featured_image_src":{"full":false,"thumbnail":false,"medium":false,"medium_large":false,"large":false,"1536x1536":false,"2048x2048":false,"consultio-large":false,"consultio-medium":false,"woocommerce_thumbnail":false,"woocommerce_single":false,"woocommerce_gallery_thumbnail":false,"quick_view_image_size":false},"uagb_author_info":{"display_name":"admin","author_link":"https:\/\/www.kutahyaosb.org.tr\/last\/home\/author\/admin\/"},"uagb_comment_info":0,"uagb_excerpt":"K\u00dcTAHYA OSB \u0130TFA\u0130YE EK\u0130B\u0130NDEN GER\u00c7E\u011e\u0130 ARATMAYAN TATB\u0130KAT K\u00fctahya Organize Sanayi B\u00f6lgesi \u0130tfaiye Ekibi, olas\u0131 acil durumlara kar\u015f\u0131 haz\u0131rl\u0131k seviyesini en \u00fcst d\u00fczeyde tutmak amac\u0131yla kapsaml\u0131 bir yang\u0131n ve kurtarma tatbikat\u0131 ger\u00e7ekle\u015ftirdi. Ger\u00e7e\u011fi aratmayan senaryolarla kurgulanan tatbikatta, ekiplerin koordinasyonu, m\u00fcdahale h\u0131z\u0131 ve teknik yeterlili\u011fi dikkat \u00e7ekti. Tatbikat kapsam\u0131nda; kapal\u0131 alan yang\u0131n\u0131na m\u00fcdahale, hortum hatt\u0131 kurulumu, yaral\u0131ya&hellip;","_links":{"self":[{"href":"https:\/\/www.kutahyaosb.org.tr\/last\/home\/wp-json\/wp\/v2\/pages\/6751","targetHints":{"allow":["GET"]}}],"collection":[{"href":"https:\/\/www.kutahyaosb.org.tr\/last\/home\/wp-json\/wp\/v2\/pages"}],"about":[{"href":"https:\/\/www.kutahyaosb.org.tr\/last\/home\/wp-json\/wp\/v2\/types\/page"}],"author":[{"embeddable":true,"href":"https:\/\/www.kutahyaosb.org.tr\/last\/home\/wp-json\/wp\/v2\/users\/1"}],"replies":[{"embeddable":true,"href":"https:\/\/www.kutahyaosb.org.tr\/last\/home\/wp-json\/wp\/v2\/comments?post=6751"}],"version-history":[{"count":10,"href":"https:\/\/www.kutahyaosb.org.tr\/last\/home\/wp-json\/wp\/v2\/pages\/6751\/revisions"}],"predecessor-version":[{"id":6767,"href":"https:\/\/www.kutahyaosb.org.tr\/last\/home\/wp-json\/wp\/v2\/pages\/6751\/revisions\/6767"}],"wp:attachment":[{"href":"https:\/\/www.kutahyaosb.org.tr\/last\/home\/wp-json\/wp\/v2\/media?parent=6751"}],"curies":[{"name":"wp","href":"https:\/\/api.w.org\/{rel}","templated":true}]}}