{"id":6772,"date":"2026-02-24T08:49:26","date_gmt":"2026-02-24T08:49:26","guid":{"rendered":"https:\/\/www.kutahyaosb.org.tr\/last\/home\/?page_id=6772"},"modified":"2026-02-24T08:56:00","modified_gmt":"2026-02-24T08:56:00","slug":"kutahya-osbden-ramazanda-400-aileye-destek","status":"publish","type":"page","link":"https:\/\/www.kutahyaosb.org.tr\/last\/home\/kutahya-osbden-ramazanda-400-aileye-destek\/","title":{"rendered":"K\u00dcTAHYA OSB\u2019DEN RAMAZAN\u2019DA 400 A\u0130LEYE DESTEK"},"content":{"rendered":"\t\t<div data-elementor-type=\"wp-page\" data-elementor-id=\"6772\" class=\"elementor elementor-6772\">\n\t\t\t\t<div class=\"elementor-element elementor-element-75afa949 e-con-full e-flex e-con e-parent\" data-id=\"75afa949\" data-element_type=\"container\">\n\t\t\t\t<div class=\"elementor-element elementor-element-5a95ded5 elementor-widget elementor-widget-heading\" data-id=\"5a95ded5\" data-element_type=\"widget\" data-widget_type=\"heading.default\">\n\t\t\t\t<div class=\"elementor-widget-container\">\n\t\t\t\t\t<h2 class=\"elementor-heading-title elementor-size-default\">K\u00dcTAHYA OSB\u2019DEN RAMAZAN\u2019DA 400 A\u0130LEYE DESTEK<\/h2>\t\t\t\t<\/div>\n\t\t\t\t<\/div>\n\t\t\t\t<\/div>\n\t\t<div class=\"elementor-element elementor-element-3bbf5c05 e-flex e-con-boxed e-con e-parent\" data-id=\"3bbf5c05\" data-element_type=\"container\">\n\t\t\t\t\t<div class=\"e-con-inner\">\n\t\t\t\t<div class=\"elementor-element elementor-element-29d9770a elementor-widget elementor-widget-image\" data-id=\"29d9770a\" data-element_type=\"widget\" data-widget_type=\"image.default\">\n\t\t\t\t<div class=\"elementor-widget-container\">\n\t\t\t\t\t\t\t\t\t\t\t\t\t\t\t<img fetchpriority=\"high\" decoding=\"async\" width=\"640\" height=\"427\" src=\"https:\/\/www.kutahyaosb.org.tr\/last\/wp-content\/uploads\/2026\/02\/IMG_2479-kopya-1024x683.jpg\" class=\"attachment-large size-large wp-image-6779\" alt=\"\" srcset=\"https:\/\/www.kutahyaosb.org.tr\/last\/wp-content\/uploads\/2026\/02\/IMG_2479-kopya-1024x683.jpg 1024w, https:\/\/www.kutahyaosb.org.tr\/last\/wp-content\/uploads\/2026\/02\/IMG_2479-kopya-300x200.jpg 300w, https:\/\/www.kutahyaosb.org.tr\/last\/wp-content\/uploads\/2026\/02\/IMG_2479-kopya-768x512.jpg 768w, https:\/\/www.kutahyaosb.org.tr\/last\/wp-content\/uploads\/2026\/02\/IMG_2479-kopya-1536x1024.jpg 1536w, https:\/\/www.kutahyaosb.org.tr\/last\/wp-content\/uploads\/2026\/02\/IMG_2479-kopya-2048x1365.jpg 2048w, https:\/\/www.kutahyaosb.org.tr\/last\/wp-content\/uploads\/2026\/02\/IMG_2479-kopya-600x400.jpg 600w\" sizes=\"(max-width: 640px) 100vw, 640px\" \/>\t\t\t\t\t\t\t\t\t\t\t\t\t\t\t<\/div>\n\t\t\t\t<\/div>\n\t\t\t\t\t<\/div>\n\t\t\t\t<\/div>\n\t\t<div class=\"elementor-element elementor-element-34ff375e e-flex e-con-boxed e-con e-parent\" data-id=\"34ff375e\" data-element_type=\"container\">\n\t\t\t\t\t<div class=\"e-con-inner\">\n\t\t<div class=\"elementor-element elementor-element-6ff305dd e-grid e-con-full e-con e-child\" data-id=\"6ff305dd\" data-element_type=\"container\">\n\t\t\t\t<div class=\"elementor-element elementor-element-5f7c7444 elementor-widget elementor-widget-image\" data-id=\"5f7c7444\" data-element_type=\"widget\" data-widget_type=\"image.default\">\n\t\t\t\t<div class=\"elementor-widget-container\">\n\t\t\t\t\t\t\t\t\t\t\t\t\t\t\t\t<a href=\"http:\/\/www.kutahyaosb.org.tr\/last\/wp-content\/uploads\/2026\/02\/IMG_2503-kopya-scaled.jpg\" data-elementor-open-lightbox=\"yes\" data-elementor-lightbox-title=\"IMG_2503 kopya\" data-e-action-hash=\"#elementor-action%3Aaction%3Dlightbox%26settings%3DeyJpZCI6Njc4MCwidXJsIjoiaHR0cHM6XC9cL3d3dy5rdXRhaHlhb3NiLm9yZy50clwvbGFzdFwvd3AtY29udGVudFwvdXBsb2Fkc1wvMjAyNlwvMDJcL0lNR18yNTAzLWtvcHlhLXNjYWxlZC5qcGcifQ%3D%3D\">\n\t\t\t\t\t\t\t<img decoding=\"async\" width=\"640\" height=\"427\" src=\"https:\/\/www.kutahyaosb.org.tr\/last\/wp-content\/uploads\/2026\/02\/IMG_2503-kopya-1024x683.jpg\" class=\"attachment-large size-large wp-image-6780\" alt=\"\" srcset=\"https:\/\/www.kutahyaosb.org.tr\/last\/wp-content\/uploads\/2026\/02\/IMG_2503-kopya-1024x683.jpg 1024w, https:\/\/www.kutahyaosb.org.tr\/last\/wp-content\/uploads\/2026\/02\/IMG_2503-kopya-300x200.jpg 300w, https:\/\/www.kutahyaosb.org.tr\/last\/wp-content\/uploads\/2026\/02\/IMG_2503-kopya-768x512.jpg 768w, https:\/\/www.kutahyaosb.org.tr\/last\/wp-content\/uploads\/2026\/02\/IMG_2503-kopya-1536x1024.jpg 1536w, https:\/\/www.kutahyaosb.org.tr\/last\/wp-content\/uploads\/2026\/02\/IMG_2503-kopya-2048x1365.jpg 2048w, https:\/\/www.kutahyaosb.org.tr\/last\/wp-content\/uploads\/2026\/02\/IMG_2503-kopya-600x400.jpg 600w\" sizes=\"(max-width: 640px) 100vw, 640px\" \/>\t\t\t\t\t\t\t\t<\/a>\n\t\t\t\t\t\t\t\t\t\t\t\t\t\t\t<\/div>\n\t\t\t\t<\/div>\n\t\t\t\t<div class=\"elementor-element elementor-element-54d2c686 elementor-widget elementor-widget-image\" data-id=\"54d2c686\" data-element_type=\"widget\" data-widget_type=\"image.default\">\n\t\t\t\t<div class=\"elementor-widget-container\">\n\t\t\t\t\t\t\t\t\t\t\t\t\t\t\t\t<a href=\"http:\/\/www.kutahyaosb.org.tr\/last\/wp-content\/uploads\/2026\/02\/IMG_2447-kopya-scaled.jpg\" data-elementor-open-lightbox=\"yes\" data-elementor-lightbox-title=\"IMG_2447 kopya\" data-e-action-hash=\"#elementor-action%3Aaction%3Dlightbox%26settings%3DeyJpZCI6Njc3OCwidXJsIjoiaHR0cHM6XC9cL3d3dy5rdXRhaHlhb3NiLm9yZy50clwvbGFzdFwvd3AtY29udGVudFwvdXBsb2Fkc1wvMjAyNlwvMDJcL0lNR18yNDQ3LWtvcHlhLXNjYWxlZC5qcGcifQ%3D%3D\">\n\t\t\t\t\t\t\t<img decoding=\"async\" width=\"640\" height=\"427\" src=\"https:\/\/www.kutahyaosb.org.tr\/last\/wp-content\/uploads\/2026\/02\/IMG_2447-kopya-1024x683.jpg\" class=\"attachment-large size-large wp-image-6778\" alt=\"\" srcset=\"https:\/\/www.kutahyaosb.org.tr\/last\/wp-content\/uploads\/2026\/02\/IMG_2447-kopya-1024x683.jpg 1024w, https:\/\/www.kutahyaosb.org.tr\/last\/wp-content\/uploads\/2026\/02\/IMG_2447-kopya-300x200.jpg 300w, https:\/\/www.kutahyaosb.org.tr\/last\/wp-content\/uploads\/2026\/02\/IMG_2447-kopya-768x512.jpg 768w, https:\/\/www.kutahyaosb.org.tr\/last\/wp-content\/uploads\/2026\/02\/IMG_2447-kopya-1536x1024.jpg 1536w, https:\/\/www.kutahyaosb.org.tr\/last\/wp-content\/uploads\/2026\/02\/IMG_2447-kopya-2048x1365.jpg 2048w, https:\/\/www.kutahyaosb.org.tr\/last\/wp-content\/uploads\/2026\/02\/IMG_2447-kopya-600x400.jpg 600w\" sizes=\"(max-width: 640px) 100vw, 640px\" \/>\t\t\t\t\t\t\t\t<\/a>\n\t\t\t\t\t\t\t\t\t\t\t\t\t\t\t<\/div>\n\t\t\t\t<\/div>\n\t\t\t\t<div class=\"elementor-element elementor-element-53de0d3d elementor-widget elementor-widget-image\" data-id=\"53de0d3d\" data-element_type=\"widget\" data-widget_type=\"image.default\">\n\t\t\t\t<div class=\"elementor-widget-container\">\n\t\t\t\t\t\t\t\t\t\t\t\t\t\t\t\t<a href=\"http:\/\/www.kutahyaosb.org.tr\/last\/wp-content\/uploads\/2026\/02\/IMG_2398-kopya-scaled.jpg\" data-elementor-open-lightbox=\"yes\" data-elementor-lightbox-title=\"IMG_2398 kopya\" data-e-action-hash=\"#elementor-action%3Aaction%3Dlightbox%26settings%3DeyJpZCI6Njc3NywidXJsIjoiaHR0cHM6XC9cL3d3dy5rdXRhaHlhb3NiLm9yZy50clwvbGFzdFwvd3AtY29udGVudFwvdXBsb2Fkc1wvMjAyNlwvMDJcL0lNR18yMzk4LWtvcHlhLXNjYWxlZC5qcGcifQ%3D%3D\">\n\t\t\t\t\t\t\t<img loading=\"lazy\" decoding=\"async\" width=\"640\" height=\"427\" src=\"https:\/\/www.kutahyaosb.org.tr\/last\/wp-content\/uploads\/2026\/02\/IMG_2398-kopya-1024x683.jpg\" class=\"attachment-large size-large wp-image-6777\" alt=\"\" srcset=\"https:\/\/www.kutahyaosb.org.tr\/last\/wp-content\/uploads\/2026\/02\/IMG_2398-kopya-1024x683.jpg 1024w, https:\/\/www.kutahyaosb.org.tr\/last\/wp-content\/uploads\/2026\/02\/IMG_2398-kopya-300x200.jpg 300w, https:\/\/www.kutahyaosb.org.tr\/last\/wp-content\/uploads\/2026\/02\/IMG_2398-kopya-768x512.jpg 768w, https:\/\/www.kutahyaosb.org.tr\/last\/wp-content\/uploads\/2026\/02\/IMG_2398-kopya-1536x1024.jpg 1536w, https:\/\/www.kutahyaosb.org.tr\/last\/wp-content\/uploads\/2026\/02\/IMG_2398-kopya-2048x1365.jpg 2048w, https:\/\/www.kutahyaosb.org.tr\/last\/wp-content\/uploads\/2026\/02\/IMG_2398-kopya-600x400.jpg 600w\" sizes=\"(max-width: 640px) 100vw, 640px\" \/>\t\t\t\t\t\t\t\t<\/a>\n\t\t\t\t\t\t\t\t\t\t\t\t\t\t\t<\/div>\n\t\t\t\t<\/div>\n\t\t\t\t<div class=\"elementor-element elementor-element-71e9c661 elementor-widget elementor-widget-image\" data-id=\"71e9c661\" data-element_type=\"widget\" data-widget_type=\"image.default\">\n\t\t\t\t<div class=\"elementor-widget-container\">\n\t\t\t\t\t\t\t\t\t\t\t\t\t\t\t\t<a href=\"http:\/\/www.kutahyaosb.org.tr\/last\/wp-content\/uploads\/2026\/02\/IMG_2388-kopya-scaled.jpg\" data-elementor-open-lightbox=\"yes\" data-elementor-lightbox-title=\"IMG_2388 kopya\" data-e-action-hash=\"#elementor-action%3Aaction%3Dlightbox%26settings%3DeyJpZCI6Njc3NiwidXJsIjoiaHR0cHM6XC9cL3d3dy5rdXRhaHlhb3NiLm9yZy50clwvbGFzdFwvd3AtY29udGVudFwvdXBsb2Fkc1wvMjAyNlwvMDJcL0lNR18yMzg4LWtvcHlhLXNjYWxlZC5qcGcifQ%3D%3D\">\n\t\t\t\t\t\t\t<img loading=\"lazy\" decoding=\"async\" width=\"640\" height=\"427\" src=\"https:\/\/www.kutahyaosb.org.tr\/last\/wp-content\/uploads\/2026\/02\/IMG_2388-kopya-1024x683.jpg\" class=\"attachment-large size-large wp-image-6776\" alt=\"\" srcset=\"https:\/\/www.kutahyaosb.org.tr\/last\/wp-content\/uploads\/2026\/02\/IMG_2388-kopya-1024x683.jpg 1024w, https:\/\/www.kutahyaosb.org.tr\/last\/wp-content\/uploads\/2026\/02\/IMG_2388-kopya-300x200.jpg 300w, https:\/\/www.kutahyaosb.org.tr\/last\/wp-content\/uploads\/2026\/02\/IMG_2388-kopya-768x512.jpg 768w, https:\/\/www.kutahyaosb.org.tr\/last\/wp-content\/uploads\/2026\/02\/IMG_2388-kopya-1536x1024.jpg 1536w, https:\/\/www.kutahyaosb.org.tr\/last\/wp-content\/uploads\/2026\/02\/IMG_2388-kopya-2048x1365.jpg 2048w, https:\/\/www.kutahyaosb.org.tr\/last\/wp-content\/uploads\/2026\/02\/IMG_2388-kopya-600x400.jpg 600w\" sizes=\"(max-width: 640px) 100vw, 640px\" \/>\t\t\t\t\t\t\t\t<\/a>\n\t\t\t\t\t\t\t\t\t\t\t\t\t\t\t<\/div>\n\t\t\t\t<\/div>\n\t\t\t\t<div class=\"elementor-element elementor-element-767a9163 elementor-widget elementor-widget-image\" data-id=\"767a9163\" data-element_type=\"widget\" data-widget_type=\"image.default\">\n\t\t\t\t<div class=\"elementor-widget-container\">\n\t\t\t\t\t\t\t\t\t\t\t\t\t\t\t\t<a href=\"http:\/\/www.kutahyaosb.org.tr\/last\/wp-content\/uploads\/2026\/02\/IMG_2356-kopya-scaled.jpg\" data-elementor-open-lightbox=\"yes\" data-elementor-lightbox-title=\"IMG_2356 kopya\" data-e-action-hash=\"#elementor-action%3Aaction%3Dlightbox%26settings%3DeyJpZCI6Njc3NSwidXJsIjoiaHR0cHM6XC9cL3d3dy5rdXRhaHlhb3NiLm9yZy50clwvbGFzdFwvd3AtY29udGVudFwvdXBsb2Fkc1wvMjAyNlwvMDJcL0lNR18yMzU2LWtvcHlhLXNjYWxlZC5qcGcifQ%3D%3D\">\n\t\t\t\t\t\t\t<img loading=\"lazy\" decoding=\"async\" width=\"640\" height=\"427\" src=\"https:\/\/www.kutahyaosb.org.tr\/last\/wp-content\/uploads\/2026\/02\/IMG_2356-kopya-1024x683.jpg\" class=\"attachment-large size-large wp-image-6775\" alt=\"\" srcset=\"https:\/\/www.kutahyaosb.org.tr\/last\/wp-content\/uploads\/2026\/02\/IMG_2356-kopya-1024x683.jpg 1024w, https:\/\/www.kutahyaosb.org.tr\/last\/wp-content\/uploads\/2026\/02\/IMG_2356-kopya-300x200.jpg 300w, https:\/\/www.kutahyaosb.org.tr\/last\/wp-content\/uploads\/2026\/02\/IMG_2356-kopya-768x512.jpg 768w, https:\/\/www.kutahyaosb.org.tr\/last\/wp-content\/uploads\/2026\/02\/IMG_2356-kopya-1536x1024.jpg 1536w, https:\/\/www.kutahyaosb.org.tr\/last\/wp-content\/uploads\/2026\/02\/IMG_2356-kopya-2048x1365.jpg 2048w, https:\/\/www.kutahyaosb.org.tr\/last\/wp-content\/uploads\/2026\/02\/IMG_2356-kopya-600x400.jpg 600w\" sizes=\"(max-width: 640px) 100vw, 640px\" \/>\t\t\t\t\t\t\t\t<\/a>\n\t\t\t\t\t\t\t\t\t\t\t\t\t\t\t<\/div>\n\t\t\t\t<\/div>\n\t\t\t\t<\/div>\n\t\t\t\t\t<\/div>\n\t\t\t\t<\/div>\n\t\t<div class=\"elementor-element elementor-element-1e0a6845 e-flex e-con-boxed e-con e-parent\" data-id=\"1e0a6845\" data-element_type=\"container\">\n\t\t\t\t\t<div class=\"e-con-inner\">\n\t\t\t\t<div class=\"elementor-element elementor-element-4241903c elementor-widget elementor-widget-text-editor\" data-id=\"4241903c\" data-element_type=\"widget\" data-widget_type=\"text-editor.default\">\n\t\t\t\t<div class=\"elementor-widget-container\">\n\t\t\t\t\t\t\t\t\t<p><br \/><strong>K\u00fctahya Organize Sanayi B\u00f6lgesi, her y\u0131l oldu\u011fu gibi bu Ramazan ay\u0131nda da ihtiya\u00e7 sahibi aileleri unutmad\u0131. Sosyal sorumluluk anlay\u0131\u015f\u0131 do\u011frultusunda haz\u0131rlanan 400 adet Ramazan kolisi, ihtiya\u00e7 sahiplerine ula\u015ft\u0131r\u0131lmak \u00fczere T.C. K\u00fctahya Valili\u011fi Sosyal Yard\u0131mla\u015fma ve Dayan\u0131\u015fma Vakf\u0131\u2019na teslim edildi.<\/strong><\/p><p>Ramazan ay\u0131n\u0131n payla\u015fma ve dayan\u0131\u015fma ruhuna uygun olarak haz\u0131rlanan g\u0131da kolilerinde; \u00e7ay, \u015feker, bakliyat \u00fcr\u00fcnleri, zeytin, s\u0131v\u0131 ya\u011f, sal\u00e7a, un, tuz ve helva gibi temel ihtiya\u00e7 malzemeleri yer al\u0131yor. Koliler, Ramazan boyunca ailelerin sofralar\u0131na katk\u0131 sa\u011flayacak \u015fekilde titizlikle haz\u0131rland\u0131.<\/p><p>Her y\u0131l d\u00fczenli olarak ger\u00e7ekle\u015ftirilen bu yard\u0131m organizasyonu, K\u00fctahya OSB\u2019nin yaln\u0131zca \u00fcretim ve yat\u0131r\u0131m odakl\u0131 bir sanayi b\u00f6lgesi olmad\u0131\u011f\u0131n\u0131; ayn\u0131 zamanda toplumsal sorumluluk bilinciyle hareket eden bir kurum oldu\u011funu bir kez daha ortaya koyuyor.<\/p><p>K\u00fctahya OSB, Ramazan ay\u0131n\u0131n manevi atmosferini payla\u015farak yard\u0131mla\u015fma k\u00fclt\u00fcr\u00fcn\u00fc g\u00fc\u00e7lendirmeye ve b\u00f6lgesine de\u011fer katmaya devam ediyor.<\/p>\t\t\t\t\t\t\t\t<\/div>\n\t\t\t\t<\/div>\n\t\t\t\t\t<\/div>\n\t\t\t\t<\/div>\n\t\t\t\t<\/div>\n\t\t","protected":false},"excerpt":{"rendered":"<p>K\u00dcTAHYA OSB\u2019DEN RAMAZAN\u2019DA 400 A\u0130LEYE DESTEK K\u00fctahya Organize Sanayi B\u00f6lgesi, her y\u0131l oldu\u011fu gibi bu Ramazan ay\u0131nda da ihtiya\u00e7 sahibi aileleri unutmad\u0131. Sosyal sorumluluk anlay\u0131\u015f\u0131 do\u011frultusunda haz\u0131rlanan 400 adet Ramazan kolisi, ihtiya\u00e7 sahiplerine ula\u015ft\u0131r\u0131lmak \u00fczere T.C. K\u00fctahya Valili\u011fi Sosyal Yard\u0131mla\u015fma ve Dayan\u0131\u015fma Vakf\u0131\u2019na teslim edildi. Ramazan ay\u0131n\u0131n payla\u015fma ve dayan\u0131\u015fma ruhuna uygun olarak haz\u0131rlanan g\u0131da [&hellip;]<\/p>\n","protected":false},"author":1,"featured_media":0,"parent":0,"menu_order":0,"comment_status":"closed","ping_status":"closed","template":"elementor_header_footer","meta":{"_uag_custom_page_level_css":"","footnotes":""},"class_list":["post-6772","page","type-page","status-publish","hentry"],"uagb_featured_image_src":{"full":false,"thumbnail":false,"medium":false,"medium_large":false,"large":false,"1536x1536":false,"2048x2048":false,"consultio-large":false,"consultio-medium":false,"woocommerce_thumbnail":false,"woocommerce_single":false,"woocommerce_gallery_thumbnail":false,"quick_view_image_size":false},"uagb_author_info":{"display_name":"admin","author_link":"https:\/\/www.kutahyaosb.org.tr\/last\/home\/author\/admin\/"},"uagb_comment_info":0,"uagb_excerpt":"K\u00dcTAHYA OSB\u2019DEN RAMAZAN\u2019DA 400 A\u0130LEYE DESTEK K\u00fctahya Organize Sanayi B\u00f6lgesi, her y\u0131l oldu\u011fu gibi bu Ramazan ay\u0131nda da ihtiya\u00e7 sahibi aileleri unutmad\u0131. Sosyal sorumluluk anlay\u0131\u015f\u0131 do\u011frultusunda haz\u0131rlanan 400 adet Ramazan kolisi, ihtiya\u00e7 sahiplerine ula\u015ft\u0131r\u0131lmak \u00fczere T.C. K\u00fctahya Valili\u011fi Sosyal Yard\u0131mla\u015fma ve Dayan\u0131\u015fma Vakf\u0131\u2019na teslim edildi. Ramazan ay\u0131n\u0131n payla\u015fma ve dayan\u0131\u015fma ruhuna uygun olarak haz\u0131rlanan g\u0131da&hellip;","_links":{"self":[{"href":"https:\/\/www.kutahyaosb.org.tr\/last\/home\/wp-json\/wp\/v2\/pages\/6772","targetHints":{"allow":["GET"]}}],"collection":[{"href":"https:\/\/www.kutahyaosb.org.tr\/last\/home\/wp-json\/wp\/v2\/pages"}],"about":[{"href":"https:\/\/www.kutahyaosb.org.tr\/last\/home\/wp-json\/wp\/v2\/types\/page"}],"author":[{"embeddable":true,"href":"https:\/\/www.kutahyaosb.org.tr\/last\/home\/wp-json\/wp\/v2\/users\/1"}],"replies":[{"embeddable":true,"href":"https:\/\/www.kutahyaosb.org.tr\/last\/home\/wp-json\/wp\/v2\/comments?post=6772"}],"version-history":[{"count":7,"href":"https:\/\/www.kutahyaosb.org.tr\/last\/home\/wp-json\/wp\/v2\/pages\/6772\/revisions"}],"predecessor-version":[{"id":6786,"href":"https:\/\/www.kutahyaosb.org.tr\/last\/home\/wp-json\/wp\/v2\/pages\/6772\/revisions\/6786"}],"wp:attachment":[{"href":"https:\/\/www.kutahyaosb.org.tr\/last\/home\/wp-json\/wp\/v2\/media?parent=6772"}],"curies":[{"name":"wp","href":"https:\/\/api.w.org\/{rel}","templated":true}]}}