{"id":7000,"date":"2026-04-22T09:51:14","date_gmt":"2026-04-22T09:51:14","guid":{"rendered":"https:\/\/www.kutahyaosb.org.tr\/last\/home\/?page_id=7000"},"modified":"2026-04-22T09:53:20","modified_gmt":"2026-04-22T09:53:20","slug":"kutahya-organize-sanayi-bolgesi-nisan-ayi-yonetim-kurulu-toplantisi-sayin-tolga-eskioglu-baskanliginda-gerceklestirildi","status":"publish","type":"page","link":"https:\/\/www.kutahyaosb.org.tr\/last\/home\/kutahya-organize-sanayi-bolgesi-nisan-ayi-yonetim-kurulu-toplantisi-sayin-tolga-eskioglu-baskanliginda-gerceklestirildi\/","title":{"rendered":"K\u00fctahya Organize Sanayi B\u00f6lgesi Nisan ay\u0131 Y\u00f6netim Kurulu Toplant\u0131s\u0131, Say\u0131n Tolga ESK\u0130O\u011eLU ba\u015fkanl\u0131\u011f\u0131nda ger\u00e7ekle\u015ftirildi."},"content":{"rendered":"\t\t<div data-elementor-type=\"wp-page\" data-elementor-id=\"7000\" class=\"elementor elementor-7000\">\n\t\t\t\t<div class=\"elementor-element elementor-element-79e29060 e-con-full e-flex e-con e-parent\" data-id=\"79e29060\" data-element_type=\"container\">\n\t\t\t\t<div class=\"elementor-element elementor-element-69d340aa elementor-widget elementor-widget-heading\" data-id=\"69d340aa\" data-element_type=\"widget\" data-widget_type=\"heading.default\">\n\t\t\t\t<div class=\"elementor-widget-container\">\n\t\t\t\t\t<h2 class=\"elementor-heading-title elementor-size-default\">K\u00fctahya Organize Sanayi B\u00f6lgesi Nisan ay\u0131 Y\u00f6netim Kurulu Toplant\u0131s\u0131, Say\u0131n Tolga ESK\u0130O\u011eLU ba\u015fkanl\u0131\u011f\u0131nda ger\u00e7ekle\u015ftirildi.<\/h2>\t\t\t\t<\/div>\n\t\t\t\t<\/div>\n\t\t\t\t<\/div>\n\t\t<div class=\"elementor-element elementor-element-2c6e40fe e-flex e-con-boxed e-con e-parent\" data-id=\"2c6e40fe\" data-element_type=\"container\">\n\t\t\t\t\t<div class=\"e-con-inner\">\n\t\t\t\t<div class=\"elementor-element elementor-element-5ed9f1c0 elementor-widget elementor-widget-image\" data-id=\"5ed9f1c0\" data-element_type=\"widget\" data-widget_type=\"image.default\">\n\t\t\t\t<div class=\"elementor-widget-container\">\n\t\t\t\t\t\t\t\t\t\t\t\t\t\t\t<img fetchpriority=\"high\" decoding=\"async\" width=\"640\" height=\"427\" src=\"https:\/\/www.kutahyaosb.org.tr\/last\/wp-content\/uploads\/2026\/04\/IMG_5727-kopya-1024x683.jpg\" class=\"attachment-large size-large wp-image-7004\" alt=\"\" srcset=\"https:\/\/www.kutahyaosb.org.tr\/last\/wp-content\/uploads\/2026\/04\/IMG_5727-kopya-1024x683.jpg 1024w, https:\/\/www.kutahyaosb.org.tr\/last\/wp-content\/uploads\/2026\/04\/IMG_5727-kopya-300x200.jpg 300w, https:\/\/www.kutahyaosb.org.tr\/last\/wp-content\/uploads\/2026\/04\/IMG_5727-kopya-768x512.jpg 768w, https:\/\/www.kutahyaosb.org.tr\/last\/wp-content\/uploads\/2026\/04\/IMG_5727-kopya-1536x1024.jpg 1536w, https:\/\/www.kutahyaosb.org.tr\/last\/wp-content\/uploads\/2026\/04\/IMG_5727-kopya-2048x1365.jpg 2048w, https:\/\/www.kutahyaosb.org.tr\/last\/wp-content\/uploads\/2026\/04\/IMG_5727-kopya-600x400.jpg 600w\" sizes=\"(max-width: 640px) 100vw, 640px\" \/>\t\t\t\t\t\t\t\t\t\t\t\t\t\t\t<\/div>\n\t\t\t\t<\/div>\n\t\t\t\t\t<\/div>\n\t\t\t\t<\/div>\n\t\t<div class=\"elementor-element elementor-element-2768a9d6 e-flex e-con-boxed e-con e-parent\" data-id=\"2768a9d6\" data-element_type=\"container\">\n\t\t\t\t\t<div class=\"e-con-inner\">\n\t\t\t\t<div class=\"elementor-element elementor-element-7feb755a elementor-widget elementor-widget-text-editor\" data-id=\"7feb755a\" data-element_type=\"widget\" data-widget_type=\"text-editor.default\">\n\t\t\t\t<div class=\"elementor-widget-container\">\n\t\t\t\t\t\t\t\t\t<p><strong>K\u00fctahya Organize Sanayi B\u00f6lgesi Nisan ay\u0131 Y\u00f6netim Kurulu Toplant\u0131s\u0131, Say\u0131n Tolga ESK\u0130O\u011eLU ba\u015fkanl\u0131\u011f\u0131nda ger\u00e7ekle\u015ftirildi.<\/strong><\/p><p>G\u00fcndem maddeleri g\u00f6r\u00fc\u015f\u00fclerek toplant\u0131ya son verildi.<\/p>\t\t\t\t\t\t\t\t<\/div>\n\t\t\t\t<\/div>\n\t\t\t\t\t<\/div>\n\t\t\t\t<\/div>\n\t\t\t\t<\/div>\n\t\t","protected":false},"excerpt":{"rendered":"<p>K\u00fctahya Organize Sanayi B\u00f6lgesi Nisan ay\u0131 Y\u00f6netim Kurulu Toplant\u0131s\u0131, Say\u0131n Tolga ESK\u0130O\u011eLU ba\u015fkanl\u0131\u011f\u0131nda ger\u00e7ekle\u015ftirildi. K\u00fctahya Organize Sanayi B\u00f6lgesi Nisan ay\u0131 Y\u00f6netim Kurulu Toplant\u0131s\u0131, Say\u0131n Tolga ESK\u0130O\u011eLU ba\u015fkanl\u0131\u011f\u0131nda ger\u00e7ekle\u015ftirildi. G\u00fcndem maddeleri g\u00f6r\u00fc\u015f\u00fclerek toplant\u0131ya son verildi.<\/p>\n","protected":false},"author":1,"featured_media":0,"parent":0,"menu_order":0,"comment_status":"closed","ping_status":"closed","template":"elementor_header_footer","meta":{"_uag_custom_page_level_css":"","footnotes":""},"class_list":["post-7000","page","type-page","status-publish","hentry"],"uagb_featured_image_src":{"full":false,"thumbnail":false,"medium":false,"medium_large":false,"large":false,"1536x1536":false,"2048x2048":false,"consultio-large":false,"consultio-medium":false,"woocommerce_thumbnail":false,"woocommerce_single":false,"woocommerce_gallery_thumbnail":false,"quick_view_image_size":false},"uagb_author_info":{"display_name":"admin","author_link":"https:\/\/www.kutahyaosb.org.tr\/last\/home\/author\/admin\/"},"uagb_comment_info":0,"uagb_excerpt":"K\u00fctahya Organize Sanayi B\u00f6lgesi Nisan ay\u0131 Y\u00f6netim Kurulu Toplant\u0131s\u0131, Say\u0131n Tolga ESK\u0130O\u011eLU ba\u015fkanl\u0131\u011f\u0131nda ger\u00e7ekle\u015ftirildi. K\u00fctahya Organize Sanayi B\u00f6lgesi Nisan ay\u0131 Y\u00f6netim Kurulu Toplant\u0131s\u0131, Say\u0131n Tolga ESK\u0130O\u011eLU ba\u015fkanl\u0131\u011f\u0131nda ger\u00e7ekle\u015ftirildi. G\u00fcndem maddeleri g\u00f6r\u00fc\u015f\u00fclerek toplant\u0131ya son verildi.","_links":{"self":[{"href":"https:\/\/www.kutahyaosb.org.tr\/last\/home\/wp-json\/wp\/v2\/pages\/7000","targetHints":{"allow":["GET"]}}],"collection":[{"href":"https:\/\/www.kutahyaosb.org.tr\/last\/home\/wp-json\/wp\/v2\/pages"}],"about":[{"href":"https:\/\/www.kutahyaosb.org.tr\/last\/home\/wp-json\/wp\/v2\/types\/page"}],"author":[{"embeddable":true,"href":"https:\/\/www.kutahyaosb.org.tr\/last\/home\/wp-json\/wp\/v2\/users\/1"}],"replies":[{"embeddable":true,"href":"https:\/\/www.kutahyaosb.org.tr\/last\/home\/wp-json\/wp\/v2\/comments?post=7000"}],"version-history":[{"count":4,"href":"https:\/\/www.kutahyaosb.org.tr\/last\/home\/wp-json\/wp\/v2\/pages\/7000\/revisions"}],"predecessor-version":[{"id":7007,"href":"https:\/\/www.kutahyaosb.org.tr\/last\/home\/wp-json\/wp\/v2\/pages\/7000\/revisions\/7007"}],"wp:attachment":[{"href":"https:\/\/www.kutahyaosb.org.tr\/last\/home\/wp-json\/wp\/v2\/media?parent=7000"}],"curies":[{"name":"wp","href":"https:\/\/api.w.org\/{rel}","templated":true}]}}