{"id":7012,"date":"2026-04-27T10:33:21","date_gmt":"2026-04-27T10:33:21","guid":{"rendered":"https:\/\/www.kutahyaosb.org.tr\/last\/home\/?page_id=7012"},"modified":"2026-04-27T10:36:11","modified_gmt":"2026-04-27T10:36:11","slug":"kutahya-osbde-ucurtmalar-gokyuzunu-renklendirdi","status":"publish","type":"page","link":"https:\/\/www.kutahyaosb.org.tr\/last\/home\/kutahya-osbde-ucurtmalar-gokyuzunu-renklendirdi\/","title":{"rendered":"K\u00dcTAHYA OSB\u2019DE U\u00c7URTMALAR G\u00d6KY\u00dcZ\u00dcN\u00dc RENKLEND\u0130RD\u0130"},"content":{"rendered":"\t\t<div data-elementor-type=\"wp-page\" data-elementor-id=\"7012\" class=\"elementor elementor-7012\">\n\t\t\t\t<div class=\"elementor-element elementor-element-5e2fc8ae e-con-full e-flex e-con e-parent\" data-id=\"5e2fc8ae\" data-element_type=\"container\">\n\t\t\t\t<div class=\"elementor-element elementor-element-2b313d8e elementor-widget elementor-widget-heading\" data-id=\"2b313d8e\" data-element_type=\"widget\" data-widget_type=\"heading.default\">\n\t\t\t\t<div class=\"elementor-widget-container\">\n\t\t\t\t\t<h2 class=\"elementor-heading-title elementor-size-default\">K\u00dcTAHYA OSB\u2019DE U\u00c7URTMALAR G\u00d6KY\u00dcZ\u00dcN\u00dc RENKLEND\u0130RD\u0130<\/h2>\t\t\t\t<\/div>\n\t\t\t\t<\/div>\n\t\t\t\t<\/div>\n\t\t<div class=\"elementor-element elementor-element-657544 e-flex e-con-boxed e-con e-parent\" data-id=\"657544\" data-element_type=\"container\">\n\t\t\t\t\t<div class=\"e-con-inner\">\n\t\t\t\t<div class=\"elementor-element elementor-element-6f94a85d elementor-widget elementor-widget-image\" data-id=\"6f94a85d\" data-element_type=\"widget\" data-widget_type=\"image.default\">\n\t\t\t\t<div class=\"elementor-widget-container\">\n\t\t\t\t\t\t\t\t\t\t\t\t\t\t\t<img fetchpriority=\"high\" decoding=\"async\" width=\"640\" height=\"427\" src=\"https:\/\/www.kutahyaosb.org.tr\/last\/wp-content\/uploads\/2026\/04\/IMG_5967-kopya-1024x683.jpg\" class=\"attachment-large size-large wp-image-7017\" alt=\"\" srcset=\"https:\/\/www.kutahyaosb.org.tr\/last\/wp-content\/uploads\/2026\/04\/IMG_5967-kopya-1024x683.jpg 1024w, https:\/\/www.kutahyaosb.org.tr\/last\/wp-content\/uploads\/2026\/04\/IMG_5967-kopya-300x200.jpg 300w, https:\/\/www.kutahyaosb.org.tr\/last\/wp-content\/uploads\/2026\/04\/IMG_5967-kopya-768x512.jpg 768w, https:\/\/www.kutahyaosb.org.tr\/last\/wp-content\/uploads\/2026\/04\/IMG_5967-kopya-1536x1024.jpg 1536w, https:\/\/www.kutahyaosb.org.tr\/last\/wp-content\/uploads\/2026\/04\/IMG_5967-kopya-2048x1365.jpg 2048w, https:\/\/www.kutahyaosb.org.tr\/last\/wp-content\/uploads\/2026\/04\/IMG_5967-kopya-600x400.jpg 600w\" sizes=\"(max-width: 640px) 100vw, 640px\" \/>\t\t\t\t\t\t\t\t\t\t\t\t\t\t\t<\/div>\n\t\t\t\t<\/div>\n\t\t\t\t\t<\/div>\n\t\t\t\t<\/div>\n\t\t<div class=\"elementor-element elementor-element-263f3d3f e-flex e-con-boxed e-con e-parent\" data-id=\"263f3d3f\" data-element_type=\"container\">\n\t\t\t\t\t<div class=\"e-con-inner\">\n\t\t<div class=\"elementor-element elementor-element-32ea4e98 e-grid e-con-full e-con e-child\" data-id=\"32ea4e98\" data-element_type=\"container\">\n\t\t\t\t<div class=\"elementor-element elementor-element-596cca65 elementor-widget elementor-widget-image\" data-id=\"596cca65\" data-element_type=\"widget\" data-widget_type=\"image.default\">\n\t\t\t\t<div class=\"elementor-widget-container\">\n\t\t\t\t\t\t\t\t\t\t\t\t\t\t\t\t<a href=\"http:\/\/www.kutahyaosb.org.tr\/last\/wp-content\/uploads\/2026\/04\/IMG_5942-kopya-scaled.jpg\" data-elementor-open-lightbox=\"yes\" data-elementor-lightbox-title=\"IMG_5942 kopya\" data-e-action-hash=\"#elementor-action%3Aaction%3Dlightbox%26settings%3DeyJpZCI6NzAxNSwidXJsIjoiaHR0cHM6XC9cL3d3dy5rdXRhaHlhb3NiLm9yZy50clwvbGFzdFwvd3AtY29udGVudFwvdXBsb2Fkc1wvMjAyNlwvMDRcL0lNR181OTQyLWtvcHlhLXNjYWxlZC5qcGcifQ%3D%3D\">\n\t\t\t\t\t\t\t<img decoding=\"async\" width=\"640\" height=\"427\" src=\"https:\/\/www.kutahyaosb.org.tr\/last\/wp-content\/uploads\/2026\/04\/IMG_5942-kopya-1024x683.jpg\" class=\"attachment-large size-large wp-image-7015\" alt=\"\" srcset=\"https:\/\/www.kutahyaosb.org.tr\/last\/wp-content\/uploads\/2026\/04\/IMG_5942-kopya-1024x683.jpg 1024w, https:\/\/www.kutahyaosb.org.tr\/last\/wp-content\/uploads\/2026\/04\/IMG_5942-kopya-300x200.jpg 300w, https:\/\/www.kutahyaosb.org.tr\/last\/wp-content\/uploads\/2026\/04\/IMG_5942-kopya-768x512.jpg 768w, https:\/\/www.kutahyaosb.org.tr\/last\/wp-content\/uploads\/2026\/04\/IMG_5942-kopya-1536x1024.jpg 1536w, https:\/\/www.kutahyaosb.org.tr\/last\/wp-content\/uploads\/2026\/04\/IMG_5942-kopya-2048x1365.jpg 2048w, https:\/\/www.kutahyaosb.org.tr\/last\/wp-content\/uploads\/2026\/04\/IMG_5942-kopya-600x400.jpg 600w\" sizes=\"(max-width: 640px) 100vw, 640px\" \/>\t\t\t\t\t\t\t\t<\/a>\n\t\t\t\t\t\t\t\t\t\t\t\t\t\t\t<\/div>\n\t\t\t\t<\/div>\n\t\t\t\t<div class=\"elementor-element elementor-element-1ef5977 elementor-widget elementor-widget-image\" data-id=\"1ef5977\" data-element_type=\"widget\" data-widget_type=\"image.default\">\n\t\t\t\t<div class=\"elementor-widget-container\">\n\t\t\t\t\t\t\t\t\t\t\t\t\t\t\t\t<a href=\"http:\/\/www.kutahyaosb.org.tr\/last\/wp-content\/uploads\/2026\/04\/IMG_5962-kopya-scaled.jpg\" data-elementor-open-lightbox=\"yes\" data-elementor-lightbox-title=\"IMG_5962 kopya\" data-e-action-hash=\"#elementor-action%3Aaction%3Dlightbox%26settings%3DeyJpZCI6NzAxNiwidXJsIjoiaHR0cHM6XC9cL3d3dy5rdXRhaHlhb3NiLm9yZy50clwvbGFzdFwvd3AtY29udGVudFwvdXBsb2Fkc1wvMjAyNlwvMDRcL0lNR181OTYyLWtvcHlhLXNjYWxlZC5qcGcifQ%3D%3D\">\n\t\t\t\t\t\t\t<img decoding=\"async\" width=\"640\" height=\"427\" src=\"https:\/\/www.kutahyaosb.org.tr\/last\/wp-content\/uploads\/2026\/04\/IMG_5962-kopya-1024x683.jpg\" class=\"attachment-large size-large wp-image-7016\" alt=\"\" srcset=\"https:\/\/www.kutahyaosb.org.tr\/last\/wp-content\/uploads\/2026\/04\/IMG_5962-kopya-1024x683.jpg 1024w, https:\/\/www.kutahyaosb.org.tr\/last\/wp-content\/uploads\/2026\/04\/IMG_5962-kopya-300x200.jpg 300w, https:\/\/www.kutahyaosb.org.tr\/last\/wp-content\/uploads\/2026\/04\/IMG_5962-kopya-768x512.jpg 768w, https:\/\/www.kutahyaosb.org.tr\/last\/wp-content\/uploads\/2026\/04\/IMG_5962-kopya-1536x1024.jpg 1536w, https:\/\/www.kutahyaosb.org.tr\/last\/wp-content\/uploads\/2026\/04\/IMG_5962-kopya-2048x1365.jpg 2048w, https:\/\/www.kutahyaosb.org.tr\/last\/wp-content\/uploads\/2026\/04\/IMG_5962-kopya-600x400.jpg 600w\" sizes=\"(max-width: 640px) 100vw, 640px\" \/>\t\t\t\t\t\t\t\t<\/a>\n\t\t\t\t\t\t\t\t\t\t\t\t\t\t\t<\/div>\n\t\t\t\t<\/div>\n\t\t\t\t<div class=\"elementor-element elementor-element-4e5e419a elementor-widget elementor-widget-image\" data-id=\"4e5e419a\" data-element_type=\"widget\" data-widget_type=\"image.default\">\n\t\t\t\t<div class=\"elementor-widget-container\">\n\t\t\t\t\t\t\t\t\t\t\t\t\t\t\t\t<a href=\"http:\/\/www.kutahyaosb.org.tr\/last\/wp-content\/uploads\/2026\/04\/IMG_5970-kopya-scaled.jpg\" data-elementor-open-lightbox=\"yes\" data-elementor-lightbox-title=\"IMG_5970 kopya\" data-e-action-hash=\"#elementor-action%3Aaction%3Dlightbox%26settings%3DeyJpZCI6NzAxOCwidXJsIjoiaHR0cHM6XC9cL3d3dy5rdXRhaHlhb3NiLm9yZy50clwvbGFzdFwvd3AtY29udGVudFwvdXBsb2Fkc1wvMjAyNlwvMDRcL0lNR181OTcwLWtvcHlhLXNjYWxlZC5qcGcifQ%3D%3D\">\n\t\t\t\t\t\t\t<img loading=\"lazy\" decoding=\"async\" width=\"640\" height=\"427\" src=\"https:\/\/www.kutahyaosb.org.tr\/last\/wp-content\/uploads\/2026\/04\/IMG_5970-kopya-1024x683.jpg\" class=\"attachment-large size-large wp-image-7018\" alt=\"\" srcset=\"https:\/\/www.kutahyaosb.org.tr\/last\/wp-content\/uploads\/2026\/04\/IMG_5970-kopya-1024x683.jpg 1024w, https:\/\/www.kutahyaosb.org.tr\/last\/wp-content\/uploads\/2026\/04\/IMG_5970-kopya-300x200.jpg 300w, https:\/\/www.kutahyaosb.org.tr\/last\/wp-content\/uploads\/2026\/04\/IMG_5970-kopya-768x512.jpg 768w, https:\/\/www.kutahyaosb.org.tr\/last\/wp-content\/uploads\/2026\/04\/IMG_5970-kopya-1536x1024.jpg 1536w, https:\/\/www.kutahyaosb.org.tr\/last\/wp-content\/uploads\/2026\/04\/IMG_5970-kopya-2048x1365.jpg 2048w, https:\/\/www.kutahyaosb.org.tr\/last\/wp-content\/uploads\/2026\/04\/IMG_5970-kopya-600x400.jpg 600w\" sizes=\"(max-width: 640px) 100vw, 640px\" \/>\t\t\t\t\t\t\t\t<\/a>\n\t\t\t\t\t\t\t\t\t\t\t\t\t\t\t<\/div>\n\t\t\t\t<\/div>\n\t\t\t\t<div class=\"elementor-element elementor-element-6d960a32 elementor-widget elementor-widget-image\" data-id=\"6d960a32\" data-element_type=\"widget\" data-widget_type=\"image.default\">\n\t\t\t\t<div class=\"elementor-widget-container\">\n\t\t\t\t\t\t\t\t\t\t\t\t\t\t\t\t<a href=\"http:\/\/www.kutahyaosb.org.tr\/last\/wp-content\/uploads\/2026\/04\/IMG_5972-kopya-scaled.jpg\" data-elementor-open-lightbox=\"yes\" data-elementor-lightbox-title=\"IMG_5972 kopya\" data-e-action-hash=\"#elementor-action%3Aaction%3Dlightbox%26settings%3DeyJpZCI6NzAxOSwidXJsIjoiaHR0cHM6XC9cL3d3dy5rdXRhaHlhb3NiLm9yZy50clwvbGFzdFwvd3AtY29udGVudFwvdXBsb2Fkc1wvMjAyNlwvMDRcL0lNR181OTcyLWtvcHlhLXNjYWxlZC5qcGcifQ%3D%3D\">\n\t\t\t\t\t\t\t<img loading=\"lazy\" decoding=\"async\" width=\"640\" height=\"427\" src=\"https:\/\/www.kutahyaosb.org.tr\/last\/wp-content\/uploads\/2026\/04\/IMG_5972-kopya-1024x683.jpg\" class=\"attachment-large size-large wp-image-7019\" alt=\"\" srcset=\"https:\/\/www.kutahyaosb.org.tr\/last\/wp-content\/uploads\/2026\/04\/IMG_5972-kopya-1024x683.jpg 1024w, https:\/\/www.kutahyaosb.org.tr\/last\/wp-content\/uploads\/2026\/04\/IMG_5972-kopya-300x200.jpg 300w, https:\/\/www.kutahyaosb.org.tr\/last\/wp-content\/uploads\/2026\/04\/IMG_5972-kopya-768x512.jpg 768w, https:\/\/www.kutahyaosb.org.tr\/last\/wp-content\/uploads\/2026\/04\/IMG_5972-kopya-1536x1024.jpg 1536w, https:\/\/www.kutahyaosb.org.tr\/last\/wp-content\/uploads\/2026\/04\/IMG_5972-kopya-2048x1365.jpg 2048w, https:\/\/www.kutahyaosb.org.tr\/last\/wp-content\/uploads\/2026\/04\/IMG_5972-kopya-600x400.jpg 600w\" sizes=\"(max-width: 640px) 100vw, 640px\" \/>\t\t\t\t\t\t\t\t<\/a>\n\t\t\t\t\t\t\t\t\t\t\t\t\t\t\t<\/div>\n\t\t\t\t<\/div>\n\t\t\t\t<div class=\"elementor-element elementor-element-dd10332 elementor-widget elementor-widget-image\" data-id=\"dd10332\" data-element_type=\"widget\" data-widget_type=\"image.default\">\n\t\t\t\t<div class=\"elementor-widget-container\">\n\t\t\t\t\t\t\t\t\t\t\t\t\t\t\t\t<a href=\"http:\/\/www.kutahyaosb.org.tr\/last\/wp-content\/uploads\/2026\/04\/IMG_6023-kopya-scaled.jpg\" data-elementor-open-lightbox=\"yes\" data-elementor-lightbox-title=\"IMG_6023 kopya\" data-e-action-hash=\"#elementor-action%3Aaction%3Dlightbox%26settings%3DeyJpZCI6NzAyMCwidXJsIjoiaHR0cHM6XC9cL3d3dy5rdXRhaHlhb3NiLm9yZy50clwvbGFzdFwvd3AtY29udGVudFwvdXBsb2Fkc1wvMjAyNlwvMDRcL0lNR182MDIzLWtvcHlhLXNjYWxlZC5qcGcifQ%3D%3D\">\n\t\t\t\t\t\t\t<img loading=\"lazy\" decoding=\"async\" width=\"640\" height=\"427\" src=\"https:\/\/www.kutahyaosb.org.tr\/last\/wp-content\/uploads\/2026\/04\/IMG_6023-kopya-1024x683.jpg\" class=\"attachment-large size-large wp-image-7020\" alt=\"\" srcset=\"https:\/\/www.kutahyaosb.org.tr\/last\/wp-content\/uploads\/2026\/04\/IMG_6023-kopya-1024x683.jpg 1024w, https:\/\/www.kutahyaosb.org.tr\/last\/wp-content\/uploads\/2026\/04\/IMG_6023-kopya-300x200.jpg 300w, https:\/\/www.kutahyaosb.org.tr\/last\/wp-content\/uploads\/2026\/04\/IMG_6023-kopya-768x512.jpg 768w, https:\/\/www.kutahyaosb.org.tr\/last\/wp-content\/uploads\/2026\/04\/IMG_6023-kopya-1536x1024.jpg 1536w, https:\/\/www.kutahyaosb.org.tr\/last\/wp-content\/uploads\/2026\/04\/IMG_6023-kopya-2048x1365.jpg 2048w, https:\/\/www.kutahyaosb.org.tr\/last\/wp-content\/uploads\/2026\/04\/IMG_6023-kopya-600x400.jpg 600w\" sizes=\"(max-width: 640px) 100vw, 640px\" \/>\t\t\t\t\t\t\t\t<\/a>\n\t\t\t\t\t\t\t\t\t\t\t\t\t\t\t<\/div>\n\t\t\t\t<\/div>\n\t\t\t\t<div class=\"elementor-element elementor-element-610a8f60 elementor-widget elementor-widget-image\" data-id=\"610a8f60\" data-element_type=\"widget\" data-widget_type=\"image.default\">\n\t\t\t\t<div class=\"elementor-widget-container\">\n\t\t\t\t\t\t\t\t\t\t\t\t\t\t\t\t<a href=\"http:\/\/www.kutahyaosb.org.tr\/last\/wp-content\/uploads\/2026\/04\/IMG_6057-kopya-scaled.jpg\" data-elementor-open-lightbox=\"yes\" data-elementor-lightbox-title=\"IMG_6057 kopya\" data-e-action-hash=\"#elementor-action%3Aaction%3Dlightbox%26settings%3DeyJpZCI6NzAyMiwidXJsIjoiaHR0cHM6XC9cL3d3dy5rdXRhaHlhb3NiLm9yZy50clwvbGFzdFwvd3AtY29udGVudFwvdXBsb2Fkc1wvMjAyNlwvMDRcL0lNR182MDU3LWtvcHlhLXNjYWxlZC5qcGcifQ%3D%3D\">\n\t\t\t\t\t\t\t<img loading=\"lazy\" decoding=\"async\" width=\"640\" height=\"427\" src=\"https:\/\/www.kutahyaosb.org.tr\/last\/wp-content\/uploads\/2026\/04\/IMG_6057-kopya-1024x683.jpg\" class=\"attachment-large size-large wp-image-7022\" alt=\"\" srcset=\"https:\/\/www.kutahyaosb.org.tr\/last\/wp-content\/uploads\/2026\/04\/IMG_6057-kopya-1024x683.jpg 1024w, https:\/\/www.kutahyaosb.org.tr\/last\/wp-content\/uploads\/2026\/04\/IMG_6057-kopya-300x200.jpg 300w, https:\/\/www.kutahyaosb.org.tr\/last\/wp-content\/uploads\/2026\/04\/IMG_6057-kopya-768x512.jpg 768w, https:\/\/www.kutahyaosb.org.tr\/last\/wp-content\/uploads\/2026\/04\/IMG_6057-kopya-1536x1024.jpg 1536w, https:\/\/www.kutahyaosb.org.tr\/last\/wp-content\/uploads\/2026\/04\/IMG_6057-kopya-2048x1365.jpg 2048w, https:\/\/www.kutahyaosb.org.tr\/last\/wp-content\/uploads\/2026\/04\/IMG_6057-kopya-600x400.jpg 600w\" sizes=\"(max-width: 640px) 100vw, 640px\" \/>\t\t\t\t\t\t\t\t<\/a>\n\t\t\t\t\t\t\t\t\t\t\t\t\t\t\t<\/div>\n\t\t\t\t<\/div>\n\t\t\t\t<div class=\"elementor-element elementor-element-79daf64d elementor-widget elementor-widget-image\" data-id=\"79daf64d\" data-element_type=\"widget\" data-widget_type=\"image.default\">\n\t\t\t\t<div class=\"elementor-widget-container\">\n\t\t\t\t\t\t\t\t\t\t\t\t\t\t\t\t<a href=\"http:\/\/www.kutahyaosb.org.tr\/last\/wp-content\/uploads\/2026\/04\/IMG_60512-kopya-scaled.jpg\" data-elementor-open-lightbox=\"yes\" data-elementor-lightbox-title=\"IMG_60512 kopya\" data-e-action-hash=\"#elementor-action%3Aaction%3Dlightbox%26settings%3DeyJpZCI6NzAyMywidXJsIjoiaHR0cHM6XC9cL3d3dy5rdXRhaHlhb3NiLm9yZy50clwvbGFzdFwvd3AtY29udGVudFwvdXBsb2Fkc1wvMjAyNlwvMDRcL0lNR182MDUxMi1rb3B5YS1zY2FsZWQuanBnIn0%3D\">\n\t\t\t\t\t\t\t<img loading=\"lazy\" decoding=\"async\" width=\"640\" height=\"427\" src=\"https:\/\/www.kutahyaosb.org.tr\/last\/wp-content\/uploads\/2026\/04\/IMG_60512-kopya-1024x683.jpg\" class=\"attachment-large size-large wp-image-7023\" alt=\"\" srcset=\"https:\/\/www.kutahyaosb.org.tr\/last\/wp-content\/uploads\/2026\/04\/IMG_60512-kopya-1024x683.jpg 1024w, https:\/\/www.kutahyaosb.org.tr\/last\/wp-content\/uploads\/2026\/04\/IMG_60512-kopya-300x200.jpg 300w, https:\/\/www.kutahyaosb.org.tr\/last\/wp-content\/uploads\/2026\/04\/IMG_60512-kopya-768x512.jpg 768w, https:\/\/www.kutahyaosb.org.tr\/last\/wp-content\/uploads\/2026\/04\/IMG_60512-kopya-1536x1024.jpg 1536w, https:\/\/www.kutahyaosb.org.tr\/last\/wp-content\/uploads\/2026\/04\/IMG_60512-kopya-2048x1365.jpg 2048w, https:\/\/www.kutahyaosb.org.tr\/last\/wp-content\/uploads\/2026\/04\/IMG_60512-kopya-600x400.jpg 600w\" sizes=\"(max-width: 640px) 100vw, 640px\" \/>\t\t\t\t\t\t\t\t<\/a>\n\t\t\t\t\t\t\t\t\t\t\t\t\t\t\t<\/div>\n\t\t\t\t<\/div>\n\t\t\t\t<div class=\"elementor-element elementor-element-404fe12 elementor-widget elementor-widget-image\" data-id=\"404fe12\" data-element_type=\"widget\" data-widget_type=\"image.default\">\n\t\t\t\t<div class=\"elementor-widget-container\">\n\t\t\t\t\t\t\t\t\t\t\t\t\t\t\t\t<a href=\"http:\/\/www.kutahyaosb.org.tr\/last\/wp-content\/uploads\/2026\/04\/IMG_6051-kopya-scaled.jpg\" data-elementor-open-lightbox=\"yes\" data-elementor-lightbox-title=\"IMG_6051 kopya\" data-e-action-hash=\"#elementor-action%3Aaction%3Dlightbox%26settings%3DeyJpZCI6NzAyMSwidXJsIjoiaHR0cHM6XC9cL3d3dy5rdXRhaHlhb3NiLm9yZy50clwvbGFzdFwvd3AtY29udGVudFwvdXBsb2Fkc1wvMjAyNlwvMDRcL0lNR182MDUxLWtvcHlhLXNjYWxlZC5qcGcifQ%3D%3D\">\n\t\t\t\t\t\t\t<img loading=\"lazy\" decoding=\"async\" width=\"640\" height=\"427\" src=\"https:\/\/www.kutahyaosb.org.tr\/last\/wp-content\/uploads\/2026\/04\/IMG_6051-kopya-1024x683.jpg\" class=\"attachment-large size-large wp-image-7021\" alt=\"\" srcset=\"https:\/\/www.kutahyaosb.org.tr\/last\/wp-content\/uploads\/2026\/04\/IMG_6051-kopya-1024x683.jpg 1024w, https:\/\/www.kutahyaosb.org.tr\/last\/wp-content\/uploads\/2026\/04\/IMG_6051-kopya-300x200.jpg 300w, https:\/\/www.kutahyaosb.org.tr\/last\/wp-content\/uploads\/2026\/04\/IMG_6051-kopya-768x512.jpg 768w, https:\/\/www.kutahyaosb.org.tr\/last\/wp-content\/uploads\/2026\/04\/IMG_6051-kopya-1536x1024.jpg 1536w, https:\/\/www.kutahyaosb.org.tr\/last\/wp-content\/uploads\/2026\/04\/IMG_6051-kopya-2048x1365.jpg 2048w, https:\/\/www.kutahyaosb.org.tr\/last\/wp-content\/uploads\/2026\/04\/IMG_6051-kopya-600x400.jpg 600w\" sizes=\"(max-width: 640px) 100vw, 640px\" \/>\t\t\t\t\t\t\t\t<\/a>\n\t\t\t\t\t\t\t\t\t\t\t\t\t\t\t<\/div>\n\t\t\t\t<\/div>\n\t\t\t\t<\/div>\n\t\t\t\t\t<\/div>\n\t\t\t\t<\/div>\n\t\t<div class=\"elementor-element elementor-element-3f32ce17 e-flex e-con-boxed e-con e-parent\" data-id=\"3f32ce17\" data-element_type=\"container\">\n\t\t\t\t\t<div class=\"e-con-inner\">\n\t\t\t\t<div class=\"elementor-element elementor-element-66bf4ff6 elementor-widget elementor-widget-text-editor\" data-id=\"66bf4ff6\" data-element_type=\"widget\" data-widget_type=\"text-editor.default\">\n\t\t\t\t<div class=\"elementor-widget-container\">\n\t\t\t\t\t\t\t\t\t<p><strong>K\u00fctahya Organize Sanayi B\u00f6lgesi\u2019nde d\u00fczenlenen U\u00e7urtma \u015eenli\u011fi, yat\u0131r\u0131mc\u0131lar, \u00e7al\u0131\u015fanlar ve ailelerinin yo\u011fun kat\u0131l\u0131m\u0131yla co\u015fkulu bir atmosferde ger\u00e7ekle\u015ftirildi. Renkli g\u00f6r\u00fcnt\u00fclere sahne olan etkinlikte \u00e7ocuklar ve aileleri unutulmaz bir g\u00fcn ya\u015fad\u0131.<\/strong><\/p><p>Etkinlik boyunca \u00e7ocuklar, palya\u00e7o ve maskot g\u00f6sterileriyle doyas\u0131ya e\u011flenirken, \u00e7e\u015fitli oyunlar oynayarak keyifli vakit ge\u00e7irdi. K\u00fctahya OSB taraf\u0131ndan \u00fccretsiz olarak da\u011f\u0131t\u0131lan u\u00e7urtmalar\u0131n g\u00f6ky\u00fcz\u00fcyle bulu\u015fmas\u0131yla birlikte ortaya \u00e7\u0131kan manzara ise adeta g\u00f6rsel bir \u015f\u00f6len sundu. G\u00f6ky\u00fcz\u00fcn\u00fc s\u00fcsleyen birbirinden renkli u\u00e7urtmalar, \u015fenli\u011fe kat\u0131lan herkese unutulmaz anlar ya\u015fatt\u0131.<\/p><p>\u015eenlik kapsam\u0131nda \u00e7ocuklara ve ailelerine pamuk \u015feker, sandvi\u00e7 ve meyve suyu ikram\u0131nda bulunularak g\u00fcn boyunca tam anlam\u0131yla bir bayram havas\u0131 ya\u015fand\u0131. Kat\u0131l\u0131mc\u0131lar, hem sosyal bir etkinlikte bir araya gelmenin hem de \u00e7ocuklar\u0131yla birlikte keyifli vakit ge\u00e7irmenin mutlulu\u011funu ya\u015fad\u0131.<\/p><p>K\u00fctahya OSB Y\u00f6netim Kurulu Ba\u015fkan\u0131 Tolga ESK\u0130O\u011eLU, etkinli\u011fe ili\u015fkin yapt\u0131\u011f\u0131 de\u011ferlendirmede; \u201cSanayinin yaln\u0131zca \u00fcretimden ibaret olmad\u0131\u011f\u0131n\u0131, ayn\u0131 zamanda g\u00fc\u00e7l\u00fc bir sosyal ba\u011f ve birliktelik k\u00fclt\u00fcr\u00fc gerektirdi\u011fini her f\u0131rsatta vurguluyoruz. Bug\u00fcn burada yat\u0131r\u0131mc\u0131lar\u0131m\u0131z, \u00e7al\u0131\u015fanlar\u0131m\u0131z ve aileleriyle birlikte ayn\u0131 g\u00f6ky\u00fcz\u00fcne bakarak ayn\u0131 mutlulu\u011fu payla\u015fmak bizim i\u00e7in son derece k\u0131ymetli. \u00c7ocuklar\u0131m\u0131z\u0131n y\u00fcz\u00fcndeki tebess\u00fcm, yapt\u0131\u011f\u0131m\u0131z her \u00e7al\u0131\u015fman\u0131n en anlaml\u0131 kar\u015f\u0131l\u0131\u011f\u0131d\u0131r. K\u00fctahya OSB olarak sadece \u00fcretimde de\u011fil, sosyal ya\u015famda da de\u011fer katmaya devam edece\u011fiz.\u201d \u0130fadelerine yer verdi.<\/p>\t\t\t\t\t\t\t\t<\/div>\n\t\t\t\t<\/div>\n\t\t\t\t\t<\/div>\n\t\t\t\t<\/div>\n\t\t\t\t<\/div>\n\t\t","protected":false},"excerpt":{"rendered":"<p>K\u00fctahya Organize Sanayi B\u00f6lgesi\u2019nde d\u00fczenlenen U\u00e7urtma \u015eenli\u011fi, yat\u0131r\u0131mc\u0131lar, \u00e7al\u0131\u015fanlar ve ailelerinin yo\u011fun kat\u0131l\u0131m\u0131yla co\u015fkulu bir atmosferde ger\u00e7ekle\u015ftirildi. Renkli g\u00f6r\u00fcnt\u00fclere sahne olan etkinlikte \u00e7ocuklar ve aileleri unutulmaz bir g\u00fcn ya\u015fad\u0131. Etkinlik boyunca \u00e7ocuklar, palya\u00e7o ve maskot g\u00f6sterileriyle doyas\u0131ya e\u011flenirken, \u00e7e\u015fitli oyunlar oynayarak keyifli vakit ge\u00e7irdi. K\u00fctahya OSB taraf\u0131ndan \u00fccretsiz olarak da\u011f\u0131t\u0131lan u\u00e7urtmalar\u0131n g\u00f6ky\u00fcz\u00fcyle bulu\u015fmas\u0131yla birlikte ortaya [&hellip;]<\/p>\n","protected":false},"author":1,"featured_media":0,"parent":0,"menu_order":0,"comment_status":"closed","ping_status":"closed","template":"elementor_header_footer","meta":{"_uag_custom_page_level_css":"","footnotes":""},"class_list":["post-7012","page","type-page","status-publish","hentry"],"uagb_featured_image_src":{"full":false,"thumbnail":false,"medium":false,"medium_large":false,"large":false,"1536x1536":false,"2048x2048":false,"consultio-large":false,"consultio-medium":false,"woocommerce_thumbnail":false,"woocommerce_single":false,"woocommerce_gallery_thumbnail":false,"quick_view_image_size":false},"uagb_author_info":{"display_name":"admin","author_link":"https:\/\/www.kutahyaosb.org.tr\/last\/home\/author\/admin\/"},"uagb_comment_info":0,"uagb_excerpt":"K\u00fctahya Organize Sanayi B\u00f6lgesi\u2019nde d\u00fczenlenen U\u00e7urtma \u015eenli\u011fi, yat\u0131r\u0131mc\u0131lar, \u00e7al\u0131\u015fanlar ve ailelerinin yo\u011fun kat\u0131l\u0131m\u0131yla co\u015fkulu bir atmosferde ger\u00e7ekle\u015ftirildi. Renkli g\u00f6r\u00fcnt\u00fclere sahne olan etkinlikte \u00e7ocuklar ve aileleri unutulmaz bir g\u00fcn ya\u015fad\u0131. Etkinlik boyunca \u00e7ocuklar, palya\u00e7o ve maskot g\u00f6sterileriyle doyas\u0131ya e\u011flenirken, \u00e7e\u015fitli oyunlar oynayarak keyifli vakit ge\u00e7irdi. K\u00fctahya OSB taraf\u0131ndan \u00fccretsiz olarak da\u011f\u0131t\u0131lan u\u00e7urtmalar\u0131n g\u00f6ky\u00fcz\u00fcyle bulu\u015fmas\u0131yla birlikte ortaya&hellip;","_links":{"self":[{"href":"https:\/\/www.kutahyaosb.org.tr\/last\/home\/wp-json\/wp\/v2\/pages\/7012","targetHints":{"allow":["GET"]}}],"collection":[{"href":"https:\/\/www.kutahyaosb.org.tr\/last\/home\/wp-json\/wp\/v2\/pages"}],"about":[{"href":"https:\/\/www.kutahyaosb.org.tr\/last\/home\/wp-json\/wp\/v2\/types\/page"}],"author":[{"embeddable":true,"href":"https:\/\/www.kutahyaosb.org.tr\/last\/home\/wp-json\/wp\/v2\/users\/1"}],"replies":[{"embeddable":true,"href":"https:\/\/www.kutahyaosb.org.tr\/last\/home\/wp-json\/wp\/v2\/comments?post=7012"}],"version-history":[{"count":5,"href":"https:\/\/www.kutahyaosb.org.tr\/last\/home\/wp-json\/wp\/v2\/pages\/7012\/revisions"}],"predecessor-version":[{"id":7027,"href":"https:\/\/www.kutahyaosb.org.tr\/last\/home\/wp-json\/wp\/v2\/pages\/7012\/revisions\/7027"}],"wp:attachment":[{"href":"https:\/\/www.kutahyaosb.org.tr\/last\/home\/wp-json\/wp\/v2\/media?parent=7012"}],"curies":[{"name":"wp","href":"https:\/\/api.w.org\/{rel}","templated":true}]}}