{"id":7056,"date":"2026-05-06T12:27:50","date_gmt":"2026-05-06T12:27:50","guid":{"rendered":"https:\/\/www.kutahyaosb.org.tr\/last\/home\/?page_id=7056"},"modified":"2026-05-06T12:35:46","modified_gmt":"2026-05-06T12:35:46","slug":"kariyer-basamaklari-kutahya-osbde-anlatildi","status":"publish","type":"page","link":"https:\/\/www.kutahyaosb.org.tr\/last\/home\/kariyer-basamaklari-kutahya-osbde-anlatildi\/","title":{"rendered":"KAR\u0130YER BASAMAKLARI K\u00dcTAHYA OSB\u2019DE ANLATILDI"},"content":{"rendered":"\t\t<div data-elementor-type=\"wp-page\" data-elementor-id=\"7056\" class=\"elementor elementor-7056\">\n\t\t\t\t<div class=\"elementor-element elementor-element-d7a7312 e-con-full e-flex e-con e-parent\" data-id=\"d7a7312\" data-element_type=\"container\">\n\t\t\t\t<div class=\"elementor-element elementor-element-5b902ddd elementor-widget elementor-widget-heading\" data-id=\"5b902ddd\" data-element_type=\"widget\" data-widget_type=\"heading.default\">\n\t\t\t\t<div class=\"elementor-widget-container\">\n\t\t\t\t\t<h2 class=\"elementor-heading-title elementor-size-default\">KAR\u0130YER BASAMAKLARI K\u00dcTAHYA OSB\u2019DE ANLATILDI<\/h2>\t\t\t\t<\/div>\n\t\t\t\t<\/div>\n\t\t\t\t<\/div>\n\t\t<div class=\"elementor-element elementor-element-396613e7 e-flex e-con-boxed e-con e-parent\" data-id=\"396613e7\" data-element_type=\"container\">\n\t\t\t\t\t<div class=\"e-con-inner\">\n\t\t\t\t<div class=\"elementor-element elementor-element-a5d892a elementor-widget elementor-widget-image\" data-id=\"a5d892a\" data-element_type=\"widget\" data-widget_type=\"image.default\">\n\t\t\t\t<div class=\"elementor-widget-container\">\n\t\t\t\t\t\t\t\t\t\t\t\t\t\t\t<img fetchpriority=\"high\" decoding=\"async\" width=\"640\" height=\"427\" src=\"https:\/\/www.kutahyaosb.org.tr\/last\/wp-content\/uploads\/2026\/05\/IMG_6331-kopya-1024x683.jpg\" class=\"attachment-large size-large wp-image-7065\" alt=\"\" srcset=\"https:\/\/www.kutahyaosb.org.tr\/last\/wp-content\/uploads\/2026\/05\/IMG_6331-kopya-1024x683.jpg 1024w, https:\/\/www.kutahyaosb.org.tr\/last\/wp-content\/uploads\/2026\/05\/IMG_6331-kopya-300x200.jpg 300w, https:\/\/www.kutahyaosb.org.tr\/last\/wp-content\/uploads\/2026\/05\/IMG_6331-kopya-768x512.jpg 768w, https:\/\/www.kutahyaosb.org.tr\/last\/wp-content\/uploads\/2026\/05\/IMG_6331-kopya-1536x1024.jpg 1536w, https:\/\/www.kutahyaosb.org.tr\/last\/wp-content\/uploads\/2026\/05\/IMG_6331-kopya-2048x1365.jpg 2048w, https:\/\/www.kutahyaosb.org.tr\/last\/wp-content\/uploads\/2026\/05\/IMG_6331-kopya-600x400.jpg 600w\" sizes=\"(max-width: 640px) 100vw, 640px\" \/>\t\t\t\t\t\t\t\t\t\t\t\t\t\t\t<\/div>\n\t\t\t\t<\/div>\n\t\t\t\t\t<\/div>\n\t\t\t\t<\/div>\n\t\t<div class=\"elementor-element elementor-element-3a064b89 e-flex e-con-boxed e-con e-parent\" data-id=\"3a064b89\" data-element_type=\"container\">\n\t\t\t\t\t<div class=\"e-con-inner\">\n\t\t<div class=\"elementor-element elementor-element-dc9b9bd e-grid e-con-full e-con e-child\" data-id=\"dc9b9bd\" data-element_type=\"container\">\n\t\t\t\t<div class=\"elementor-element elementor-element-5ef35c9a elementor-widget elementor-widget-image\" data-id=\"5ef35c9a\" data-element_type=\"widget\" data-widget_type=\"image.default\">\n\t\t\t\t<div class=\"elementor-widget-container\">\n\t\t\t\t\t\t\t\t\t\t\t\t\t\t\t\t<a href=\"http:\/\/www.kutahyaosb.org.tr\/last\/wp-content\/uploads\/2026\/05\/IMG_6163-kopya-scaled.jpg\" data-elementor-open-lightbox=\"yes\" data-elementor-lightbox-title=\"IMG_6163 kopya\" data-e-action-hash=\"#elementor-action%3Aaction%3Dlightbox%26settings%3DeyJpZCI6NzA2OCwidXJsIjoiaHR0cHM6XC9cL3d3dy5rdXRhaHlhb3NiLm9yZy50clwvbGFzdFwvd3AtY29udGVudFwvdXBsb2Fkc1wvMjAyNlwvMDVcL0lNR182MTYzLWtvcHlhLXNjYWxlZC5qcGcifQ%3D%3D\">\n\t\t\t\t\t\t\t<img decoding=\"async\" width=\"640\" height=\"427\" src=\"https:\/\/www.kutahyaosb.org.tr\/last\/wp-content\/uploads\/2026\/05\/IMG_6163-kopya-1024x683.jpg\" class=\"attachment-large size-large wp-image-7068\" alt=\"\" srcset=\"https:\/\/www.kutahyaosb.org.tr\/last\/wp-content\/uploads\/2026\/05\/IMG_6163-kopya-1024x683.jpg 1024w, https:\/\/www.kutahyaosb.org.tr\/last\/wp-content\/uploads\/2026\/05\/IMG_6163-kopya-300x200.jpg 300w, https:\/\/www.kutahyaosb.org.tr\/last\/wp-content\/uploads\/2026\/05\/IMG_6163-kopya-768x512.jpg 768w, https:\/\/www.kutahyaosb.org.tr\/last\/wp-content\/uploads\/2026\/05\/IMG_6163-kopya-1536x1024.jpg 1536w, https:\/\/www.kutahyaosb.org.tr\/last\/wp-content\/uploads\/2026\/05\/IMG_6163-kopya-2048x1365.jpg 2048w, https:\/\/www.kutahyaosb.org.tr\/last\/wp-content\/uploads\/2026\/05\/IMG_6163-kopya-600x400.jpg 600w\" sizes=\"(max-width: 640px) 100vw, 640px\" \/>\t\t\t\t\t\t\t\t<\/a>\n\t\t\t\t\t\t\t\t\t\t\t\t\t\t\t<\/div>\n\t\t\t\t<\/div>\n\t\t\t\t<div class=\"elementor-element elementor-element-2911dfc6 elementor-widget elementor-widget-image\" data-id=\"2911dfc6\" data-element_type=\"widget\" data-widget_type=\"image.default\">\n\t\t\t\t<div class=\"elementor-widget-container\">\n\t\t\t\t\t\t\t\t\t\t\t\t\t\t\t\t<a href=\"http:\/\/www.kutahyaosb.org.tr\/last\/wp-content\/uploads\/2026\/05\/IMG_6131-kopya-scaled.jpg\" data-elementor-open-lightbox=\"yes\" data-elementor-lightbox-title=\"IMG_6131 kopya\" data-e-action-hash=\"#elementor-action%3Aaction%3Dlightbox%26settings%3DeyJpZCI6NzA2NywidXJsIjoiaHR0cHM6XC9cL3d3dy5rdXRhaHlhb3NiLm9yZy50clwvbGFzdFwvd3AtY29udGVudFwvdXBsb2Fkc1wvMjAyNlwvMDVcL0lNR182MTMxLWtvcHlhLXNjYWxlZC5qcGcifQ%3D%3D\">\n\t\t\t\t\t\t\t<img decoding=\"async\" width=\"640\" height=\"427\" src=\"https:\/\/www.kutahyaosb.org.tr\/last\/wp-content\/uploads\/2026\/05\/IMG_6131-kopya-1024x683.jpg\" class=\"attachment-large size-large wp-image-7067\" alt=\"\" srcset=\"https:\/\/www.kutahyaosb.org.tr\/last\/wp-content\/uploads\/2026\/05\/IMG_6131-kopya-1024x683.jpg 1024w, https:\/\/www.kutahyaosb.org.tr\/last\/wp-content\/uploads\/2026\/05\/IMG_6131-kopya-300x200.jpg 300w, https:\/\/www.kutahyaosb.org.tr\/last\/wp-content\/uploads\/2026\/05\/IMG_6131-kopya-768x512.jpg 768w, https:\/\/www.kutahyaosb.org.tr\/last\/wp-content\/uploads\/2026\/05\/IMG_6131-kopya-1536x1024.jpg 1536w, https:\/\/www.kutahyaosb.org.tr\/last\/wp-content\/uploads\/2026\/05\/IMG_6131-kopya-2048x1365.jpg 2048w, https:\/\/www.kutahyaosb.org.tr\/last\/wp-content\/uploads\/2026\/05\/IMG_6131-kopya-600x400.jpg 600w\" sizes=\"(max-width: 640px) 100vw, 640px\" \/>\t\t\t\t\t\t\t\t<\/a>\n\t\t\t\t\t\t\t\t\t\t\t\t\t\t\t<\/div>\n\t\t\t\t<\/div>\n\t\t\t\t<div class=\"elementor-element elementor-element-4a230b9c elementor-widget elementor-widget-image\" data-id=\"4a230b9c\" data-element_type=\"widget\" data-widget_type=\"image.default\">\n\t\t\t\t<div class=\"elementor-widget-container\">\n\t\t\t\t\t\t\t\t\t\t\t\t\t\t\t\t<a href=\"http:\/\/www.kutahyaosb.org.tr\/last\/wp-content\/uploads\/2026\/05\/IMG_6128-kopya-scaled.jpg\" data-elementor-open-lightbox=\"yes\" data-elementor-lightbox-title=\"IMG_6128 kopya\" data-e-action-hash=\"#elementor-action%3Aaction%3Dlightbox%26settings%3DeyJpZCI6NzA2NiwidXJsIjoiaHR0cHM6XC9cL3d3dy5rdXRhaHlhb3NiLm9yZy50clwvbGFzdFwvd3AtY29udGVudFwvdXBsb2Fkc1wvMjAyNlwvMDVcL0lNR182MTI4LWtvcHlhLXNjYWxlZC5qcGcifQ%3D%3D\">\n\t\t\t\t\t\t\t<img loading=\"lazy\" decoding=\"async\" width=\"640\" height=\"427\" src=\"https:\/\/www.kutahyaosb.org.tr\/last\/wp-content\/uploads\/2026\/05\/IMG_6128-kopya-1024x683.jpg\" class=\"attachment-large size-large wp-image-7066\" alt=\"\" srcset=\"https:\/\/www.kutahyaosb.org.tr\/last\/wp-content\/uploads\/2026\/05\/IMG_6128-kopya-1024x683.jpg 1024w, https:\/\/www.kutahyaosb.org.tr\/last\/wp-content\/uploads\/2026\/05\/IMG_6128-kopya-300x200.jpg 300w, https:\/\/www.kutahyaosb.org.tr\/last\/wp-content\/uploads\/2026\/05\/IMG_6128-kopya-768x512.jpg 768w, https:\/\/www.kutahyaosb.org.tr\/last\/wp-content\/uploads\/2026\/05\/IMG_6128-kopya-1536x1024.jpg 1536w, https:\/\/www.kutahyaosb.org.tr\/last\/wp-content\/uploads\/2026\/05\/IMG_6128-kopya-2048x1365.jpg 2048w, https:\/\/www.kutahyaosb.org.tr\/last\/wp-content\/uploads\/2026\/05\/IMG_6128-kopya-600x400.jpg 600w\" sizes=\"(max-width: 640px) 100vw, 640px\" \/>\t\t\t\t\t\t\t\t<\/a>\n\t\t\t\t\t\t\t\t\t\t\t\t\t\t\t<\/div>\n\t\t\t\t<\/div>\n\t\t\t\t<div class=\"elementor-element elementor-element-67a5b663 elementor-widget elementor-widget-image\" data-id=\"67a5b663\" data-element_type=\"widget\" data-widget_type=\"image.default\">\n\t\t\t\t<div class=\"elementor-widget-container\">\n\t\t\t\t\t\t\t\t\t\t\t\t\t\t\t\t<a href=\"http:\/\/www.kutahyaosb.org.tr\/last\/wp-content\/uploads\/2026\/05\/IMG_6308-kopya-scaled.jpg\" data-elementor-open-lightbox=\"yes\" data-elementor-lightbox-title=\"IMG_6308 kopya\" data-e-action-hash=\"#elementor-action%3Aaction%3Dlightbox%26settings%3DeyJpZCI6NzA2NCwidXJsIjoiaHR0cHM6XC9cL3d3dy5rdXRhaHlhb3NiLm9yZy50clwvbGFzdFwvd3AtY29udGVudFwvdXBsb2Fkc1wvMjAyNlwvMDVcL0lNR182MzA4LWtvcHlhLXNjYWxlZC5qcGcifQ%3D%3D\">\n\t\t\t\t\t\t\t<img loading=\"lazy\" decoding=\"async\" width=\"640\" height=\"427\" src=\"https:\/\/www.kutahyaosb.org.tr\/last\/wp-content\/uploads\/2026\/05\/IMG_6308-kopya-1024x683.jpg\" class=\"attachment-large size-large wp-image-7064\" alt=\"\" srcset=\"https:\/\/www.kutahyaosb.org.tr\/last\/wp-content\/uploads\/2026\/05\/IMG_6308-kopya-1024x683.jpg 1024w, https:\/\/www.kutahyaosb.org.tr\/last\/wp-content\/uploads\/2026\/05\/IMG_6308-kopya-300x200.jpg 300w, https:\/\/www.kutahyaosb.org.tr\/last\/wp-content\/uploads\/2026\/05\/IMG_6308-kopya-768x512.jpg 768w, https:\/\/www.kutahyaosb.org.tr\/last\/wp-content\/uploads\/2026\/05\/IMG_6308-kopya-1536x1024.jpg 1536w, https:\/\/www.kutahyaosb.org.tr\/last\/wp-content\/uploads\/2026\/05\/IMG_6308-kopya-2048x1365.jpg 2048w, https:\/\/www.kutahyaosb.org.tr\/last\/wp-content\/uploads\/2026\/05\/IMG_6308-kopya-600x400.jpg 600w\" sizes=\"(max-width: 640px) 100vw, 640px\" \/>\t\t\t\t\t\t\t\t<\/a>\n\t\t\t\t\t\t\t\t\t\t\t\t\t\t\t<\/div>\n\t\t\t\t<\/div>\n\t\t\t\t<div class=\"elementor-element elementor-element-2e7a75bd elementor-widget elementor-widget-image\" data-id=\"2e7a75bd\" data-element_type=\"widget\" data-widget_type=\"image.default\">\n\t\t\t\t<div class=\"elementor-widget-container\">\n\t\t\t\t\t\t\t\t\t\t\t\t\t\t\t\t<a href=\"http:\/\/www.kutahyaosb.org.tr\/last\/wp-content\/uploads\/2026\/05\/IMG_6292-kopya-scaled.jpg\" data-elementor-open-lightbox=\"yes\" data-elementor-lightbox-title=\"IMG_6292 kopya\" data-e-action-hash=\"#elementor-action%3Aaction%3Dlightbox%26settings%3DeyJpZCI6NzA2MywidXJsIjoiaHR0cHM6XC9cL3d3dy5rdXRhaHlhb3NiLm9yZy50clwvbGFzdFwvd3AtY29udGVudFwvdXBsb2Fkc1wvMjAyNlwvMDVcL0lNR182MjkyLWtvcHlhLXNjYWxlZC5qcGcifQ%3D%3D\">\n\t\t\t\t\t\t\t<img loading=\"lazy\" decoding=\"async\" width=\"640\" height=\"427\" src=\"https:\/\/www.kutahyaosb.org.tr\/last\/wp-content\/uploads\/2026\/05\/IMG_6292-kopya-1024x683.jpg\" class=\"attachment-large size-large wp-image-7063\" alt=\"\" srcset=\"https:\/\/www.kutahyaosb.org.tr\/last\/wp-content\/uploads\/2026\/05\/IMG_6292-kopya-1024x683.jpg 1024w, https:\/\/www.kutahyaosb.org.tr\/last\/wp-content\/uploads\/2026\/05\/IMG_6292-kopya-300x200.jpg 300w, https:\/\/www.kutahyaosb.org.tr\/last\/wp-content\/uploads\/2026\/05\/IMG_6292-kopya-768x512.jpg 768w, https:\/\/www.kutahyaosb.org.tr\/last\/wp-content\/uploads\/2026\/05\/IMG_6292-kopya-1536x1024.jpg 1536w, https:\/\/www.kutahyaosb.org.tr\/last\/wp-content\/uploads\/2026\/05\/IMG_6292-kopya-2048x1365.jpg 2048w, https:\/\/www.kutahyaosb.org.tr\/last\/wp-content\/uploads\/2026\/05\/IMG_6292-kopya-600x400.jpg 600w\" sizes=\"(max-width: 640px) 100vw, 640px\" \/>\t\t\t\t\t\t\t\t<\/a>\n\t\t\t\t\t\t\t\t\t\t\t\t\t\t\t<\/div>\n\t\t\t\t<\/div>\n\t\t\t\t<div class=\"elementor-element elementor-element-693028fe elementor-widget elementor-widget-image\" data-id=\"693028fe\" data-element_type=\"widget\" data-widget_type=\"image.default\">\n\t\t\t\t<div class=\"elementor-widget-container\">\n\t\t\t\t\t\t\t\t\t\t\t\t\t\t\t\t<a href=\"http:\/\/www.kutahyaosb.org.tr\/last\/wp-content\/uploads\/2026\/05\/IMG_6276-kopya-scaled.jpg\" data-elementor-open-lightbox=\"yes\" data-elementor-lightbox-title=\"IMG_6276 kopya\" data-e-action-hash=\"#elementor-action%3Aaction%3Dlightbox%26settings%3DeyJpZCI6NzA2MiwidXJsIjoiaHR0cHM6XC9cL3d3dy5rdXRhaHlhb3NiLm9yZy50clwvbGFzdFwvd3AtY29udGVudFwvdXBsb2Fkc1wvMjAyNlwvMDVcL0lNR182Mjc2LWtvcHlhLXNjYWxlZC5qcGcifQ%3D%3D\">\n\t\t\t\t\t\t\t<img loading=\"lazy\" decoding=\"async\" width=\"640\" height=\"427\" src=\"https:\/\/www.kutahyaosb.org.tr\/last\/wp-content\/uploads\/2026\/05\/IMG_6276-kopya-1024x683.jpg\" class=\"attachment-large size-large wp-image-7062\" alt=\"\" srcset=\"https:\/\/www.kutahyaosb.org.tr\/last\/wp-content\/uploads\/2026\/05\/IMG_6276-kopya-1024x683.jpg 1024w, https:\/\/www.kutahyaosb.org.tr\/last\/wp-content\/uploads\/2026\/05\/IMG_6276-kopya-300x200.jpg 300w, https:\/\/www.kutahyaosb.org.tr\/last\/wp-content\/uploads\/2026\/05\/IMG_6276-kopya-768x512.jpg 768w, https:\/\/www.kutahyaosb.org.tr\/last\/wp-content\/uploads\/2026\/05\/IMG_6276-kopya-1536x1024.jpg 1536w, https:\/\/www.kutahyaosb.org.tr\/last\/wp-content\/uploads\/2026\/05\/IMG_6276-kopya-2048x1365.jpg 2048w, https:\/\/www.kutahyaosb.org.tr\/last\/wp-content\/uploads\/2026\/05\/IMG_6276-kopya-600x400.jpg 600w\" sizes=\"(max-width: 640px) 100vw, 640px\" \/>\t\t\t\t\t\t\t\t<\/a>\n\t\t\t\t\t\t\t\t\t\t\t\t\t\t\t<\/div>\n\t\t\t\t<\/div>\n\t\t\t\t<div class=\"elementor-element elementor-element-37be3a4e elementor-widget elementor-widget-image\" data-id=\"37be3a4e\" data-element_type=\"widget\" data-widget_type=\"image.default\">\n\t\t\t\t<div class=\"elementor-widget-container\">\n\t\t\t\t\t\t\t\t\t\t\t\t\t\t\t\t<a href=\"http:\/\/www.kutahyaosb.org.tr\/last\/wp-content\/uploads\/2026\/05\/IMG_6248-kopya-scaled.jpg\" data-elementor-open-lightbox=\"yes\" data-elementor-lightbox-title=\"IMG_6248 kopya\" data-e-action-hash=\"#elementor-action%3Aaction%3Dlightbox%26settings%3DeyJpZCI6NzA2MSwidXJsIjoiaHR0cHM6XC9cL3d3dy5rdXRhaHlhb3NiLm9yZy50clwvbGFzdFwvd3AtY29udGVudFwvdXBsb2Fkc1wvMjAyNlwvMDVcL0lNR182MjQ4LWtvcHlhLXNjYWxlZC5qcGcifQ%3D%3D\">\n\t\t\t\t\t\t\t<img loading=\"lazy\" decoding=\"async\" width=\"640\" height=\"427\" src=\"https:\/\/www.kutahyaosb.org.tr\/last\/wp-content\/uploads\/2026\/05\/IMG_6248-kopya-1024x683.jpg\" class=\"attachment-large size-large wp-image-7061\" alt=\"\" srcset=\"https:\/\/www.kutahyaosb.org.tr\/last\/wp-content\/uploads\/2026\/05\/IMG_6248-kopya-1024x683.jpg 1024w, https:\/\/www.kutahyaosb.org.tr\/last\/wp-content\/uploads\/2026\/05\/IMG_6248-kopya-300x200.jpg 300w, https:\/\/www.kutahyaosb.org.tr\/last\/wp-content\/uploads\/2026\/05\/IMG_6248-kopya-768x512.jpg 768w, https:\/\/www.kutahyaosb.org.tr\/last\/wp-content\/uploads\/2026\/05\/IMG_6248-kopya-1536x1024.jpg 1536w, https:\/\/www.kutahyaosb.org.tr\/last\/wp-content\/uploads\/2026\/05\/IMG_6248-kopya-2048x1365.jpg 2048w, https:\/\/www.kutahyaosb.org.tr\/last\/wp-content\/uploads\/2026\/05\/IMG_6248-kopya-600x400.jpg 600w\" sizes=\"(max-width: 640px) 100vw, 640px\" \/>\t\t\t\t\t\t\t\t<\/a>\n\t\t\t\t\t\t\t\t\t\t\t\t\t\t\t<\/div>\n\t\t\t\t<\/div>\n\t\t\t\t<div class=\"elementor-element elementor-element-2ad92c8 elementor-widget elementor-widget-image\" data-id=\"2ad92c8\" data-element_type=\"widget\" data-widget_type=\"image.default\">\n\t\t\t\t<div class=\"elementor-widget-container\">\n\t\t\t\t\t\t\t\t\t\t\t\t\t\t\t\t<a href=\"http:\/\/www.kutahyaosb.org.tr\/last\/wp-content\/uploads\/2026\/05\/IMG_6219-kopya-scaled.jpg\" data-elementor-open-lightbox=\"yes\" data-elementor-lightbox-title=\"IMG_6219 kopya\" data-e-action-hash=\"#elementor-action%3Aaction%3Dlightbox%26settings%3DeyJpZCI6NzA1OSwidXJsIjoiaHR0cHM6XC9cL3d3dy5rdXRhaHlhb3NiLm9yZy50clwvbGFzdFwvd3AtY29udGVudFwvdXBsb2Fkc1wvMjAyNlwvMDVcL0lNR182MjE5LWtvcHlhLXNjYWxlZC5qcGcifQ%3D%3D\">\n\t\t\t\t\t\t\t<img loading=\"lazy\" decoding=\"async\" width=\"640\" height=\"427\" src=\"https:\/\/www.kutahyaosb.org.tr\/last\/wp-content\/uploads\/2026\/05\/IMG_6219-kopya-1024x683.jpg\" class=\"attachment-large size-large wp-image-7059\" alt=\"\" srcset=\"https:\/\/www.kutahyaosb.org.tr\/last\/wp-content\/uploads\/2026\/05\/IMG_6219-kopya-1024x683.jpg 1024w, https:\/\/www.kutahyaosb.org.tr\/last\/wp-content\/uploads\/2026\/05\/IMG_6219-kopya-300x200.jpg 300w, https:\/\/www.kutahyaosb.org.tr\/last\/wp-content\/uploads\/2026\/05\/IMG_6219-kopya-768x512.jpg 768w, https:\/\/www.kutahyaosb.org.tr\/last\/wp-content\/uploads\/2026\/05\/IMG_6219-kopya-1536x1024.jpg 1536w, https:\/\/www.kutahyaosb.org.tr\/last\/wp-content\/uploads\/2026\/05\/IMG_6219-kopya-2048x1365.jpg 2048w, https:\/\/www.kutahyaosb.org.tr\/last\/wp-content\/uploads\/2026\/05\/IMG_6219-kopya-600x400.jpg 600w\" sizes=\"(max-width: 640px) 100vw, 640px\" \/>\t\t\t\t\t\t\t\t<\/a>\n\t\t\t\t\t\t\t\t\t\t\t\t\t\t\t<\/div>\n\t\t\t\t<\/div>\n\t\t\t\t<\/div>\n\t\t\t\t\t<\/div>\n\t\t\t\t<\/div>\n\t\t<div class=\"elementor-element elementor-element-3e31e61b e-flex e-con-boxed e-con e-parent\" data-id=\"3e31e61b\" data-element_type=\"container\">\n\t\t\t\t\t<div class=\"e-con-inner\">\n\t\t\t\t<div class=\"elementor-element elementor-element-28d5a46a elementor-widget elementor-widget-text-editor\" data-id=\"28d5a46a\" data-element_type=\"widget\" data-widget_type=\"text-editor.default\">\n\t\t\t\t<div class=\"elementor-widget-container\">\n\t\t\t\t\t\t\t\t\t<p><strong>K\u00fctahya Organize Sanayi B\u00f6lgesi ile K\u00fctahya Dumlup\u0131nar \u00dcniversitesi aras\u0131nda imzalanan sanayi\u2013\u00fcniversite i\u015f birli\u011fi protokol\u00fc kapsam\u0131nda ger\u00e7ekle\u015ftirilen e\u011fitim ve kariyer odakl\u0131 faaliyetler devam ediyor. \u00d6\u011frencilerin i\u015f d\u00fcnyas\u0131n\u0131 daha yak\u0131ndan tan\u0131malar\u0131, sekt\u00f6r temsilcileriyle bir araya gelmeleri ve kariyer planlamalar\u0131na katk\u0131 sa\u011flanmas\u0131 amac\u0131yla d\u00fczenlenen programlar kapsam\u0131nda \u00fcniversite \u00f6\u011frencileri, K\u00fctahya Organize Sanayi B\u00f6lgesi B\u00f6lge M\u00fcd\u00fcrl\u00fc\u011f\u00fc\u2019nde ger\u00e7ekle\u015ftirilen seminere kat\u0131ld\u0131.<\/strong><\/p><p>Ger\u00e7ekle\u015ftirilen seminerde, K\u00fctahya OSB B\u00f6lge M\u00fcd\u00fcr\u00fc Tunahan ERG\u0130N \u00f6\u011frencilerle bir araya gelerek i\u015f ya\u015fam\u0131, kariyer planlamas\u0131, sanayideki d\u00f6n\u00fc\u015f\u00fcm s\u00fcreci ve profesyonel hayatta dikkat edilmesi gereken konular hakk\u0131nda \u00f6nemli bilgiler payla\u015ft\u0131. Kendi kariyer yolculu\u011fundan da \u00f6rnekler veren Ergin, \u00f6\u011frencilerin mesleki geli\u015fim s\u00fcre\u00e7lerinde kendilerini s\u00fcrekli geli\u015ftirmelerinin \u00f6nemine dikkat \u00e7ekti.<\/p><p>Seminer boyunca \u00f6\u011frenciler; sanayi sekt\u00f6r\u00fcn\u00fcn beklentileri, i\u015f disiplininin \u00f6nemi, ileti\u015fim becerileri, kariyer basamaklar\u0131nda kar\u015f\u0131la\u015f\u0131labilecek s\u00fcre\u00e7ler ve \u00fcniversite d\u00f6neminde edinilmesi gereken yetkinlikler hakk\u0131nda kapsaml\u0131 bilgiler edinme f\u0131rsat\u0131 buldu. Program sonunda \u00f6\u011frenciler merak ettikleri sorular\u0131 y\u00f6nelterek sekt\u00f6r ve i\u015f hayat\u0131na dair deneyim payla\u015f\u0131m\u0131nda bulundu.<\/p><p>K\u00fctahya OSB yetkilileri taraf\u0131ndan yap\u0131lan de\u011ferlendirmede ise sanayi\u2013\u00fcniversite i\u015f birliklerinin gen\u00e7lerin kariyer geli\u015fiminde \u00f6nemli bir rol \u00fcstlendi\u011fi belirtilerek, \u00f6\u011frencilerin \u00fcretim d\u00fcnyas\u0131yla daha fazla temas kurmas\u0131n\u0131 sa\u011flayacak faaliyetlerin \u00f6n\u00fcm\u00fczdeki s\u00fcre\u00e7te de s\u00fcrd\u00fcr\u00fclece\u011fi ifade edildi.<\/p>\t\t\t\t\t\t\t\t<\/div>\n\t\t\t\t<\/div>\n\t\t\t\t\t<\/div>\n\t\t\t\t<\/div>\n\t\t\t\t<\/div>\n\t\t","protected":false},"excerpt":{"rendered":"<p>KAR\u0130YER BASAMAKLARI K\u00dcTAHYA OSB\u2019DE ANLATILDI K\u00fctahya Organize Sanayi B\u00f6lgesi ile K\u00fctahya Dumlup\u0131nar \u00dcniversitesi aras\u0131nda imzalanan sanayi\u2013\u00fcniversite i\u015f birli\u011fi protokol\u00fc kapsam\u0131nda ger\u00e7ekle\u015ftirilen e\u011fitim ve kariyer odakl\u0131 faaliyetler devam ediyor. \u00d6\u011frencilerin i\u015f d\u00fcnyas\u0131n\u0131 daha yak\u0131ndan tan\u0131malar\u0131, sekt\u00f6r temsilcileriyle bir araya gelmeleri ve kariyer planlamalar\u0131na katk\u0131 sa\u011flanmas\u0131 amac\u0131yla d\u00fczenlenen programlar kapsam\u0131nda \u00fcniversite \u00f6\u011frencileri, K\u00fctahya Organize Sanayi B\u00f6lgesi B\u00f6lge [&hellip;]<\/p>\n","protected":false},"author":1,"featured_media":0,"parent":0,"menu_order":0,"comment_status":"closed","ping_status":"closed","template":"elementor_header_footer","meta":{"_uag_custom_page_level_css":"","footnotes":""},"class_list":["post-7056","page","type-page","status-publish","hentry"],"uagb_featured_image_src":{"full":false,"thumbnail":false,"medium":false,"medium_large":false,"large":false,"1536x1536":false,"2048x2048":false,"consultio-large":false,"consultio-medium":false,"woocommerce_thumbnail":false,"woocommerce_single":false,"woocommerce_gallery_thumbnail":false,"quick_view_image_size":false},"uagb_author_info":{"display_name":"admin","author_link":"https:\/\/www.kutahyaosb.org.tr\/last\/home\/author\/admin\/"},"uagb_comment_info":0,"uagb_excerpt":"KAR\u0130YER BASAMAKLARI K\u00dcTAHYA OSB\u2019DE ANLATILDI K\u00fctahya Organize Sanayi B\u00f6lgesi ile K\u00fctahya Dumlup\u0131nar \u00dcniversitesi aras\u0131nda imzalanan sanayi\u2013\u00fcniversite i\u015f birli\u011fi protokol\u00fc kapsam\u0131nda ger\u00e7ekle\u015ftirilen e\u011fitim ve kariyer odakl\u0131 faaliyetler devam ediyor. \u00d6\u011frencilerin i\u015f d\u00fcnyas\u0131n\u0131 daha yak\u0131ndan tan\u0131malar\u0131, sekt\u00f6r temsilcileriyle bir araya gelmeleri ve kariyer planlamalar\u0131na katk\u0131 sa\u011flanmas\u0131 amac\u0131yla d\u00fczenlenen programlar kapsam\u0131nda \u00fcniversite \u00f6\u011frencileri, K\u00fctahya Organize Sanayi B\u00f6lgesi B\u00f6lge&hellip;","_links":{"self":[{"href":"https:\/\/www.kutahyaosb.org.tr\/last\/home\/wp-json\/wp\/v2\/pages\/7056","targetHints":{"allow":["GET"]}}],"collection":[{"href":"https:\/\/www.kutahyaosb.org.tr\/last\/home\/wp-json\/wp\/v2\/pages"}],"about":[{"href":"https:\/\/www.kutahyaosb.org.tr\/last\/home\/wp-json\/wp\/v2\/types\/page"}],"author":[{"embeddable":true,"href":"https:\/\/www.kutahyaosb.org.tr\/last\/home\/wp-json\/wp\/v2\/users\/1"}],"replies":[{"embeddable":true,"href":"https:\/\/www.kutahyaosb.org.tr\/last\/home\/wp-json\/wp\/v2\/comments?post=7056"}],"version-history":[{"count":4,"href":"https:\/\/www.kutahyaosb.org.tr\/last\/home\/wp-json\/wp\/v2\/pages\/7056\/revisions"}],"predecessor-version":[{"id":7071,"href":"https:\/\/www.kutahyaosb.org.tr\/last\/home\/wp-json\/wp\/v2\/pages\/7056\/revisions\/7071"}],"wp:attachment":[{"href":"https:\/\/www.kutahyaosb.org.tr\/last\/home\/wp-json\/wp\/v2\/media?parent=7056"}],"curies":[{"name":"wp","href":"https:\/\/api.w.org\/{rel}","templated":true}]}}